{"id":8362,"date":"2023-09-23T19:27:38","date_gmt":"2023-09-23T11:27:38","guid":{"rendered":"https:\/\/acenoxkitchenequipment.com\/?post_type=product&#038;p=8362"},"modified":"2023-09-29T22:38:54","modified_gmt":"2023-09-29T14:38:54","slug":"cake-display-cabinets","status":"publish","type":"product","link":"https:\/\/acenoxkitchenequipment.com\/pt\/produto\/cake-display-cabinets\/","title":{"rendered":"Expositor para bolo em a\u00e7o inoxid\u00e1vel"},"content":{"rendered":"<p><strong>Caracter\u00edsticas:<\/strong><\/p>\n<ul>\n<li>Os expositores para bolos podem ser feitos de diversos materiais, como vidro, madeira ou acr\u00edlico<\/li>\n<li>Como fabricante, temos mais de 5 anos produzindo experi\u00eancias em vitrines para bolos.<\/li>\n<li>vitrines refrigeradas para bolos e vitrines para bolos ambientais.<\/li>\n<li>Tamanho, cor e materiais personalizados do gabinete para torn\u00e1-lo adequado ao mercado local.<\/li>\n<\/ul>\n<p><strong>Como escolher uma vitrine para Pastelaria?<\/strong><\/p>\n<ol>\n<li><span data-preserver-spaces=\"true\">Em primeiro lugar, selecione a fun\u00e7\u00e3o correta para o alimento que voc\u00ea est\u00e1 exibindo. P\u00e3o, Sorvete, Sushi, Bolos, Sandu\u00edches ou sobremesa?<\/span><\/li>\n<\/ol>\n<p><span data-preserver-spaces=\"true\">\u00a0 \u00a0 \u00a0 2. Em uma divis\u00e3o simples, os expositores para bolos v\u00eam em dois tipos: resfriamento est\u00e1tico e resfriamento ventilado. N\u00e3o sugerimos forma de resfriamento est\u00e1tico. Embora seja barato, o resfriamento n\u00e3o \u00e9 uniforme. Os locais em contato com os tubos de resfriamento ficam mais frios, enquanto outras \u00e1reas ficam com altas temperaturas. Portanto, o resfriamento ventilado \u00e9 necess\u00e1rio.<\/span><\/p>\n<p><span data-preserver-spaces=\"true\">\u00a0 \u00a0 3. A unidade de refrigera\u00e7\u00e3o \u00e9 a parte cr\u00edtica. N\u00e3o se trata apenas da marca; a pot\u00eancia do compressor \u00e9 crucial.<\/span><\/p>\n<p>&nbsp;<\/p>\n<p>&nbsp;<\/p>\n<p>&nbsp;<\/p>\n<p>&nbsp;<\/p>\n<p>&nbsp;<\/p>\n<p>&nbsp;<\/p>\n<p>&nbsp;<\/p>","protected":false},"excerpt":{"rendered":"<p>O design exterior elegante deste expositor para bolo \u00e9 atualmente o estilo mais popular, configura\u00e7\u00e3o dur\u00e1vel, alto volume de exibi\u00e7\u00e3o, temperatura constante de 2 \u2103 ~ 8 \u2103<\/p>","protected":false},"featured_media":8375,"comment_status":"closed","ping_status":"closed","template":"","meta":{"_seopress_robots_primary_cat":"none","_seopress_titles_title":"Cake Display Cabinet %%sep%%Custom Design and Orders %%sep%%Acenox","_seopress_titles_desc":"Cake Display Cabinets can be made of different materials, such as glass, wooden or acrylic. As a manufacturer, we have 5+ years producing experiences of cake display cabinets.","_seopress_robots_index":""},"product_cat":[59],"product_tag":[215],"_links":{"self":[{"href":"https:\/\/acenoxkitchenequipment.com\/pt\/wp-json\/wp\/v2\/product\/8362"}],"collection":[{"href":"https:\/\/acenoxkitchenequipment.com\/pt\/wp-json\/wp\/v2\/product"}],"about":[{"href":"https:\/\/acenoxkitchenequipment.com\/pt\/wp-json\/wp\/v2\/types\/product"}],"replies":[{"embeddable":true,"href":"https:\/\/acenoxkitchenequipment.com\/pt\/wp-json\/wp\/v2\/comments?post=8362"}],"version-history":[{"count":0,"href":"https:\/\/acenoxkitchenequipment.com\/pt\/wp-json\/wp\/v2\/product\/8362\/revisions"}],"wp:featuredmedia":[{"embeddable":true,"href":"https:\/\/acenoxkitchenequipment.com\/pt\/wp-json\/wp\/v2\/media\/8375"}],"wp:attachment":[{"href":"https:\/\/acenoxkitchenequipment.com\/pt\/wp-json\/wp\/v2\/media?parent=8362"}],"wp:term":[{"taxonomy":"product_cat","embeddable":true,"href":"https:\/\/acenoxkitchenequipment.com\/pt\/wp-json\/wp\/v2\/product_cat?post=8362"},{"taxonomy":"product_tag","embeddable":true,"href":"https:\/\/acenoxkitchenequipment.com\/pt\/wp-json\/wp\/v2\/product_tag?post=8362"}],"curies":[{"name":"wp","href":"https:\/\/api.w.org\/{rel}","templated":true}]}}