{"id":8357,"date":"2023-09-07T21:50:11","date_gmt":"2023-09-07T13:50:11","guid":{"rendered":"https:\/\/acenoxkitchenequipment.com\/?post_type=product&#038;p=8357"},"modified":"2023-09-29T21:53:30","modified_gmt":"2023-09-29T13:53:30","slug":"small-cake-display-counter","status":"publish","type":"product","link":"https:\/\/acenoxkitchenequipment.com\/pt\/produto\/small-cake-display-counter\/","title":{"rendered":"Balc\u00e3o de exibi\u00e7\u00e3o de bolo pequeno"},"content":{"rendered":"<h4>balc\u00e3o de exibi\u00e7\u00e3o de bolo pequeno<\/h4>\n<p><strong>Caracter\u00edsticas:<\/strong><\/p>\n<p>O pre\u00e7o do balc\u00e3o de exibi\u00e7\u00e3o de bolo pequeno \u00e9 muito menor do que o de um balc\u00e3o de exibi\u00e7\u00e3o de bolo vertical.<\/p>\n<p>Tem um tamanho compacto, a utiliza\u00e7\u00e3o \u00e9 flex\u00edvel, restaurantes, hot\u00e9is, mercearias, caf\u00e9s, padarias, etc., que utilizam este pequeno balc\u00e3o expositor de bolos para expor alguns petiscos, ou sobremesas.<\/p>\n<p>Por ser pequeno, voc\u00ea pode mov\u00ea-lo quando quiser e coloc\u00e1-lo sobre o balc\u00e3o, onde fica a posi\u00e7\u00e3o de destaque para chamar mais aten\u00e7\u00e3o.<\/p>\n<p>Seu pre\u00e7o favor\u00e1vel torna a compra vi\u00e1vel para todos os propriet\u00e1rios de estabelecimentos.<\/p>\n<p>Entre em contato conosco para obter uma folha de cota\u00e7\u00e3o favor\u00e1vel e uma folha de especifica\u00e7\u00f5es deste balc\u00e3o de exibi\u00e7\u00e3o de grande venda.<\/p>\n<p>&nbsp;<\/p>\n<p>&nbsp;<\/p>\n<p>&nbsp;<\/p>\n<p>&nbsp;<\/p>\n<p>&nbsp;<\/p>\n<p>&nbsp;<\/p>","protected":false},"excerpt":{"rendered":"<p>O pre\u00e7o do balc\u00e3o de exibi\u00e7\u00e3o de bolo pequeno \u00e9 muito menor do que o de um balc\u00e3o de exibi\u00e7\u00e3o de bolo vertical.<\/p>\n<p>Tem um tamanho compacto, a utiliza\u00e7\u00e3o \u00e9 flex\u00edvel, restaurantes, hot\u00e9is, mercearias, caf\u00e9s, padarias, etc., que utilizam este pequeno balc\u00e3o expositor de bolos para expor alguns petiscos, ou sobremesas.<\/p>","protected":false},"featured_media":8348,"comment_status":"open","ping_status":"closed","template":"","meta":{"_seopress_robots_primary_cat":"none","_seopress_titles_title":"Small Cake Display Counter %%sep%% Make Bulk Orders With Acenox","_seopress_titles_desc":"","_seopress_robots_index":""},"product_cat":[59],"product_tag":[219],"_links":{"self":[{"href":"https:\/\/acenoxkitchenequipment.com\/pt\/wp-json\/wp\/v2\/product\/8357"}],"collection":[{"href":"https:\/\/acenoxkitchenequipment.com\/pt\/wp-json\/wp\/v2\/product"}],"about":[{"href":"https:\/\/acenoxkitchenequipment.com\/pt\/wp-json\/wp\/v2\/types\/product"}],"replies":[{"embeddable":true,"href":"https:\/\/acenoxkitchenequipment.com\/pt\/wp-json\/wp\/v2\/comments?post=8357"}],"version-history":[{"count":0,"href":"https:\/\/acenoxkitchenequipment.com\/pt\/wp-json\/wp\/v2\/product\/8357\/revisions"}],"wp:featuredmedia":[{"embeddable":true,"href":"https:\/\/acenoxkitchenequipment.com\/pt\/wp-json\/wp\/v2\/media\/8348"}],"wp:attachment":[{"href":"https:\/\/acenoxkitchenequipment.com\/pt\/wp-json\/wp\/v2\/media?parent=8357"}],"wp:term":[{"taxonomy":"product_cat","embeddable":true,"href":"https:\/\/acenoxkitchenequipment.com\/pt\/wp-json\/wp\/v2\/product_cat?post=8357"},{"taxonomy":"product_tag","embeddable":true,"href":"https:\/\/acenoxkitchenequipment.com\/pt\/wp-json\/wp\/v2\/product_tag?post=8357"}],"curies":[{"name":"wp","href":"https:\/\/api.w.org\/{rel}","templated":true}]}}