{"id":8347,"date":"2023-09-07T15:57:35","date_gmt":"2023-09-07T07:57:35","guid":{"rendered":"https:\/\/acenoxkitchenequipment.com\/?post_type=product&#038;p=8347"},"modified":"2023-09-29T22:40:09","modified_gmt":"2023-09-29T14:40:09","slug":"refrigerated-countertop-display","status":"publish","type":"product","link":"https:\/\/acenoxkitchenequipment.com\/pt\/produto\/refrigerated-countertop-display\/","title":{"rendered":"Display de bancada refrigerada"},"content":{"rendered":"<h3>Expositor de bancada refrigerado<\/h3>\n<p><strong>Caracter\u00edsticas:<\/strong><\/p>\n<p>O display de bancada refrigerado \u00e9 uma vitrine refrigerada de mesa.<\/p>\n<p>Costumamos cham\u00e1-lo de display de balc\u00e3o de delicatessen, que \u00e9 uma caixa refrigerada ou uma caixa de delicatessen quente. \u00c9 utilizado para expor uma variedade de alimentos frescos, principalmente alimentos pr\u00e9-cozidos, outros como sandu\u00edches, queijos, saladas, carnes, etc.<\/p>\n<p>Obviamente, tem um tamanho pequeno. Normalmente, ele \u00e9 colocado em um balc\u00e3o que fica no mesmo n\u00edvel da vis\u00e3o das pessoas. As pessoas podem v\u00ea-lo diretamente quando entram em estabelecimentos como caf\u00e9s, sobremesas, pastelarias, etc.<\/p>\n<ul>\n<li>Este tipo tem um pre\u00e7o mais competitivo<\/li>\n<li>O por\u00e3o \u00e9 feito de Plastic Master Batch, que \u00e9 um material de alta densidade e resist\u00eancia, mas de baixo custo.<\/li>\n<li>Vidros de dupla camada para isolar o calor externo<\/li>\n<li>Unidade de refrigera\u00e7\u00e3o poderosa, marca de compressor pode ser personalizada. Como nosso padr\u00e3o, geralmente usamos secop\/Embraco\/Donper<\/li>\n<li>Controle digital de temperatura<\/li>\n<\/ul>\n<p>&nbsp;<\/p>\n<p>&nbsp;<\/p>\n<p>&nbsp;<\/p>\n<p>&nbsp;<\/p>\n<p>&nbsp;<\/p>\n<p>&nbsp;<\/p>","protected":false},"excerpt":{"rendered":"<p>O display de bancada refrigerado \u00e9 uma vitrine refrigerada de mesa. Este tipo tem um pre\u00e7o mais competitivo; o por\u00e3o \u00e9 feito de Plastic Master Batch, que \u00e9 um material de alta densidade e resist\u00eancia, mas de baixo custo.<\/p>","protected":false},"featured_media":8353,"comment_status":"open","ping_status":"closed","template":"","meta":{"_seopress_robots_primary_cat":"none","_seopress_titles_title":"Refrigerated Countertop Display %%sep%% Manufacturer &amp; Supplier","_seopress_titles_desc":"It has a compact size, and the usage is flexible; restaurants, hotels, grocery stores, cafes, bakery shops, etc. use this small cake display counter to display some snacks or desserts.","_seopress_robots_index":""},"product_cat":[59],"product_tag":[222],"_links":{"self":[{"href":"https:\/\/acenoxkitchenequipment.com\/pt\/wp-json\/wp\/v2\/product\/8347"}],"collection":[{"href":"https:\/\/acenoxkitchenequipment.com\/pt\/wp-json\/wp\/v2\/product"}],"about":[{"href":"https:\/\/acenoxkitchenequipment.com\/pt\/wp-json\/wp\/v2\/types\/product"}],"replies":[{"embeddable":true,"href":"https:\/\/acenoxkitchenequipment.com\/pt\/wp-json\/wp\/v2\/comments?post=8347"}],"version-history":[{"count":0,"href":"https:\/\/acenoxkitchenequipment.com\/pt\/wp-json\/wp\/v2\/product\/8347\/revisions"}],"wp:featuredmedia":[{"embeddable":true,"href":"https:\/\/acenoxkitchenequipment.com\/pt\/wp-json\/wp\/v2\/media\/8353"}],"wp:attachment":[{"href":"https:\/\/acenoxkitchenequipment.com\/pt\/wp-json\/wp\/v2\/media?parent=8347"}],"wp:term":[{"taxonomy":"product_cat","embeddable":true,"href":"https:\/\/acenoxkitchenequipment.com\/pt\/wp-json\/wp\/v2\/product_cat?post=8347"},{"taxonomy":"product_tag","embeddable":true,"href":"https:\/\/acenoxkitchenequipment.com\/pt\/wp-json\/wp\/v2\/product_tag?post=8347"}],"curies":[{"name":"wp","href":"https:\/\/api.w.org\/{rel}","templated":true}]}}