{"id":8312,"date":"2023-08-30T09:56:15","date_gmt":"2023-08-30T01:56:15","guid":{"rendered":"https:\/\/acenoxkitchenequipment.com\/?post_type=product&#038;p=8312"},"modified":"2023-09-30T12:02:29","modified_gmt":"2023-09-30T04:02:29","slug":"commercial-drinks-fridge","status":"publish","type":"product","link":"https:\/\/acenoxkitchenequipment.com\/pt\/produto\/commercial-drinks-fridge\/","title":{"rendered":"Geladeira Comercial para Bebidas"},"content":{"rendered":"<h3>Geladeira comercial para bebidas<\/h3>\n<p>este \u00e9 um refrigerador de bebidas de porta \u00fanica para uso comercial, porta articulada de vidro com vidros antiemba\u00e7antes de duas camadas.<\/p>\n<p><strong>Caracter\u00edsticas:<\/strong><\/p>\n<ul>\n<li>Tamanho: 745 mm \u00d7 700 mm \u00d7 2100 mm<\/li>\n<li>Materiais: a\u00e7o revestido<\/li>\n<li>Portas: lacadas em liga de alum\u00ednio<\/li>\n<li>Espessura da espuma: 45mm<\/li>\n<li>Parte superior: caixa de l\u00e2mpada<\/li>\n<li>Parte inferior: coloca\u00e7\u00e3o de unidades de refrigera\u00e7\u00e3o como compressor e condensado<\/li>\n<li>Interior: prateleiras de a\u00e7o revestidas de pl\u00e1stico, resistentes, dur\u00e1veis e com altura ajust\u00e1vel; faixa de luzes LED de alta qualidade est\u00e1 inclu\u00edda<\/li>\n<li>\u00d3culos: vidros temperados de qualidade superior<\/li>\n<li>Aviso: Ambiente aplic\u00e1vel: Temperatura ambiente abaixo de 32 \u2103<\/li>\n<\/ul>\n<p>&nbsp;<\/p>","protected":false},"excerpt":{"rendered":"<p>Resfriamento ventilado; Porta de vidro \u00fanico, marca de compressor personalizada e design de apar\u00eancia personalizada para refrigerador de bebidas comerciais no atacado<\/p>","protected":false},"featured_media":8313,"comment_status":"open","ping_status":"closed","template":"","meta":{"_seopress_robots_primary_cat":"none","_seopress_titles_title":"Commercial Drinks Fridge%%sep%%beverage fridge%%sep%%Acenox Manufacturing","_seopress_titles_desc":"single door Commercial Drinks Fridge, glass hinged door with two layer non-fogging glasses.Size: 745mm\u00d7700mm\u00d72100mm","_seopress_robots_index":""},"product_cat":[60],"product_tag":[214],"_links":{"self":[{"href":"https:\/\/acenoxkitchenequipment.com\/pt\/wp-json\/wp\/v2\/product\/8312"}],"collection":[{"href":"https:\/\/acenoxkitchenequipment.com\/pt\/wp-json\/wp\/v2\/product"}],"about":[{"href":"https:\/\/acenoxkitchenequipment.com\/pt\/wp-json\/wp\/v2\/types\/product"}],"replies":[{"embeddable":true,"href":"https:\/\/acenoxkitchenequipment.com\/pt\/wp-json\/wp\/v2\/comments?post=8312"}],"version-history":[{"count":0,"href":"https:\/\/acenoxkitchenequipment.com\/pt\/wp-json\/wp\/v2\/product\/8312\/revisions"}],"wp:featuredmedia":[{"embeddable":true,"href":"https:\/\/acenoxkitchenequipment.com\/pt\/wp-json\/wp\/v2\/media\/8313"}],"wp:attachment":[{"href":"https:\/\/acenoxkitchenequipment.com\/pt\/wp-json\/wp\/v2\/media?parent=8312"}],"wp:term":[{"taxonomy":"product_cat","embeddable":true,"href":"https:\/\/acenoxkitchenequipment.com\/pt\/wp-json\/wp\/v2\/product_cat?post=8312"},{"taxonomy":"product_tag","embeddable":true,"href":"https:\/\/acenoxkitchenequipment.com\/pt\/wp-json\/wp\/v2\/product_tag?post=8312"}],"curies":[{"name":"wp","href":"https:\/\/api.w.org\/{rel}","templated":true}]}}