{"id":8248,"date":"2023-08-24T20:21:10","date_gmt":"2023-08-24T12:21:10","guid":{"rendered":"https:\/\/acenoxkitchenequipment.com\/?post_type=product&#038;p=8248"},"modified":"2024-02-29T21:02:00","modified_gmt":"2024-02-29T13:02:00","slug":"mini-ice-cream-freezer","status":"publish","type":"product","link":"https:\/\/acenoxkitchenequipment.com\/pt\/produto\/mini-ice-cream-freezer\/","title":{"rendered":"Mini congelador de sorvete"},"content":{"rendered":"<h2>Mini congelador de sorvete<\/h2>\n<p>Geladeira ideal para pequenas lojas ou lojas de conveni\u00eancia, pode ser colocada no balc\u00e3o antes do check-out do cliente, o que atrair\u00e1 clientes para comprar principalmente no ver\u00e3o.<\/p>\n<p>\u00c9 um freezer de bancada com pequeno volume, f\u00e1cil de movimentar e colocar em diversos lugares.<\/p>\n<p><strong>Caracter\u00edsticas:<\/strong><\/p>\n<p>\u25a0<strong> Tamanho:<\/strong> 670 mm (C) \u00d7 750 mm (P) \u00d7 360 mm (A)<\/p>\n<p>\u25a0<strong> Copos:<\/strong> Portas de vidro suspensas, fio de aquecimento el\u00e9trico, sem emba\u00e7amento<\/p>\n<p>\u25a0<strong> Boa propriedade de isolamento: <\/strong>espuma de ciclopentano, ecol\u00f3gica.<\/p>\n<p>\u25a0<strong> Refrigera\u00e7\u00e3o:<\/strong> Est\u00e1tico, refrigerante R290, condensado completamente cuperoso e evaporador.<\/p>\n<p>\u25a0<strong>Temperatura:<\/strong> -22\u2103 ~ -16\u2103<\/p>\n<p>\u25a0<strong> Descongelamento Autom\u00e1tico: <\/strong>Descongelamento de ciclo reverso<\/p>\n<p>\u25a0 <strong>Panelas:<\/strong> vem com 3 unidades de panelas GN 1\/3 ou caixas de acr\u00edlico para escolha<\/p>\n<p>\u25a0 <strong>Luzes LED:<\/strong> Tiras de luz LED de boa qualidade para iluminar o Gelato de forma excelente<\/p>\n<p><span class=\"___SText_t9cd5-ko_\" data-ui-name=\"Link.Text\">\u25a0 <strong>Pre\u00e7o do mini freezer de sorvete: 600usd ~ 700usd\/pcs<\/strong><\/span><\/p>\n<p>Aceitamos design de imagem de apar\u00eancia personalizada<\/p>\n<figure id=\"attachment_8461\" aria-describedby=\"caption-attachment-8461\" style=\"width: 590px\" class=\"wp-caption alignnone\"><img fetchpriority=\"high\" decoding=\"async\" class=\"wp-image-8461\" src=\"https:\/\/acenoxkitchenequipment.com\/wp-content\/uploads\/2023\/08\/ice-cream-freezer-manufacturer.jpg\" alt=\"mini ice cream freezer\" width=\"590\" height=\"458\" srcset=\"https:\/\/acenoxkitchenequipment.com\/wp-content\/uploads\/2023\/08\/ice-cream-freezer-manufacturer.jpg 900w, https:\/\/acenoxkitchenequipment.com\/wp-content\/uploads\/2023\/08\/ice-cream-freezer-manufacturer-300x233.jpg 300w, https:\/\/acenoxkitchenequipment.com\/wp-content\/uploads\/2023\/08\/ice-cream-freezer-manufacturer-768x596.jpg 768w, https:\/\/acenoxkitchenequipment.com\/wp-content\/uploads\/2023\/08\/ice-cream-freezer-manufacturer-600x466.jpg 600w\" sizes=\"(max-width: 590px) 100vw, 590px\" \/><figcaption id=\"caption-attachment-8461\" class=\"wp-caption-text\">fabricante de freezer de sorvete<\/figcaption><\/figure>\n<figure id=\"attachment_8460\" aria-describedby=\"caption-attachment-8460\" style=\"width: 591px\" class=\"wp-caption alignnone\"><img decoding=\"async\" class=\"wp-image-8460\" src=\"https:\/\/acenoxkitchenequipment.com\/wp-content\/uploads\/2023\/08\/mini-ice-cream-freezer-supplier.jpg\" alt=\"mini ice cream freezer\" width=\"591\" height=\"789\" srcset=\"https:\/\/acenoxkitchenequipment.com\/wp-content\/uploads\/2023\/08\/mini-ice-cream-freezer-supplier.jpg 800w, https:\/\/acenoxkitchenequipment.com\/wp-content\/uploads\/2023\/08\/mini-ice-cream-freezer-supplier-225x300.jpg 225w, https:\/\/acenoxkitchenequipment.com\/wp-content\/uploads\/2023\/08\/mini-ice-cream-freezer-supplier-768x1024.jpg 768w, https:\/\/acenoxkitchenequipment.com\/wp-content\/uploads\/2023\/08\/mini-ice-cream-freezer-supplier-600x800.jpg 600w\" sizes=\"(max-width: 591px) 100vw, 591px\" \/><figcaption id=\"caption-attachment-8460\" class=\"wp-caption-text\">fornecedor de mini freezer de sorvete<\/figcaption><\/figure>\n<p>&nbsp;<\/p>\n<p>&nbsp;<\/p>\n<p>&nbsp;<\/p>\n<p>&nbsp;<\/p>","protected":false},"excerpt":{"rendered":"<p>mini freezer de sorvete, o freezer expositor de sorvete \u00e9 composto por diversas partes: vidros, isolamento, sistema de refrigera\u00e7\u00e3o, controlador de temperatura, luzes, etc. <span class=\"___SText_t9cd5-ko_\" data-ui-name=\"Link.Text\">pre\u00e7o do mini freezer de sorvete em torno de 600usd ~ 650usd<\/span><\/p>","protected":false},"featured_media":8249,"comment_status":"open","ping_status":"closed","template":"","meta":{"_seopress_robots_primary_cat":"none","_seopress_titles_title":"Mini Ice Cream Freezer%%sep%%Mini Freezer Ice Cream Supplies","_seopress_titles_desc":"An Ideal mini ice cream display freezer for convenience stores, it could be placed on the counter before customers check out, temperature: -22\u2103 ~ -16\u2103","_seopress_robots_index":""},"product_cat":[142],"product_tag":[232],"_links":{"self":[{"href":"https:\/\/acenoxkitchenequipment.com\/pt\/wp-json\/wp\/v2\/product\/8248"}],"collection":[{"href":"https:\/\/acenoxkitchenequipment.com\/pt\/wp-json\/wp\/v2\/product"}],"about":[{"href":"https:\/\/acenoxkitchenequipment.com\/pt\/wp-json\/wp\/v2\/types\/product"}],"replies":[{"embeddable":true,"href":"https:\/\/acenoxkitchenequipment.com\/pt\/wp-json\/wp\/v2\/comments?post=8248"}],"version-history":[{"count":0,"href":"https:\/\/acenoxkitchenequipment.com\/pt\/wp-json\/wp\/v2\/product\/8248\/revisions"}],"wp:featuredmedia":[{"embeddable":true,"href":"https:\/\/acenoxkitchenequipment.com\/pt\/wp-json\/wp\/v2\/media\/8249"}],"wp:attachment":[{"href":"https:\/\/acenoxkitchenequipment.com\/pt\/wp-json\/wp\/v2\/media?parent=8248"}],"wp:term":[{"taxonomy":"product_cat","embeddable":true,"href":"https:\/\/acenoxkitchenequipment.com\/pt\/wp-json\/wp\/v2\/product_cat?post=8248"},{"taxonomy":"product_tag","embeddable":true,"href":"https:\/\/acenoxkitchenequipment.com\/pt\/wp-json\/wp\/v2\/product_tag?post=8248"}],"curies":[{"name":"wp","href":"https:\/\/api.w.org\/{rel}","templated":true}]}}