{"id":7490,"date":"2023-08-03T20:06:29","date_gmt":"2023-08-03T12:06:29","guid":{"rendered":"https:\/\/acenoxkitchenequipment.com\/?post_type=product&#038;p=7490"},"modified":"2023-10-16T16:02:07","modified_gmt":"2023-10-16T08:02:07","slug":"4-side-glass-chiller","status":"publish","type":"product","link":"https:\/\/acenoxkitchenequipment.com\/pt\/produto\/4-side-glass-chiller\/","title":{"rendered":"Refrigerador de vidro de 4 lados"},"content":{"rendered":"<h3>Refrigerador de vidro de 4 lados<\/h3>\n<p>Possui vidros de 4 lados, camadas duplas e antiemba\u00e7amento<br \/>\nOs refrigeradores com display de vidro t\u00eam uma apar\u00eancia mais atraente para exibir bebidas, cervejas, coco cola e todos os tipos de bebidas.<\/p>\n<p><strong>Caracter\u00edsticas:<\/strong><\/p>\n<ul>\n<li>220V\/50Hz, +2\u2103~+8\u2103<\/li>\n<li>2 ou 4 luzes LED verticais para iluminar os comerciantes<\/li>\n<li>Vidros transparentes antiemba\u00e7antes, vidros temperados<\/li>\n<li>Resfriamento ventilado<\/li>\n<li>Descongelamento autom\u00e1tico<\/li>\n<li>Visor de termostato digital<\/li>\n<li>Portas com fechamento autom\u00e1tico<\/li>\n<li>Prateleiras cromadas ou prateleiras de pl\u00e1stico para op\u00e7\u00f5es<\/li>\n<\/ul>\n<p>Aplica\u00e7\u00e3o: temperatura\u226432\u2103, umidade abaixo de 65%<\/p>\n<h3>Informa\u00e7\u00e3o t\u00e9cnica<\/h3>\n<p>&nbsp;<\/p>","protected":false},"excerpt":{"rendered":"<p>Possui vidros de 4 lados, camadas duplas e antiemba\u00e7amento<br \/>\nOs refrigeradores com display de vidro t\u00eam uma apar\u00eancia mais atraente para exibir bebidas, cervejas, coco cola e todos os tipos de bebidas.<\/p>","protected":false},"featured_media":7667,"comment_status":"open","ping_status":"closed","template":"","meta":{"_seopress_robots_primary_cat":"none","_seopress_titles_title":"4 Side Glass Chiller %%sep%%Glass Door Display Chiller %%sep%%Acenox","_seopress_titles_desc":"","_seopress_robots_index":""},"product_cat":[60],"product_tag":[135],"_links":{"self":[{"href":"https:\/\/acenoxkitchenequipment.com\/pt\/wp-json\/wp\/v2\/product\/7490"}],"collection":[{"href":"https:\/\/acenoxkitchenequipment.com\/pt\/wp-json\/wp\/v2\/product"}],"about":[{"href":"https:\/\/acenoxkitchenequipment.com\/pt\/wp-json\/wp\/v2\/types\/product"}],"replies":[{"embeddable":true,"href":"https:\/\/acenoxkitchenequipment.com\/pt\/wp-json\/wp\/v2\/comments?post=7490"}],"version-history":[{"count":0,"href":"https:\/\/acenoxkitchenequipment.com\/pt\/wp-json\/wp\/v2\/product\/7490\/revisions"}],"wp:featuredmedia":[{"embeddable":true,"href":"https:\/\/acenoxkitchenequipment.com\/pt\/wp-json\/wp\/v2\/media\/7667"}],"wp:attachment":[{"href":"https:\/\/acenoxkitchenequipment.com\/pt\/wp-json\/wp\/v2\/media?parent=7490"}],"wp:term":[{"taxonomy":"product_cat","embeddable":true,"href":"https:\/\/acenoxkitchenequipment.com\/pt\/wp-json\/wp\/v2\/product_cat?post=7490"},{"taxonomy":"product_tag","embeddable":true,"href":"https:\/\/acenoxkitchenequipment.com\/pt\/wp-json\/wp\/v2\/product_tag?post=7490"}],"curies":[{"name":"wp","href":"https:\/\/api.w.org\/{rel}","templated":true}]}}