{"id":6855,"date":"2023-07-10T16:44:30","date_gmt":"2023-07-10T08:44:30","guid":{"rendered":"https:\/\/acenoxkitchenequipment.com\/?post_type=product&#038;p=6855"},"modified":"2024-03-10T00:05:01","modified_gmt":"2024-03-09T16:05:01","slug":"glass-display-freezer","status":"publish","type":"product","link":"https:\/\/acenoxkitchenequipment.com\/pt\/produto\/glass-display-freezer\/","title":{"rendered":"Display Freezer 2 Portas"},"content":{"rendered":"<h3>Exibir congelador<\/h3>\n<p>O freezer expositor \u00e9 usado para exibir uma variedade de produtos congelados, como doces, carnes, frutos do mar e outros alimentos que precisam ser armazenados em baixas temperaturas.<\/p>\n<p>Um freezer vertical com porta de vidro \u00e9 um tipo de equipamento de refrigera\u00e7\u00e3o comercial comumente usado em supermercados, lojas de conveni\u00eancia, supermercados e outros ambientes de varejo.<\/p>\n<p>\u25a0 Vidros: Vidros temperados de tr\u00eas camadas, fio de aquecimento para evitar emba\u00e7amento, portas com fechamento autom\u00e1tico<\/p>\n<p>\u25a0 Boa propriedade de isolamento: espuma de ciclopentano, ecologicamente correta.<\/p>\n<p>Utilizamos moldes para forma\u00e7\u00e3o de espuma, que \u00e9 feito automaticamente em um processo \u00fanico, sem opera\u00e7\u00e3o manual. Isto garante um melhor desempenho de isolamento.<\/p>\n<p>\u25a0 220V\/50Hz; 110V\/60Hz<\/p>\n<p>\u25a0 Compressor Ventilado, Donper ou Scope, R290\/R404a<\/p>\n<p>\u25a0 Descongelamento Autom\u00e1tico<\/p>\n<p>\u25a0 Condensado e evaporador totalmente cuperosos<\/p>\n<p>\u25a0 Controlador de temperatura de marca ou marca italiana, -18\u2103~-22\u2103.<\/p>\n<p>\u25a0 Estrutura e portas em liga de alum\u00ednio<\/p>\n<p>\u25a0 Prateleiras internas com revestimento de PVC de quatro camadas<\/p>\n<p>\u25a0 Rodas universais em TPR, duas com freios.<\/p>\n<p>\u25a0 Cada porta possui faixas de luz LED verticais de boa qualidade para iluminar a mercadoria de forma excelente<\/p>\n<p>\u25a0 Por\u00e3o de a\u00e7o revestido, custo econ\u00f4mico, mas qualidade dur\u00e1vel.<\/p>\n<p>Op\u00e7\u00f5es personaliz\u00e1veis:1. Cor 2. Marca do compressor 3. \u00f3culos de fio de aquecimento<\/p>\n<h3>Informa\u00e7\u00e3o t\u00e9cnica<\/h3>\n<p>&nbsp;<\/p>","protected":false},"excerpt":{"rendered":"<p>O freezer expositor \u00e9 usado para exibir uma variedade de produtos congelados, como doces, carnes, frutos do mar e outros alimentos que precisam ser armazenados em baixas temperaturas.<\/p>","protected":false},"featured_media":9056,"comment_status":"open","ping_status":"closed","template":"","meta":{"_seopress_robots_primary_cat":"none","_seopress_titles_title":"Display Freezer Manufacturer %%sep%%2 Doors and 3 Doors","_seopress_titles_desc":"The display freezer is used to showcase a variety of frozen goods such as pastries, meat, seafood, and other food that need to be stored at low temperatures -18\u2103~-22\u2103.","_seopress_robots_index":""},"product_cat":[60],"product_tag":[271],"_links":{"self":[{"href":"https:\/\/acenoxkitchenequipment.com\/pt\/wp-json\/wp\/v2\/product\/6855"}],"collection":[{"href":"https:\/\/acenoxkitchenequipment.com\/pt\/wp-json\/wp\/v2\/product"}],"about":[{"href":"https:\/\/acenoxkitchenequipment.com\/pt\/wp-json\/wp\/v2\/types\/product"}],"replies":[{"embeddable":true,"href":"https:\/\/acenoxkitchenequipment.com\/pt\/wp-json\/wp\/v2\/comments?post=6855"}],"version-history":[{"count":0,"href":"https:\/\/acenoxkitchenequipment.com\/pt\/wp-json\/wp\/v2\/product\/6855\/revisions"}],"wp:featuredmedia":[{"embeddable":true,"href":"https:\/\/acenoxkitchenequipment.com\/pt\/wp-json\/wp\/v2\/media\/9056"}],"wp:attachment":[{"href":"https:\/\/acenoxkitchenequipment.com\/pt\/wp-json\/wp\/v2\/media?parent=6855"}],"wp:term":[{"taxonomy":"product_cat","embeddable":true,"href":"https:\/\/acenoxkitchenequipment.com\/pt\/wp-json\/wp\/v2\/product_cat?post=6855"},{"taxonomy":"product_tag","embeddable":true,"href":"https:\/\/acenoxkitchenequipment.com\/pt\/wp-json\/wp\/v2\/product_tag?post=6855"}],"curies":[{"name":"wp","href":"https:\/\/api.w.org\/{rel}","templated":true}]}}