{"id":6844,"date":"2023-07-05T18:58:02","date_gmt":"2023-07-05T10:58:02","guid":{"rendered":"https:\/\/acenoxkitchenequipment.com\/?post_type=product&#038;p=6844"},"modified":"2023-10-16T16:30:31","modified_gmt":"2023-10-16T08:30:31","slug":"cake-display-cabinet","status":"publish","type":"product","link":"https:\/\/acenoxkitchenequipment.com\/pt\/produto\/cake-display-cabinet\/","title":{"rendered":"Vidros curvos para vitrine de bolo"},"content":{"rendered":"<p><strong>Caracter\u00edsticas:<\/strong><\/p>\n<ul>\n<li>Como fabricante, podemos produzir vitrines refrigeradas para bolos e vitrines para bolos ambiente.<\/li>\n<li>Tamanho, cor e materiais personalizados do gabinete para torn\u00e1-lo adequado ao mercado local.<\/li>\n<li>Por exemplo, podemos usar a\u00e7o 201 de cor dourada, a\u00e7o 304 de cor dourada para fazer o corpo da vitrine de bolo. Cada parte pode ser personalizada. Tamb\u00e9m ofereceremos aconselhamento profissional de acordo com nossa experi\u00eancia passada.<\/li>\n<li>A vitrine de acr\u00edlico para bolos \u00e9 outro tipo popular.<\/li>\n<li>Uma vitrine para bolos em a\u00e7o revestido \u00e9 outra op\u00e7\u00e3o econ\u00f4mica.<\/li>\n<\/ul>\n<ol>\n<li><strong>Compressor:<\/strong> Compressor Embraco ou compressor Donper para escolha<\/li>\n<li><strong>Refrigerante:<\/strong> R134a\/R290<\/li>\n<li><strong>Controle de temperatura:<\/strong> Marca It\u00e1lia Dixell ou Carel<\/li>\n<li><strong>Por\u00e3o:<\/strong> Por\u00e3o em a\u00e7o inox 430 com espuma de ciclopentano integral no interior do por\u00e3o, com boa veda\u00e7\u00e3o, pode manter o ar frio dentro do cabiente, reduzindo a perda de energia.<\/li>\n<li><strong>Copos:<\/strong> Vidros de baixa emissividade com desemba\u00e7amento autom\u00e1tico avan\u00e7ado, temperado oco de camada dupla<\/li>\n<li><strong>Outros:<\/strong> Condensado e evaporador completamente cuperos<\/li>\n<li><strong>Prateleiras:<\/strong> Tr\u00eas prateleiras totalmente em a\u00e7o inoxid\u00e1vel + alum\u00ednio, capacidade de carga acima de 30kg\/camada<\/li>\n<li><strong>Portas:<\/strong> Duas portas de vidro deslizantes antiemba\u00e7antes com boa propriedade de veda\u00e7\u00e3o, fio de aquecimento<\/li>\n<li><strong>Luzes:<\/strong> Luz LED branca quente ou fria para escolha<\/li>\n<li><strong>Rod\u00edzios: <\/strong>4\u00d7Rodas girat\u00f3rias inclu\u00eddas<\/li>\n<\/ol>\n<p>&nbsp;<\/p>\n<p>Aviso: Ambiente aplic\u00e1vel: Temperatura ambiente abaixo de 32 \u2103<\/p>\n<p>&nbsp;<\/p>\n<p>&nbsp;<\/p>\n<p>&nbsp;<\/p>\n<p>&nbsp;<\/p>\n<p>&nbsp;<\/p>\n<p>&nbsp;<\/p>","protected":false},"excerpt":{"rendered":"<p>O design exterior elegante deste display refrigerado para bolo \u00e9 atualmente o estilo mais popular, configura\u00e7\u00e3o dur\u00e1vel, alto volume de exibi\u00e7\u00e3o, temperatura constante de 2 \u2103 ~ 8 \u2103<\/p>","protected":false},"featured_media":8342,"comment_status":"closed","ping_status":"closed","template":"","meta":{"_seopress_robots_primary_cat":"none","_seopress_titles_title":"Cake Display Cabinet %%sep%%Bulk Orders From Factory %%sep%%Acenox","_seopress_titles_desc":"we can use golden color 201 steel\uff0cgolden color 304 steel to make the body of the cake display cabinet. Every part could be customized. ","_seopress_robots_index":""},"product_cat":[59],"product_tag":[215],"_links":{"self":[{"href":"https:\/\/acenoxkitchenequipment.com\/pt\/wp-json\/wp\/v2\/product\/6844"}],"collection":[{"href":"https:\/\/acenoxkitchenequipment.com\/pt\/wp-json\/wp\/v2\/product"}],"about":[{"href":"https:\/\/acenoxkitchenequipment.com\/pt\/wp-json\/wp\/v2\/types\/product"}],"replies":[{"embeddable":true,"href":"https:\/\/acenoxkitchenequipment.com\/pt\/wp-json\/wp\/v2\/comments?post=6844"}],"version-history":[{"count":0,"href":"https:\/\/acenoxkitchenequipment.com\/pt\/wp-json\/wp\/v2\/product\/6844\/revisions"}],"wp:featuredmedia":[{"embeddable":true,"href":"https:\/\/acenoxkitchenequipment.com\/pt\/wp-json\/wp\/v2\/media\/8342"}],"wp:attachment":[{"href":"https:\/\/acenoxkitchenequipment.com\/pt\/wp-json\/wp\/v2\/media?parent=6844"}],"wp:term":[{"taxonomy":"product_cat","embeddable":true,"href":"https:\/\/acenoxkitchenequipment.com\/pt\/wp-json\/wp\/v2\/product_cat?post=6844"},{"taxonomy":"product_tag","embeddable":true,"href":"https:\/\/acenoxkitchenequipment.com\/pt\/wp-json\/wp\/v2\/product_tag?post=6844"}],"curies":[{"name":"wp","href":"https:\/\/api.w.org\/{rel}","templated":true}]}}