{"id":6785,"date":"2023-07-04T10:34:14","date_gmt":"2023-07-04T02:34:14","guid":{"rendered":"https:\/\/acenoxkitchenequipment.com\/?post_type=product&#038;p=6785"},"modified":"2024-03-08T17:49:05","modified_gmt":"2024-03-08T09:49:05","slug":"commercial-glass-door-refrigerator","status":"publish","type":"product","link":"https:\/\/acenoxkitchenequipment.com\/pt\/produto\/commercial-glass-door-refrigerator\/","title":{"rendered":"Geladeira comercial com porta de vidro"},"content":{"rendered":"<h3>Caracter\u00edsticas do refrigerador comercial com porta de vidro:<\/h3>\n<p>O refrigerador comercial com 3 portas de vidro possui grande capacidade de armazenamento. \u00c9 amplamente utilizado em lojas de vinho, cervejarias, supermercados, etc.<\/p>\n<p>Vamos descobrir as vantagens deste refrigerador comercial de 3 portas com porta de vidro:<\/p>\n<ul>\n<li><strong>Grande capacidade:\u00a0<\/strong><\/li>\n<\/ul>\n<p>1450L, cinco camadas de prateleiras revestidas de cromo, s\u00e3o resistentes e podem ser abastecidas com grandes quantidades de cerveja, bebidas e \u00e1gua.<\/p>\n<ul>\n<li><strong>Vidros grossos e transparentes:\u00a0<\/strong><\/li>\n<\/ul>\n<p>Usamos vidros muito grossos e resistentes, que tamb\u00e9m apresentam uma vis\u00e3o altamente n\u00edtida. Os vidros de dupla camada proporcionam alto desempenho de isolamento, economizando energia de forma eficaz.<\/p>\n<ul>\n<li><strong>Compressor bem conhecido:\u00a0<\/strong><\/li>\n<\/ul>\n<p>Donper Compressor, a famosa marca de compressores com qualidade dur\u00e1vel e refrigerante ecol\u00f3gico R290<\/p>\n<ul>\n<li><strong>Resfriamento ventilado<\/strong><\/li>\n<\/ul>\n<p>A circula\u00e7\u00e3o ativa ajuda a manter uma temperatura consistente em todo o espa\u00e7o de resfriamento, garantindo um resfriamento uniforme e minimizando gradientes de temperatura.<\/p>\n<ul>\n<li><strong>Caixa de l\u00e2mpada atraente na parte superior:<\/strong><\/li>\n<\/ul>\n<p>Fornecemos publicidade personalizada impressa na caixa superior da l\u00e2mpada, o que \u00e9 impressionante e atraente. As unidades de refrigera\u00e7\u00e3o ficam na parte superior, atr\u00e1s da caixa da l\u00e2mpada.<\/p>\n<ul>\n<li><strong>Isolamento super grosso:<\/strong><\/li>\n<\/ul>\n<p>O refrigerador possui uma espuma de isolamento de 7,5 cm, que pode fornecer boas propriedades de isolamento.<\/p>\n<ul>\n<li><strong>Controlador digital de temperatura:\u00a0<\/strong><\/li>\n<\/ul>\n<p>F\u00e1cil de ajustar a temperatura<\/p>\n<ul>\n<li><strong>Rodas resistentes:\u00a0<\/strong><\/li>\n<\/ul>\n<p>Rodas universais com freios, voc\u00ea pode colocar a geladeira no local certo sem obst\u00e1culos.<\/p>\n<p>&nbsp;<\/p>\n<p>Temos mais de uma d\u00e9cada de experi\u00eancia na produ\u00e7\u00e3o de refrigeradores comerciais de vidro. As excelentes caracter\u00edsticas acima mencionadas garantem a qualidade dos nossos frigor\u00edficos. No entanto, para entrar no mercado internacional, oferecemos pre\u00e7os altamente competitivos. N\u00e3o hesite em contactar-nos para obter as informa\u00e7\u00f5es mais recentes sobre pre\u00e7os.<\/p>\n<p>&nbsp;<\/p>\n<p>&nbsp;<\/p>","protected":false},"excerpt":{"rendered":"<p>O design simples, mas elegante deste refrigerador com porta de vidro \u00fanica \u00e9 popular em muitos pa\u00edses, como Europa, Austr\u00e1lia e Mal\u00e1sia, etc. Ele \u00e9 usado para exibir bebidas geladas, cerveja, etc. adesivo publicit\u00e1rio com logotipo pode ser impresso para colocar em cima da geladeira<\/p>","protected":false},"featured_media":9022,"comment_status":"open","ping_status":"closed","template":"","meta":{"_seopress_robots_primary_cat":"none","_seopress_titles_title":"Commercial Glass Door Refrigerators From Reliable Factory","_seopress_titles_desc":"We are offering highly competitive prices of 2 doors and 3 doors Commercial Glass Door Refrigerators, digital temperature control: +2\u2103~+8\u2103\uff1bVentilated cooling","_seopress_robots_index":""},"product_cat":[60],"product_tag":[179],"_links":{"self":[{"href":"https:\/\/acenoxkitchenequipment.com\/pt\/wp-json\/wp\/v2\/product\/6785"}],"collection":[{"href":"https:\/\/acenoxkitchenequipment.com\/pt\/wp-json\/wp\/v2\/product"}],"about":[{"href":"https:\/\/acenoxkitchenequipment.com\/pt\/wp-json\/wp\/v2\/types\/product"}],"replies":[{"embeddable":true,"href":"https:\/\/acenoxkitchenequipment.com\/pt\/wp-json\/wp\/v2\/comments?post=6785"}],"version-history":[{"count":0,"href":"https:\/\/acenoxkitchenequipment.com\/pt\/wp-json\/wp\/v2\/product\/6785\/revisions"}],"wp:featuredmedia":[{"embeddable":true,"href":"https:\/\/acenoxkitchenequipment.com\/pt\/wp-json\/wp\/v2\/media\/9022"}],"wp:attachment":[{"href":"https:\/\/acenoxkitchenequipment.com\/pt\/wp-json\/wp\/v2\/media?parent=6785"}],"wp:term":[{"taxonomy":"product_cat","embeddable":true,"href":"https:\/\/acenoxkitchenequipment.com\/pt\/wp-json\/wp\/v2\/product_cat?post=6785"},{"taxonomy":"product_tag","embeddable":true,"href":"https:\/\/acenoxkitchenequipment.com\/pt\/wp-json\/wp\/v2\/product_tag?post=6785"}],"curies":[{"name":"wp","href":"https:\/\/api.w.org\/{rel}","templated":true}]}}