{"id":4727,"date":"2023-04-12T10:08:25","date_gmt":"2023-04-12T02:08:25","guid":{"rendered":"https:\/\/acenoxkitchenequipment.com\/?post_type=product&#038;p=4727"},"modified":"2023-10-18T20:35:40","modified_gmt":"2023-10-18T12:35:40","slug":"refrigerated-display-counter-white-color","status":"publish","type":"product","link":"https:\/\/acenoxkitchenequipment.com\/pt\/produto\/refrigerated-display-counter-white-color\/","title":{"rendered":"Balc\u00e3o expositor refrigerado cor branca"},"content":{"rendered":"<h3>Balc\u00e3o expositor refrigerado cor branca<\/h3>\n<p><strong>Caracter\u00edsticas:<\/strong><\/p>\n<p>O balc\u00e3o refrigerado \u00e9 amplamente utilizado em caf\u00e9s, lojas de alimentos, padarias para apresentar sandu\u00edches e doces, etc.<\/p>\n<p>Os \u00f3culos curvos ficam lindos e elegantes. a cor do a\u00e7o inoxid\u00e1vel pode ser personalizada, como cor dourada, cor preta, cor rosa dourada, etc.<\/p>\n<ol>\n<li><strong>Compressor:<\/strong> Compressor Embraco ou marca Donper para escolha (R134a\/R290)<\/li>\n<li><strong>Controlador de temperatura:<\/strong> Marca It\u00e1lia Dixell ou Carel<\/li>\n<li><strong>Por\u00e3o:<\/strong> A\u00e7o pintado, cor branca<\/li>\n<li><strong>Copos:<\/strong> \u00d3culos de baixa emissividade com desemba\u00e7amento autom\u00e1tico avan\u00e7ado<\/li>\n<li>Vidro temperado oco de camada dupla (vidro Low-E), \u00e0 prova de explos\u00e3o<\/li>\n<li><strong>Outros elementos:<\/strong> Condensado e evaporador completamente cuperos<\/li>\n<li><strong>Prateleiras:<\/strong> prateleiras de a\u00e7o cromado<\/li>\n<li><strong>Portas:<\/strong> Duas portas de vidro deslizantes antiemba\u00e7antes com boa propriedade de veda\u00e7\u00e3o<\/li>\n<li><strong>Luz:<\/strong> Luz LED branca quente ou fria para escolha<\/li>\n<\/ol>\n<p>Por favor, clique na especifica\u00e7\u00e3o para verificar os v\u00e1rios tamanhos<\/p>\n<p>Aviso: Ambiente aplic\u00e1vel: Temperatura ambiente abaixo de 32 \u2103<\/p>\n<p>&nbsp;<\/p>\n<p>&nbsp;<\/p>\n<p>&nbsp;<\/p>\n<p>&nbsp;<\/p>\n<p>&nbsp;<\/p>\n<p>&nbsp;<\/p>","protected":false},"excerpt":{"rendered":"<p>Projetado e fabricado na f\u00e1brica, resfriamento ventilado, materiais de a\u00e7o inoxid\u00e1vel, \u00f3culos antiemba\u00e7antes, formato e cor podem ser personalizados por n\u00f3s. este \u00e9 um modelo elegante agora<\/p>","protected":false},"featured_media":5429,"comment_status":"open","ping_status":"closed","template":"","meta":{"_seopress_robots_primary_cat":"none","_seopress_titles_title":"","_seopress_titles_desc":"","_seopress_robots_index":""},"product_cat":[59],"product_tag":[137],"_links":{"self":[{"href":"https:\/\/acenoxkitchenequipment.com\/pt\/wp-json\/wp\/v2\/product\/4727"}],"collection":[{"href":"https:\/\/acenoxkitchenequipment.com\/pt\/wp-json\/wp\/v2\/product"}],"about":[{"href":"https:\/\/acenoxkitchenequipment.com\/pt\/wp-json\/wp\/v2\/types\/product"}],"replies":[{"embeddable":true,"href":"https:\/\/acenoxkitchenequipment.com\/pt\/wp-json\/wp\/v2\/comments?post=4727"}],"version-history":[{"count":0,"href":"https:\/\/acenoxkitchenequipment.com\/pt\/wp-json\/wp\/v2\/product\/4727\/revisions"}],"wp:featuredmedia":[{"embeddable":true,"href":"https:\/\/acenoxkitchenequipment.com\/pt\/wp-json\/wp\/v2\/media\/5429"}],"wp:attachment":[{"href":"https:\/\/acenoxkitchenequipment.com\/pt\/wp-json\/wp\/v2\/media?parent=4727"}],"wp:term":[{"taxonomy":"product_cat","embeddable":true,"href":"https:\/\/acenoxkitchenequipment.com\/pt\/wp-json\/wp\/v2\/product_cat?post=4727"},{"taxonomy":"product_tag","embeddable":true,"href":"https:\/\/acenoxkitchenequipment.com\/pt\/wp-json\/wp\/v2\/product_tag?post=4727"}],"curies":[{"name":"wp","href":"https:\/\/api.w.org\/{rel}","templated":true}]}}