{"id":4725,"date":"2023-04-12T08:54:37","date_gmt":"2023-04-12T00:54:37","guid":{"rendered":"https:\/\/acenoxkitchenequipment.com\/?post_type=product&#038;p=4725"},"modified":"2023-10-18T20:36:20","modified_gmt":"2023-10-18T12:36:20","slug":"countertop-display-refrigerator","status":"publish","type":"product","link":"https:\/\/acenoxkitchenequipment.com\/pt\/produto\/countertop-display-refrigerator\/","title":{"rendered":"Geladeira expositora de bancada para bolos"},"content":{"rendered":"<h3>Geladeira expositora de bancada para bolos<\/h3>\n<p><strong>Caracter\u00edsticas:<\/strong><\/p>\n<p>A vitrine de resfriamento da bancada \u00e9 pequena e ocupa menos espa\u00e7os, a forma e a cor podem ser personalizadas por n\u00f3s<\/p>\n<p>Os \u00f3culos curvos ficam lindos e elegantes. a cor do a\u00e7o inoxid\u00e1vel pode ser personalizada, como cor dourada, cor preta, cor rosa dourada, etc.<\/p>\n<ol>\n<li><strong>Compressor:<\/strong> Compressor Embraco ou marca Donper para escolha (R134a\/R290)<\/li>\n<li><strong>Controlador de temperatura:<\/strong> Marca It\u00e1lia Dixell ou Carel<\/li>\n<li><strong>Por\u00e3o:<\/strong> Por\u00e3o em a\u00e7o inoxid\u00e1vel 430 \/ a\u00e7o inoxid\u00e1vel 201 com espuma de ciclopentano integral no interior, cor preta<\/li>\n<li><strong>Copos:<\/strong> \u00d3culos de baixa emissividade com desemba\u00e7amento autom\u00e1tico avan\u00e7ado<\/li>\n<li>Vidro temperado oco de camada dupla (vidro Low-E), \u00e0 prova de explos\u00e3o<\/li>\n<li><strong>Outros elementos:<\/strong> Condensado e evaporador completamente cuperos<\/li>\n<li><strong>Prateleiras:<\/strong> Tr\u00eas prateleiras totalmente em a\u00e7o inoxid\u00e1vel + alum\u00ednio<\/li>\n<li><strong>Portas:<\/strong> Duas portas de vidro deslizantes antiemba\u00e7antes com boa propriedade de veda\u00e7\u00e3o<\/li>\n<li><strong>Luz:<\/strong> Luz LED branca quente ou fria para escolha<\/li>\n<\/ol>\n<p>Por favor, clique na especifica\u00e7\u00e3o para verificar os v\u00e1rios tamanhos<\/p>\n<p>Aviso: Ambiente aplic\u00e1vel: Temperatura ambiente abaixo de 32 \u2103<\/p>\n<p>&nbsp;<\/p>\n<p>&nbsp;<\/p>\n<p>&nbsp;<\/p>\n<p>&nbsp;<\/p>\n<p>&nbsp;<\/p>","protected":false},"excerpt":{"rendered":"<p>A vitrine de resfriamento de bancada \u00e9 pequena e ocupa menos espa\u00e7os, a forma e a cor podem ser personalizadas por n\u00f3s. O servi\u00e7o OEM e ODM est\u00e1 dispon\u00edvel.<\/p>","protected":false},"featured_media":6038,"comment_status":"open","ping_status":"closed","template":"","meta":{"_seopress_robots_primary_cat":"none","_seopress_titles_title":"Countertop Display Refrigerator For Cakes %%sitetitle%%","_seopress_titles_desc":"Countertop Display Refrigerator is small and occupy less spaces, shape and color could be customized by us. OEM&amp;ODM service. Delivery by sea from China Port.","_seopress_robots_index":""},"product_cat":[59],"product_tag":[137],"_links":{"self":[{"href":"https:\/\/acenoxkitchenequipment.com\/pt\/wp-json\/wp\/v2\/product\/4725"}],"collection":[{"href":"https:\/\/acenoxkitchenequipment.com\/pt\/wp-json\/wp\/v2\/product"}],"about":[{"href":"https:\/\/acenoxkitchenequipment.com\/pt\/wp-json\/wp\/v2\/types\/product"}],"replies":[{"embeddable":true,"href":"https:\/\/acenoxkitchenequipment.com\/pt\/wp-json\/wp\/v2\/comments?post=4725"}],"version-history":[{"count":0,"href":"https:\/\/acenoxkitchenequipment.com\/pt\/wp-json\/wp\/v2\/product\/4725\/revisions"}],"wp:featuredmedia":[{"embeddable":true,"href":"https:\/\/acenoxkitchenequipment.com\/pt\/wp-json\/wp\/v2\/media\/6038"}],"wp:attachment":[{"href":"https:\/\/acenoxkitchenequipment.com\/pt\/wp-json\/wp\/v2\/media?parent=4725"}],"wp:term":[{"taxonomy":"product_cat","embeddable":true,"href":"https:\/\/acenoxkitchenequipment.com\/pt\/wp-json\/wp\/v2\/product_cat?post=4725"},{"taxonomy":"product_tag","embeddable":true,"href":"https:\/\/acenoxkitchenequipment.com\/pt\/wp-json\/wp\/v2\/product_tag?post=4725"}],"curies":[{"name":"wp","href":"https:\/\/api.w.org\/{rel}","templated":true}]}}