{"id":4723,"date":"2023-04-11T14:23:04","date_gmt":"2023-04-11T06:23:04","guid":{"rendered":"https:\/\/acenoxkitchenequipment.com\/?post_type=product&#038;p=4723"},"modified":"2024-01-29T21:34:13","modified_gmt":"2024-01-29T13:34:13","slug":"counter-top-cake-display-fridge","status":"publish","type":"product","link":"https:\/\/acenoxkitchenequipment.com\/pt\/produto\/counter-top-cake-display-fridge\/","title":{"rendered":"Geladeira expositora de bolo de bancada"},"content":{"rendered":"<h3>Geladeira expositora de bolo de bancada<\/h3>\n<p>Este expositor para bolos \u00e9 uma op\u00e7\u00e3o multifuncional para empresas, o tamanho reduzido permite que as empresas o guardem sobre uma bancada ou mesa. ajuda a conservar refrescos, doces, bebidas e at\u00e9 cosm\u00e9ticos. Simplesmente a geladeira \u00e9 a forma de mostrar como o seu neg\u00f3cio est\u00e1 organizado. Al\u00e9m disso, esta organiza\u00e7\u00e3o torna todos os produtos mais atrativos para os compradores.<\/p>\n<p>A principal fun\u00e7\u00e3o da geladeira de bancada \u00e9 melhorar a visibilidade de todos os produtos. Dessa forma, melhora a experi\u00eancia de compra de todos os clientes. Como resultado, a ind\u00fastria aliment\u00edcia converte mais leads em vendas potenciais. Com uma exposi\u00e7\u00e3o de produtos mais atraente, as empresas podem atrair mais clientes.<\/p>\n<p>\u00c9 o modelo mais novo atualmente, junta de \u00f3culos em \u00e2ngulo reto, parece elegante. a cor do a\u00e7o inoxid\u00e1vel pode ser personalizada.<\/p>\n<h3><strong>Caracter\u00edsticas do refrigerador com display de bolo de bancada:<\/strong><\/h3>\n<ol>\n<li><strong>Compressor:<\/strong> Compressor Embraco ou marca Donper para escolha (R134a\/R290)<\/li>\n<li><strong>Controlador de temperatura:<\/strong> Marca It\u00e1lia Dixell ou Carel<\/li>\n<li><strong>Por\u00e3o:<\/strong> Por\u00e3o em a\u00e7o inoxid\u00e1vel 430 \/ a\u00e7o inoxid\u00e1vel 201 com espuma de ciclopentano integral no interior, cor preta<\/li>\n<li><strong>Copos:<\/strong> \u00d3culos de baixa emissividade com desemba\u00e7amento autom\u00e1tico avan\u00e7ado<\/li>\n<li>Vidro temperado oco de camada dupla (vidro Low-E), \u00e0 prova de explos\u00e3o<\/li>\n<li><strong>Outros elementos:<\/strong> Condensado e evaporador completamente cuperos<\/li>\n<li><strong>Prateleiras:<\/strong> Tr\u00eas prateleiras totalmente em a\u00e7o inoxid\u00e1vel + alum\u00ednio<\/li>\n<li><strong>Portas:<\/strong> Duas portas de vidro deslizantes antiemba\u00e7antes com boa propriedade de veda\u00e7\u00e3o<\/li>\n<li><strong>Luz:<\/strong> Luz LED branca quente ou fria para escolha<\/li>\n<\/ol>\n<p>Por favor, clique na especifica\u00e7\u00e3o para verificar os v\u00e1rios tamanhos<\/p>\n<p>Ambiente aplic\u00e1vel: Temperatura ambiente abaixo de 35\u2103<\/p>\n<h4><strong>Vantagens:<\/strong><\/h4>\n<p>Os produtos de f\u00e1cil acesso e prontos para consumo atraem mais clientes. A visibilidade do produto e este refrigerador de bancada tamb\u00e9m melhoram a imagem da sua marca. Isso o ajudar\u00e1 a deixar uma impress\u00e3o positiva nos clientes e, em \u00faltima an\u00e1lise, a melhorar as vendas.<\/p>\n<p>As portas e prateleiras de vidro desta geladeira ajudam os clientes a ver todos os produtos de fora. Assim, eles t\u00eam uma ideia do que precisam comprar. Voc\u00ea nunca deve negligenciar esta solu\u00e7\u00e3o para construir relacionamentos com os clientes.<\/p>\n<p>&nbsp;<\/p>\n<p>&nbsp;<\/p>\n<p>&nbsp;<\/p>\n<p>&nbsp;<\/p>\n<p>&nbsp;<\/p>","protected":false},"excerpt":{"rendered":"<p>Os refrigeradores expositores para bolos de bancada s\u00e3o compactos e podem ser colocados em bancadas ou superf\u00edcies menores, maximizando a utiliza\u00e7\u00e3o do espa\u00e7o. O tamanho menor os torna uma op\u00e7\u00e3o econ\u00f4mica para empresas com restri\u00e7\u00f5es or\u00e7ament\u00e1rias<\/p>","protected":false},"featured_media":7722,"comment_status":"open","ping_status":"closed","template":"","meta":{"_seopress_robots_primary_cat":"none","_seopress_titles_title":"Countertop Cake Display Fridge %%sep%%Small Cake Display Fridge","_seopress_titles_desc":"Counter Top Cake Display Fridges are compact and can be placed on countertops or smaller surfaces, space utilization maximized and cost-effective. Factory Supply","_seopress_robots_index":""},"product_cat":[59],"product_tag":[138],"_links":{"self":[{"href":"https:\/\/acenoxkitchenequipment.com\/pt\/wp-json\/wp\/v2\/product\/4723"}],"collection":[{"href":"https:\/\/acenoxkitchenequipment.com\/pt\/wp-json\/wp\/v2\/product"}],"about":[{"href":"https:\/\/acenoxkitchenequipment.com\/pt\/wp-json\/wp\/v2\/types\/product"}],"replies":[{"embeddable":true,"href":"https:\/\/acenoxkitchenequipment.com\/pt\/wp-json\/wp\/v2\/comments?post=4723"}],"version-history":[{"count":0,"href":"https:\/\/acenoxkitchenequipment.com\/pt\/wp-json\/wp\/v2\/product\/4723\/revisions"}],"wp:featuredmedia":[{"embeddable":true,"href":"https:\/\/acenoxkitchenequipment.com\/pt\/wp-json\/wp\/v2\/media\/7722"}],"wp:attachment":[{"href":"https:\/\/acenoxkitchenequipment.com\/pt\/wp-json\/wp\/v2\/media?parent=4723"}],"wp:term":[{"taxonomy":"product_cat","embeddable":true,"href":"https:\/\/acenoxkitchenequipment.com\/pt\/wp-json\/wp\/v2\/product_cat?post=4723"},{"taxonomy":"product_tag","embeddable":true,"href":"https:\/\/acenoxkitchenequipment.com\/pt\/wp-json\/wp\/v2\/product_tag?post=4723"}],"curies":[{"name":"wp","href":"https:\/\/api.w.org\/{rel}","templated":true}]}}