{"id":4717,"date":"2023-03-26T17:41:29","date_gmt":"2023-03-26T09:41:29","guid":{"rendered":"https:\/\/acenoxkitchenequipment.com\/?post_type=product&#038;p=4717"},"modified":"2023-10-18T20:37:06","modified_gmt":"2023-10-18T12:37:06","slug":"refrigerated-pastry-cabinet-golden-color","status":"publish","type":"product","link":"https:\/\/acenoxkitchenequipment.com\/pt\/produto\/refrigerated-pastry-cabinet-golden-color\/","title":{"rendered":"Arm\u00e1rio Pastelaria Refrigerado Cor Dourada"},"content":{"rendered":"<h3>Cor dourada da caixa refrigerada do arm\u00e1rio de exposi\u00e7\u00e3o da pastelaria<\/h3>\n<p><strong>Caracter\u00edsticas:<\/strong><\/p>\n<p>Por\u00e3o de a\u00e7o inoxid\u00e1vel de cor dourada<\/p>\n<p>Este arm\u00e1rio de pastelaria \u00e9 o modelo mais novo atualmente, junta de vidro em \u00e2ngulo reto, parece elegante. a cor do a\u00e7o inoxid\u00e1vel pode ser personalizada.<\/p>\n<ol>\n<li><strong>Compressor:<\/strong> Compressor Embraco ou marca Donper para escolha (R134a\/R290)<\/li>\n<li><strong>Controlador de temperatura:<\/strong> Marca It\u00e1lia Dixell ou Carel<\/li>\n<li><strong>Por\u00e3o:<\/strong> Por\u00e3o em a\u00e7o inoxid\u00e1vel 430 \/ a\u00e7o inoxid\u00e1vel 201 com espuma de ciclopentano integral no interior, cor preta<\/li>\n<li><strong>Copos:<\/strong> \u00d3culos de baixa emissividade com desemba\u00e7amento autom\u00e1tico avan\u00e7ado<\/li>\n<li>Vidro temperado oco de camada dupla (vidro Low-E), \u00e0 prova de explos\u00e3o<\/li>\n<li><strong>Outros elementos:<\/strong> Condensado e evaporador completamente cuperos<\/li>\n<li><strong>Prateleiras:<\/strong> Tr\u00eas prateleiras totalmente em a\u00e7o inoxid\u00e1vel + alum\u00ednio<\/li>\n<li><strong>Portas:<\/strong> Duas portas de vidro deslizantes antiemba\u00e7antes com boa propriedade de veda\u00e7\u00e3o<\/li>\n<li><strong>Luz:<\/strong> Luz LED branca quente ou fria para escolha<\/li>\n<\/ol>\n<p>Por favor, clique na especifica\u00e7\u00e3o para verificar os v\u00e1rios tamanhos<\/p>\n<p>Aviso: Ambiente aplic\u00e1vel: Temperatura ambiente abaixo de 32 \u2103<\/p>\n<p>&nbsp;<\/p>\n<p>&nbsp;<\/p>\n<p>&nbsp;<\/p>\n<p>&nbsp;<\/p>\n<p>&nbsp;<\/p>\n<p>&nbsp;<\/p>\n<p>&nbsp;<\/p>","protected":false},"excerpt":{"rendered":"<p>Arm\u00e1rio de pastelaria refrigerado com resfriamento por ventilador, com alto volume de exibi\u00e7\u00e3o, vidros antiemba\u00e7antes, a espuma do por\u00e3o \u00e9 feita por molde com boa veda\u00e7\u00e3o, o que pode manter o ar frio circulando no interior e reduzir a perda de energia.<\/p>","protected":false},"featured_media":6026,"comment_status":"open","ping_status":"closed","template":"","meta":{"_seopress_robots_primary_cat":"none","_seopress_titles_title":"","_seopress_titles_desc":"Fan cooling Refrigerated Pastry Cabinet &amp; case, with high display volume, anti-fog glasses, basement foaming is made by mould with good sealing","_seopress_robots_index":""},"product_cat":[59],"product_tag":[51],"_links":{"self":[{"href":"https:\/\/acenoxkitchenequipment.com\/pt\/wp-json\/wp\/v2\/product\/4717"}],"collection":[{"href":"https:\/\/acenoxkitchenequipment.com\/pt\/wp-json\/wp\/v2\/product"}],"about":[{"href":"https:\/\/acenoxkitchenequipment.com\/pt\/wp-json\/wp\/v2\/types\/product"}],"replies":[{"embeddable":true,"href":"https:\/\/acenoxkitchenequipment.com\/pt\/wp-json\/wp\/v2\/comments?post=4717"}],"version-history":[{"count":0,"href":"https:\/\/acenoxkitchenequipment.com\/pt\/wp-json\/wp\/v2\/product\/4717\/revisions"}],"wp:featuredmedia":[{"embeddable":true,"href":"https:\/\/acenoxkitchenequipment.com\/pt\/wp-json\/wp\/v2\/media\/6026"}],"wp:attachment":[{"href":"https:\/\/acenoxkitchenequipment.com\/pt\/wp-json\/wp\/v2\/media?parent=4717"}],"wp:term":[{"taxonomy":"product_cat","embeddable":true,"href":"https:\/\/acenoxkitchenequipment.com\/pt\/wp-json\/wp\/v2\/product_cat?post=4717"},{"taxonomy":"product_tag","embeddable":true,"href":"https:\/\/acenoxkitchenequipment.com\/pt\/wp-json\/wp\/v2\/product_tag?post=4717"}],"curies":[{"name":"wp","href":"https:\/\/api.w.org\/{rel}","templated":true}]}}