{"id":4624,"date":"2023-02-09T20:48:04","date_gmt":"2023-02-09T12:48:04","guid":{"rendered":"https:\/\/acenoxkitchenequipment.com\/?post_type=product&#038;p=4624"},"modified":"2023-02-09T21:00:01","modified_gmt":"2023-02-09T13:00:01","slug":"wall-type-extraction-canopy-with-grease-filters","status":"publish","type":"product","link":"https:\/\/acenoxkitchenequipment.com\/pt\/produto\/wall-type-extraction-canopy-with-grease-filters\/","title":{"rendered":"Dossel de extra\u00e7\u00e3o tipo parede com filtros de graxa"},"content":{"rendered":"<p>Trata-se de uma cobertura de extra\u00e7\u00e3o comercial tipo parede, que esgota o calor, a fuma\u00e7a e a gordura produzidos pelos equipamentos de cozinha.<\/p>\n<p>Caracter\u00edsticas:<\/p>\n<ul>\n<li>Materiais: a\u00e7o inoxid\u00e1vel 100% constru\u00eddo, a\u00e7o 304, a\u00e7o 201, a\u00e7o 430 para escolha.<\/li>\n<li>Constru\u00eddo em a\u00e7o inoxid\u00e1vel completamente<\/li>\n<li>O tamanho \u00e9 personalizado<\/li>\n<li>Linda apar\u00eancia de soldagem<\/li>\n<li>Filtros defletores de a\u00e7o inoxid\u00e1vel inclu\u00eddos<\/li>\n<li>suportes suspensos<\/li>\n<li>Calha e copo de graxa em a\u00e7o inoxid\u00e1vel<\/li>\n<li>Filtros de a\u00e7o inoxid\u00e1vel inclu\u00eddos<\/li>\n<\/ul>\n<p>Op\u00e7\u00f5es:<\/p>\n<ul>\n<li>Ventilador e controlador de velocidade<\/li>\n<li>Tens\u00e3o e pot\u00eancia: 220\/240V, 250W. 320 W para comprimentos superiores a 2,0 metros<\/li>\n<li>Com luzes: luzes comuns ou luzes LED para escolha<\/li>\n<\/ul>\n<p>O formato dos exaustores pode ser personalizado de acordo com o mercado local do cliente.<\/p>","protected":false},"excerpt":{"rendered":"<p>Este \u00e9 um dossel de extra\u00e7\u00e3o comercial tipo parede, com filtro, ventilador, luz LED e controle de velocidade. A pot\u00eancia \u00e9 de 250W, os materiais podem ser personalizados<\/p>","protected":false},"featured_media":4625,"comment_status":"closed","ping_status":"closed","template":"","meta":{"_seopress_robots_primary_cat":"none"},"product_cat":[35],"product_tag":[86],"_links":{"self":[{"href":"https:\/\/acenoxkitchenequipment.com\/pt\/wp-json\/wp\/v2\/product\/4624"}],"collection":[{"href":"https:\/\/acenoxkitchenequipment.com\/pt\/wp-json\/wp\/v2\/product"}],"about":[{"href":"https:\/\/acenoxkitchenequipment.com\/pt\/wp-json\/wp\/v2\/types\/product"}],"replies":[{"embeddable":true,"href":"https:\/\/acenoxkitchenequipment.com\/pt\/wp-json\/wp\/v2\/comments?post=4624"}],"version-history":[{"count":0,"href":"https:\/\/acenoxkitchenequipment.com\/pt\/wp-json\/wp\/v2\/product\/4624\/revisions"}],"wp:featuredmedia":[{"embeddable":true,"href":"https:\/\/acenoxkitchenequipment.com\/pt\/wp-json\/wp\/v2\/media\/4625"}],"wp:attachment":[{"href":"https:\/\/acenoxkitchenequipment.com\/pt\/wp-json\/wp\/v2\/media?parent=4624"}],"wp:term":[{"taxonomy":"product_cat","embeddable":true,"href":"https:\/\/acenoxkitchenequipment.com\/pt\/wp-json\/wp\/v2\/product_cat?post=4624"},{"taxonomy":"product_tag","embeddable":true,"href":"https:\/\/acenoxkitchenequipment.com\/pt\/wp-json\/wp\/v2\/product_tag?post=4624"}],"curies":[{"name":"wp","href":"https:\/\/api.w.org\/{rel}","templated":true}]}}