{"id":4603,"date":"2023-01-24T17:17:55","date_gmt":"2023-01-24T09:17:55","guid":{"rendered":"https:\/\/acenoxkitchenequipment.com\/?post_type=product&#038;p=4603"},"modified":"2023-05-31T16:52:17","modified_gmt":"2023-05-31T08:52:17","slug":"knee-operated-hand-wash-sink","status":"publish","type":"product","link":"https:\/\/acenoxkitchenequipment.com\/pt\/produto\/knee-operated-hand-wash-sink\/","title":{"rendered":"Pia para lavagem de m\u00e3os operada pelo joelho com torneira cromada"},"content":{"rendered":"<p><strong><b>Caracter\u00edsticas:<\/b><\/strong><\/p>\n<p>Fabricado totalmente em a\u00e7o inoxid\u00e1vel. esta pia para lavagem de m\u00e3os operada no joelho apresenta alta higiene, ocupando pequenos espa\u00e7os com respingos altos nas costas, m\u00e3os livres.<\/p>\n<p>As pias s\u00e3o modulares sem cicatrizes de soldagem, boa apar\u00eancia.<\/p>\n<p>formato retangular, o a\u00e7o inoxid\u00e1vel 304 \u00e9 a melhor escolha, 0,8 mm de espessura.<\/p>\n<p>Existem v\u00e1rias qualidades diferentes de torneiras para escolha. A altura do respingo traseiro pode ser personalizada.<\/p>\n<p><strong><b>Especifica\u00e7\u00e3o:<\/b><\/strong><br \/>\nMaterial: a\u00e7o inoxid\u00e1vel 304 e 201 para escolha.<br \/>\nDimens\u00e3o (C\/L\/A): 400\u00d7340\u00d7(200+384)mm<br \/>\nOpera\u00e7\u00e3o: opera\u00e7\u00e3o no joelho<\/p>\n<p><strong><b>O pacote inclui:<\/b><\/strong><br \/>\n1x pia<br \/>\n1x suporte de parede<\/p>\n<p>1x v\u00e1lvula de mistura mec\u00e2nica<br \/>\n1x mangueira<br \/>\n1x dreno inoxid\u00e1vel e tubo de pl\u00e1stico<br \/>\n1x v\u00e1lvula de mistura mec\u00e2nica<\/p>\n<p>1x torneira cromada, n\u00facleo de v\u00e1lvula de lat\u00e3o<\/p>\n<p><strong><b>Outras op\u00e7\u00f5es: <\/b><\/strong>Dispensador de sabonete e caixa de len\u00e7os em a\u00e7o 304<\/p>\n<p>&nbsp;<\/p>","protected":false},"excerpt":{"rendered":"<p>O tamanho \u00e9 vari\u00e1vel, a forma tamb\u00e9m \u00e9 vari\u00e1vel. O tamanho personalizado est\u00e1 dispon\u00edvel.<\/p>","protected":false},"featured_media":5405,"comment_status":"closed","ping_status":"closed","template":"","meta":{"_seopress_robots_primary_cat":"none","_seopress_titles_title":"","_seopress_titles_desc":"Stainless Steel 304 is the better choice,0.8mm thick. There&#039;re several different taps for choice. Height of back splash could be customized.MOQ: 5pcs.","_seopress_robots_index":""},"product_cat":[53],"product_tag":[146],"_links":{"self":[{"href":"https:\/\/acenoxkitchenequipment.com\/pt\/wp-json\/wp\/v2\/product\/4603"}],"collection":[{"href":"https:\/\/acenoxkitchenequipment.com\/pt\/wp-json\/wp\/v2\/product"}],"about":[{"href":"https:\/\/acenoxkitchenequipment.com\/pt\/wp-json\/wp\/v2\/types\/product"}],"replies":[{"embeddable":true,"href":"https:\/\/acenoxkitchenequipment.com\/pt\/wp-json\/wp\/v2\/comments?post=4603"}],"version-history":[{"count":0,"href":"https:\/\/acenoxkitchenequipment.com\/pt\/wp-json\/wp\/v2\/product\/4603\/revisions"}],"wp:featuredmedia":[{"embeddable":true,"href":"https:\/\/acenoxkitchenequipment.com\/pt\/wp-json\/wp\/v2\/media\/5405"}],"wp:attachment":[{"href":"https:\/\/acenoxkitchenequipment.com\/pt\/wp-json\/wp\/v2\/media?parent=4603"}],"wp:term":[{"taxonomy":"product_cat","embeddable":true,"href":"https:\/\/acenoxkitchenequipment.com\/pt\/wp-json\/wp\/v2\/product_cat?post=4603"},{"taxonomy":"product_tag","embeddable":true,"href":"https:\/\/acenoxkitchenequipment.com\/pt\/wp-json\/wp\/v2\/product_tag?post=4603"}],"curies":[{"name":"wp","href":"https:\/\/api.w.org\/{rel}","templated":true}]}}