{"id":3965,"date":"2023-01-04T19:52:06","date_gmt":"2023-01-04T11:52:06","guid":{"rendered":"https:\/\/acenoxkitchenequipment.com\/?post_type=product&#038;p=3965"},"modified":"2024-03-07T17:18:57","modified_gmt":"2024-03-07T09:18:57","slug":"commercial-display-refrigerator-with-single-glass-door-2","status":"publish","type":"product","link":"https:\/\/acenoxkitchenequipment.com\/pt\/produto\/commercial-display-refrigerator-with-single-glass-door-2\/","title":{"rendered":"Geladeira de porta de vidro com porta \u00fanica"},"content":{"rendered":"<p><strong>Expositor comercial com portas de vidro simples, portas articuladas com boa veda\u00e7\u00e3o<\/strong><\/p>\n<p><strong>Caracter\u00edsticas:<\/strong><\/p>\n<p>Modelo: VGD-1B<\/p>\n<p>\u25a0 Cor: Preto<\/p>\n<p>\u25a0 Tamanho: 620 mm \u00d7 635 mm \u00d7 1995 mm<\/p>\n<p>\u25a0 Materiais: A\u00e7o pintado<\/p>\n<p>\u25a0 \u00d3culos Low-E, camadas duplas \u00e0 prova de explos\u00e3o<\/p>\n<p>\u25a0 220V\/50Hz, +2\u2103~+8\u2103,<\/p>\n<p>\u25a0 Resfriamento Ventilado, Compressor Donper\/ Compressor Embraco<\/p>\n<p>\u25a0 Prateleiras internas com revestimento de PVC de quatro camadas<\/p>\n<p>\u25a0 Controlador de temperatura da marca Hongke (China)\/marca It\u00e1lia Carel<\/p>\n<p>\u25a0 Rodas silenciosas, duas com freios<\/p>\n<p>\u25a0 Faixa de l\u00e2mpada LED inclu\u00edda<\/p>\n<p>\u25a0 Aplica\u00e7\u00e3o: temperatura\u226432\u2103, umidade abaixo de 65%, n\u00e3o ter\u00e1 neblina<\/p>\n<p>Com configura\u00e7\u00f5es diferentes, o custo ser\u00e1 bem diferente.<\/p>\n<p>&nbsp;<\/p>\n<p>&nbsp;<\/p>","protected":false},"excerpt":{"rendered":"<p>Ele \u00e9 usado para exibir bebidas geladas, ursos, etc. Por favor, observe que o tamanho e a forma podem ser personalizados, o papel publicit\u00e1rio do logotipo da sua empresa pode ser impresso para colocar na parte superior do resfriador<\/p>","protected":false},"featured_media":9011,"comment_status":"open","ping_status":"closed","template":"","meta":{"_seopress_robots_primary_cat":"none","_seopress_titles_title":"Glass Door Refrigerator Suppliers %%sep%%Commercial Glass refrigerators","_seopress_titles_desc":"We manufacture various glass door commercial refrigerators, It is used to display Cold Beverages, Bear, etc. Explore cost-effective refrigeration solutions.","_seopress_robots_index":""},"product_cat":[60],"product_tag":[258],"_links":{"self":[{"href":"https:\/\/acenoxkitchenequipment.com\/pt\/wp-json\/wp\/v2\/product\/3965"}],"collection":[{"href":"https:\/\/acenoxkitchenequipment.com\/pt\/wp-json\/wp\/v2\/product"}],"about":[{"href":"https:\/\/acenoxkitchenequipment.com\/pt\/wp-json\/wp\/v2\/types\/product"}],"replies":[{"embeddable":true,"href":"https:\/\/acenoxkitchenequipment.com\/pt\/wp-json\/wp\/v2\/comments?post=3965"}],"version-history":[{"count":0,"href":"https:\/\/acenoxkitchenequipment.com\/pt\/wp-json\/wp\/v2\/product\/3965\/revisions"}],"wp:featuredmedia":[{"embeddable":true,"href":"https:\/\/acenoxkitchenequipment.com\/pt\/wp-json\/wp\/v2\/media\/9011"}],"wp:attachment":[{"href":"https:\/\/acenoxkitchenequipment.com\/pt\/wp-json\/wp\/v2\/media?parent=3965"}],"wp:term":[{"taxonomy":"product_cat","embeddable":true,"href":"https:\/\/acenoxkitchenequipment.com\/pt\/wp-json\/wp\/v2\/product_cat?post=3965"},{"taxonomy":"product_tag","embeddable":true,"href":"https:\/\/acenoxkitchenequipment.com\/pt\/wp-json\/wp\/v2\/product_tag?post=3965"}],"curies":[{"name":"wp","href":"https:\/\/api.w.org\/{rel}","templated":true}]}}