{"id":3964,"date":"2023-01-04T19:17:12","date_gmt":"2023-01-04T11:17:12","guid":{"rendered":"https:\/\/acenoxkitchenequipment.com\/?post_type=product&#038;p=3964"},"modified":"2024-03-21T18:21:33","modified_gmt":"2024-03-21T10:21:33","slug":"commercial-display-refrigerator-with-single-glass-door","status":"publish","type":"product","link":"https:\/\/acenoxkitchenequipment.com\/pt\/produto\/commercial-display-refrigerator-with-single-glass-door\/","title":{"rendered":"Geladeira expositora de bebidas com porta de vidro \u00fanico"},"content":{"rendered":"<h3>Expositor de bebidas Geladeira e Geladeira com Porta de Vidro \u00danica<\/h3>\n<p>O design simples, mas elegante deste refrigerador com porta de vidro \u00fanica \u00e9 popular em muitos pa\u00edses, como Europa, Austr\u00e1lia e Mal\u00e1sia, etc. Ele \u00e9 usado para exibir bebidas geladas, cerveja, etc. adesivo publicit\u00e1rio com logotipo pode ser impresso para colocar em cima da geladeira<\/p>\n<p><strong>Caracter\u00edsticas:<\/strong><\/p>\n<p>Modelo: VGD-1B<\/p>\n<p>\u25a0Estrutura de portas em liga de alum\u00ednio, superf\u00edcie escovada; por\u00e3o de a\u00e7o revestido<\/p>\n<p>\u25a0 Portas de fechamento autom\u00e1tico com boa veda\u00e7\u00e3o, vidros Low-E, camadas duplas \u00e0 prova de explos\u00e3o<\/p>\n<p>\u25a0220V\/50Hz, +2\u2103~+8\u2103<\/p>\n<p>\u25a0Controlador de temperatura digital de marca de alta qualidade<\/p>\n<p>\u25a0Resfriamento ventilado, Compressor Donper, Compressor R290\/Embraco<\/p>\n<p>\u25a0Interior com prateleiras de revestimento de PVC de quatro camadas<\/p>\n<p>\u25a0 Rodas silenciosas, duas com freios<\/p>\n<p>\u25a0 Faixa de l\u00e2mpada LED brilhante inclu\u00edda<\/p>\n<p>\u25a0 Descongelamento autom\u00e1tico<\/p>\n<p>\u25a0 Aplica\u00e7\u00e3o: temperatura\u226432\u2103, umidade abaixo de 65%<\/p>\n<p>&nbsp;<\/p>\n<p>&nbsp;<\/p>","protected":false},"excerpt":{"rendered":"<p>Este refrigerador com porta \u00fanica \u00e9 normalmente usado para exibir bebidas geladas, cerveja, \u00e1gua, etc.<\/p>","protected":false},"featured_media":9020,"comment_status":"open","ping_status":"closed","template":"","meta":{"_seopress_robots_primary_cat":"none","_seopress_titles_title":"Drinks Display Fridge Refrigerator For Grocery Stores ","_seopress_titles_desc":"Produced by the reliable manufacturer of Acenox, who specialize in producing drinks fridges and all kinds of chillers and freezers, single door and double doors.","_seopress_robots_index":""},"product_cat":[60],"product_tag":[262],"_links":{"self":[{"href":"https:\/\/acenoxkitchenequipment.com\/pt\/wp-json\/wp\/v2\/product\/3964"}],"collection":[{"href":"https:\/\/acenoxkitchenequipment.com\/pt\/wp-json\/wp\/v2\/product"}],"about":[{"href":"https:\/\/acenoxkitchenequipment.com\/pt\/wp-json\/wp\/v2\/types\/product"}],"replies":[{"embeddable":true,"href":"https:\/\/acenoxkitchenequipment.com\/pt\/wp-json\/wp\/v2\/comments?post=3964"}],"version-history":[{"count":0,"href":"https:\/\/acenoxkitchenequipment.com\/pt\/wp-json\/wp\/v2\/product\/3964\/revisions"}],"wp:featuredmedia":[{"embeddable":true,"href":"https:\/\/acenoxkitchenequipment.com\/pt\/wp-json\/wp\/v2\/media\/9020"}],"wp:attachment":[{"href":"https:\/\/acenoxkitchenequipment.com\/pt\/wp-json\/wp\/v2\/media?parent=3964"}],"wp:term":[{"taxonomy":"product_cat","embeddable":true,"href":"https:\/\/acenoxkitchenequipment.com\/pt\/wp-json\/wp\/v2\/product_cat?post=3964"},{"taxonomy":"product_tag","embeddable":true,"href":"https:\/\/acenoxkitchenequipment.com\/pt\/wp-json\/wp\/v2\/product_tag?post=3964"}],"curies":[{"name":"wp","href":"https:\/\/api.w.org\/{rel}","templated":true}]}}