{"id":3953,"date":"2023-01-04T17:07:14","date_gmt":"2023-01-04T09:07:14","guid":{"rendered":"https:\/\/acenoxkitchenequipment.com\/?post_type=product&#038;p=3953"},"modified":"2024-03-09T16:55:12","modified_gmt":"2024-03-09T08:55:12","slug":"commercial-glass-door-display-chiller","status":"publish","type":"product","link":"https:\/\/acenoxkitchenequipment.com\/pt\/produto\/commercial-glass-door-display-chiller\/","title":{"rendered":"Porta de vidro do refrigerador de exibi\u00e7\u00e3o"},"content":{"rendered":"<h3>Exibi\u00e7\u00e3o do resfriador<\/h3>\n<p>Este modelo vertical de refrigerador com porta de vidro \u00e9 comumente usado em v\u00e1rios ambientes comerciais para fins de refrigera\u00e7\u00e3o e exibi\u00e7\u00e3o.<\/p>\n<p><strong>Caracter\u00edsticas:<\/strong><\/p>\n<p>Modelo: VGD-3W<\/p>\n<p>\u25a0 Materiais: A\u00e7o pintado, moldura da porta de alum\u00ednio<\/p>\n<p>\u25a0 Tamanho: 1880 mm \u00d7 735 mm \u00d7 2090 mm<\/p>\n<p>\u25a0 Portas de fechamento autom\u00e1tico, camadas duplas \u00e0 prova de explos\u00e3o de vidros Low-E<\/p>\n<p>\u25a0 220V\/50Hz, +2\u2103~+8\u2103<\/p>\n<p>\u25a0 Resfriamento ventilado, Compressor Donper\/Compressor Embraco<\/p>\n<p>\u25a0 Prateleiras internas com revestimento de PVC de quatro camadas<\/p>\n<p>\u25a0 Controlador de temperatura digital da marca, proporcionando ajustes precisos de temperatura, permitindo um controle mais preciso da temperatura dentro do refrigerador. Isto \u00e9 crucial para manter condi\u00e7\u00f5es ideais de armazenamento de bebidas ou alimentos.<\/p>\n<p>\u25a0 Rodas silenciosas, duas com freios<\/p>\n<p>\u25a0 Cada porta possui duas faixas de luz LED verticais para iluminar a mercadoria de forma excelente<\/p>\n<p>\u25a0 Por\u00e3o de a\u00e7o revestido, custo econ\u00f4mico, mas qualidade dur\u00e1vel<\/p>\n<p>\u25a0 Aplica\u00e7\u00e3o: temperatura\u226432\u2103, umidade abaixo de 65%<\/p>\n<p>Aviso: Ambiente aplic\u00e1vel: Temperatura ambiente abaixo de 32 \u2103<\/p>\n<p>&nbsp;<\/p>","protected":false},"excerpt":{"rendered":"<p>Este refrigerador de exibi\u00e7\u00e3o vertical possui tr\u00eas portas de vidro, a cor pode ser branca, preta ou outras cores personalizadas. Tamanho ideal para exibir bebidas geladas, cerveja, etc. O logotipo de sua marca e adesivo publicit\u00e1rio podem ser impressos para serem colocados na parte superior do resfriador<\/p>","protected":false},"featured_media":9036,"comment_status":"open","ping_status":"closed","template":"","meta":{"_seopress_robots_primary_cat":"none","_seopress_titles_title":"Display Chiller Manufacturer %%sep%%Glass Door Chiller","_seopress_titles_desc":"A perfect display chiller in retail establishments, including supermarkets, grocery stores, and convenience stores. Order in bulk for exclusive discounts.","_seopress_robots_index":""},"product_cat":[60],"product_tag":[135],"_links":{"self":[{"href":"https:\/\/acenoxkitchenequipment.com\/pt\/wp-json\/wp\/v2\/product\/3953"}],"collection":[{"href":"https:\/\/acenoxkitchenequipment.com\/pt\/wp-json\/wp\/v2\/product"}],"about":[{"href":"https:\/\/acenoxkitchenequipment.com\/pt\/wp-json\/wp\/v2\/types\/product"}],"replies":[{"embeddable":true,"href":"https:\/\/acenoxkitchenequipment.com\/pt\/wp-json\/wp\/v2\/comments?post=3953"}],"version-history":[{"count":0,"href":"https:\/\/acenoxkitchenequipment.com\/pt\/wp-json\/wp\/v2\/product\/3953\/revisions"}],"wp:featuredmedia":[{"embeddable":true,"href":"https:\/\/acenoxkitchenequipment.com\/pt\/wp-json\/wp\/v2\/media\/9036"}],"wp:attachment":[{"href":"https:\/\/acenoxkitchenequipment.com\/pt\/wp-json\/wp\/v2\/media?parent=3953"}],"wp:term":[{"taxonomy":"product_cat","embeddable":true,"href":"https:\/\/acenoxkitchenequipment.com\/pt\/wp-json\/wp\/v2\/product_cat?post=3953"},{"taxonomy":"product_tag","embeddable":true,"href":"https:\/\/acenoxkitchenequipment.com\/pt\/wp-json\/wp\/v2\/product_tag?post=3953"}],"curies":[{"name":"wp","href":"https:\/\/api.w.org\/{rel}","templated":true}]}}