{"id":2531,"date":"2022-10-28T13:24:35","date_gmt":"2022-10-28T05:24:35","guid":{"rendered":"http:\/\/acenoxkitchenequipment.com\/?post_type=product&#038;p=2531"},"modified":"2023-07-05T18:38:52","modified_gmt":"2023-07-05T10:38:52","slug":"janitorial-hand-washing-mop-sink","status":"publish","type":"product","link":"https:\/\/acenoxkitchenequipment.com\/pt\/produto\/janitorial-hand-washing-mop-sink\/","title":{"rendered":"Lavagem de m\u00e3os e pia com esfreg\u00e3o"},"content":{"rendered":"<h3>Caracter\u00edsticas da lavagem de m\u00e3os e pia com esfreg\u00e3o:<\/h3>\n<ul>\n<li><strong><span data-preserver-spaces=\"true\">Materiais:\u00a0<\/span><\/strong><span data-preserver-spaces=\"true\">sugerimos o uso de a\u00e7o inoxid\u00e1vel 304 com bom desempenho antiferrugem, ou a\u00e7o inoxid\u00e1vel 201 como econ\u00f4mico, tipo resistente, por se tratar de uma pia de limpeza multifuncional, o tipo resistente o torna suficientemente est\u00e1vel.<\/span><\/li>\n<li><strong><span data-preserver-spaces=\"true\">Tigela Superior:\u00a0\u00a0<\/span><\/strong><span data-preserver-spaces=\"true\">390mm\u00d7240mm\u00d7120mm, dreno inclu\u00eddo.<\/span><\/li>\n<li><strong><span data-preserver-spaces=\"true\">UnderBowl:\u00a0<\/span><\/strong><span data-preserver-spaces=\"true\">400 mm \u00d7 300 mm \u00d7 200 mm (padr\u00e3o), dreno inclu\u00eddo<\/span><\/li>\n<li><strong><span data-preserver-spaces=\"true\">Estrutura:\u00a0<\/span><\/strong><span data-preserver-spaces=\"true\">tipo sem montagem, embalagem plana.<\/span><\/li>\n<li><strong><span data-preserver-spaces=\"true\">Tamanho da embalagem:\u00a0<\/span><\/strong><span data-preserver-spaces=\"true\">\u00a0530 mm \u00d7 620 mm \u00d7 620 mm<\/span><\/li>\n<li><strong><span data-preserver-spaces=\"true\">Instala\u00e7\u00e3o:\u00a0<\/span><\/strong><span data-preserver-spaces=\"true\">independente com quatro pernas, os p\u00e9s podem ser ajust\u00e1veis.\u00a0<\/span><\/li>\n<li><strong><span data-preserver-spaces=\"true\">Outros:\u00a0<\/span><\/strong><span data-preserver-spaces=\"true\">grade de suporte \u00e9 oferecida, ela tamb\u00e9m pode ser removida.<\/span><\/li>\n<\/ul>","protected":false},"excerpt":{"rendered":"<p>Esta combina\u00e7\u00e3o de pia de limpeza tem m\u00faltiplas fun\u00e7\u00f5es, lavagem de m\u00e3os, limpeza de balde ou como pia de esfreg\u00e3o, feita de a\u00e7o inoxid\u00e1vel 304, formato e tamanho podem ser personalizados.<\/p>","protected":false},"featured_media":5407,"comment_status":"open","ping_status":"closed","template":"","meta":{"_seopress_robots_primary_cat":"none","_seopress_titles_title":"Janitorial Hand Washing &amp; mop Sink %%sep%%Acenox Manufacturing","_seopress_titles_desc":"MOQ: 5 Pcs; This janitorial sink combination has multiple functions, hand washing, bucket cleaning or as a mop sink, made of stainless steel 304.","_seopress_robots_index":""},"product_cat":[53],"product_tag":[181],"_links":{"self":[{"href":"https:\/\/acenoxkitchenequipment.com\/pt\/wp-json\/wp\/v2\/product\/2531"}],"collection":[{"href":"https:\/\/acenoxkitchenequipment.com\/pt\/wp-json\/wp\/v2\/product"}],"about":[{"href":"https:\/\/acenoxkitchenequipment.com\/pt\/wp-json\/wp\/v2\/types\/product"}],"replies":[{"embeddable":true,"href":"https:\/\/acenoxkitchenequipment.com\/pt\/wp-json\/wp\/v2\/comments?post=2531"}],"version-history":[{"count":0,"href":"https:\/\/acenoxkitchenequipment.com\/pt\/wp-json\/wp\/v2\/product\/2531\/revisions"}],"wp:featuredmedia":[{"embeddable":true,"href":"https:\/\/acenoxkitchenequipment.com\/pt\/wp-json\/wp\/v2\/media\/5407"}],"wp:attachment":[{"href":"https:\/\/acenoxkitchenequipment.com\/pt\/wp-json\/wp\/v2\/media?parent=2531"}],"wp:term":[{"taxonomy":"product_cat","embeddable":true,"href":"https:\/\/acenoxkitchenequipment.com\/pt\/wp-json\/wp\/v2\/product_cat?post=2531"},{"taxonomy":"product_tag","embeddable":true,"href":"https:\/\/acenoxkitchenequipment.com\/pt\/wp-json\/wp\/v2\/product_tag?post=2531"}],"curies":[{"name":"wp","href":"https:\/\/api.w.org\/{rel}","templated":true}]}}