{"id":2422,"date":"2022-10-13T15:02:54","date_gmt":"2022-10-13T07:02:54","guid":{"rendered":"http:\/\/acenoxkitchenequipment.com\/?post_type=product&#038;p=2422"},"modified":"2023-07-23T20:33:54","modified_gmt":"2023-07-23T12:33:54","slug":"stainless-steel-hood-filters","status":"publish","type":"product","link":"https:\/\/acenoxkitchenequipment.com\/pt\/produto\/stainless-steel-hood-filters\/","title":{"rendered":"Filtros de graxa tipo defletor"},"content":{"rendered":"<p>Filtros de cap\u00f4 de a\u00e7o inoxid\u00e1vel tipo defletor<\/p>\n<p>O defletor \u00e9 feito por molde, portanto, todos os defletores s\u00e3o padronizados com apar\u00eancia unificada<\/p>\n<p><strong><b>Caracter\u00edsticas:<\/b><\/strong><\/p>\n<ul>\n<li><strong>Materiais: <\/strong>feito de a\u00e7o inoxid\u00e1vel 430. Acabamento espelhado.<strong><br \/>\n<\/strong><\/li>\n<li><strong><strong>Desempenho: <\/strong><\/strong>Superf\u00edcie antiferrugem e lisa<\/li>\n<li><strong>Estrutura:<\/strong>\u00c9 montado por rebite, sem cicatrizes de soldagem do lado de fora<\/li>\n<li><strong>Arte: <\/strong>sem arestas vivas, sem arranh\u00f5es<\/li>\n<li>Tamanho personalizado est\u00e1 dispon\u00edvel<\/li>\n<\/ul>\n<p><strong>Quantidade m\u00ednima<\/strong><\/p>\n<p>A quantidade m\u00ednima de pedido \u00e9 de 50 unidades<\/p>\n<p>Uma amostra \u00e9 gr\u00e1tis para voc\u00ea verificar nossa qualidade!<\/p>","protected":false},"excerpt":{"rendered":"<p>O defletor e a estrutura s\u00e3o feitos de a\u00e7o inoxid\u00e1vel 430 ou 201. Acabamento espelhado. Superf\u00edcie antiferrugem e lisa<br \/>\n\u00c9 montado por rebite, 6 unidades em uma caixa, MOQ: 50 unidades, o tamanho \u00e9 personalizado.<\/p>","protected":false},"featured_media":3612,"comment_status":"closed","ping_status":"closed","template":"","meta":{"_seopress_robots_primary_cat":"none","_seopress_titles_title":"","_seopress_titles_desc":"","_seopress_robots_index":""},"product_cat":[35],"product_tag":[86],"_links":{"self":[{"href":"https:\/\/acenoxkitchenequipment.com\/pt\/wp-json\/wp\/v2\/product\/2422"}],"collection":[{"href":"https:\/\/acenoxkitchenequipment.com\/pt\/wp-json\/wp\/v2\/product"}],"about":[{"href":"https:\/\/acenoxkitchenequipment.com\/pt\/wp-json\/wp\/v2\/types\/product"}],"replies":[{"embeddable":true,"href":"https:\/\/acenoxkitchenequipment.com\/pt\/wp-json\/wp\/v2\/comments?post=2422"}],"version-history":[{"count":0,"href":"https:\/\/acenoxkitchenequipment.com\/pt\/wp-json\/wp\/v2\/product\/2422\/revisions"}],"wp:featuredmedia":[{"embeddable":true,"href":"https:\/\/acenoxkitchenequipment.com\/pt\/wp-json\/wp\/v2\/media\/3612"}],"wp:attachment":[{"href":"https:\/\/acenoxkitchenequipment.com\/pt\/wp-json\/wp\/v2\/media?parent=2422"}],"wp:term":[{"taxonomy":"product_cat","embeddable":true,"href":"https:\/\/acenoxkitchenequipment.com\/pt\/wp-json\/wp\/v2\/product_cat?post=2422"},{"taxonomy":"product_tag","embeddable":true,"href":"https:\/\/acenoxkitchenequipment.com\/pt\/wp-json\/wp\/v2\/product_tag?post=2422"}],"curies":[{"name":"wp","href":"https:\/\/api.w.org\/{rel}","templated":true}]}}