{"id":2395,"date":"2022-10-13T10:18:16","date_gmt":"2022-10-13T02:18:16","guid":{"rendered":"http:\/\/acenoxkitchenequipment.com\/?post_type=product&#038;p=2395"},"modified":"2023-02-08T17:09:57","modified_gmt":"2023-02-08T09:09:57","slug":"commercial-exhaust-hood-with-makeup-air","status":"publish","type":"product","link":"https:\/\/acenoxkitchenequipment.com\/pt\/produto\/commercial-exhaust-hood-with-makeup-air\/","title":{"rendered":"Exaustor Comercial com Makeup Air"},"content":{"rendered":"<p>Na cozinha comercial, normalmente temos v\u00e1rios exaustores que podem funcionar de forma diferente para diferentes finalidades, para fog\u00e3o, para cozinhar a vapor, para m\u00e1quina de lavar lou\u00e7a, etc.<\/p>\n<p>Caracter\u00edsticas:<\/p>\n<ul>\n<li>Materiais: a\u00e7o inoxid\u00e1vel 100% constru\u00eddo, a\u00e7o 304, a\u00e7o 201, a\u00e7o 430 para escolha.<\/li>\n<li>Fun\u00e7\u00e3o: eliminar a gordura e a fuma\u00e7a prejudicial e soprar ar fresco<\/li>\n<li>Inclui: 1. Cap\u00f4 2. Filtros 3. Luzes LED (ventiladores n\u00e3o inclu\u00eddos)<\/li>\n<li>Filtros: geralmente os filtros defletores s\u00e3o os mais populares. A graxa extra\u00edda pelo filtro \u00e9 coletada em uma gamela de graxa. Existem diferentes filtros para escolha.<\/li>\n<li>Estrutura do cap\u00f4: integral<\/li>\n<li>Tamanho: o comprimento pode ser personalizado, altura geralmente 50cm, profundidade geralmente 90cm ou 100cm.<\/li>\n<\/ul>\n<p>&nbsp;<\/p>","protected":false},"excerpt":{"rendered":"<p>Este exaustor comercial inclui filtros, luzes LED e ventiladores para ar fresco. o tamanho pode ser personalizado.<\/p>","protected":false},"featured_media":2398,"comment_status":"closed","ping_status":"closed","template":"","meta":{"_seopress_robots_primary_cat":"none","_seopress_titles_title":"","_seopress_titles_desc":"","_seopress_robots_index":""},"product_cat":[35],"product_tag":[86],"_links":{"self":[{"href":"https:\/\/acenoxkitchenequipment.com\/pt\/wp-json\/wp\/v2\/product\/2395"}],"collection":[{"href":"https:\/\/acenoxkitchenequipment.com\/pt\/wp-json\/wp\/v2\/product"}],"about":[{"href":"https:\/\/acenoxkitchenequipment.com\/pt\/wp-json\/wp\/v2\/types\/product"}],"replies":[{"embeddable":true,"href":"https:\/\/acenoxkitchenequipment.com\/pt\/wp-json\/wp\/v2\/comments?post=2395"}],"version-history":[{"count":0,"href":"https:\/\/acenoxkitchenequipment.com\/pt\/wp-json\/wp\/v2\/product\/2395\/revisions"}],"wp:featuredmedia":[{"embeddable":true,"href":"https:\/\/acenoxkitchenequipment.com\/pt\/wp-json\/wp\/v2\/media\/2398"}],"wp:attachment":[{"href":"https:\/\/acenoxkitchenequipment.com\/pt\/wp-json\/wp\/v2\/media?parent=2395"}],"wp:term":[{"taxonomy":"product_cat","embeddable":true,"href":"https:\/\/acenoxkitchenequipment.com\/pt\/wp-json\/wp\/v2\/product_cat?post=2395"},{"taxonomy":"product_tag","embeddable":true,"href":"https:\/\/acenoxkitchenequipment.com\/pt\/wp-json\/wp\/v2\/product_tag?post=2395"}],"curies":[{"name":"wp","href":"https:\/\/api.w.org\/{rel}","templated":true}]}}