{"id":1559,"date":"2022-08-09T15:38:36","date_gmt":"2022-08-09T07:38:36","guid":{"rendered":"http:\/\/acenoxkitchenequipment.com\/?post_type=product&#038;p=1559"},"modified":"2024-07-03T20:42:14","modified_gmt":"2024-07-03T12:42:14","slug":"curved-refrigerated-cake-display","status":"publish","type":"product","link":"https:\/\/acenoxkitchenequipment.com\/pt\/produto\/curved-refrigerated-cake-display\/","title":{"rendered":"Expositor curvo para bolo refrigerado"},"content":{"rendered":"<h3><span class=\"zRhise\"><span class=\"PkjLuf\" title=\"fornecedor comercial de displays de bolo de vidro curvo\">Fornecedor comercial de displays para bolo de vidro:<\/span><\/span><\/h3>\n<ul>\n<li><strong>Vidros Curvos:<\/strong><\/li>\n<\/ul>\n<p>O display curvo para bolos refrigerados oferece uma vis\u00e3o abrangente e direta das sobremesas e bolos dentro da caixa. As pessoas podem ter uma vis\u00e3o completa dos displays sem quaisquer barreiras f\u00edsicas. Os \u00f3culos curvos s\u00e3o elegantes e visualmente marcantes.<\/p>\n<ul>\n<li><strong>Vidros Temperados<\/strong><\/li>\n<\/ul>\n<ul>\n<li><strong>Temperatura: <\/strong><\/li>\n<\/ul>\n<p>Estabelecemos a temperatura em +2\u2103~+8\u2103. A m\u00e1quina funcionar\u00e1 e manter\u00e1 a temperatura constante dentro desta faixa, o que \u00e9 ideal para conservar bolos, natas e outras sobremesas frescas e com bom sabor.<\/p>\n<ul>\n<li><strong>\u00d3culos antiemba\u00e7antes Low-E<\/strong><\/li>\n<\/ul>\n<p>Usamos \u00f3culos Low-E e fun\u00e7\u00f5es de sopro de ar quente para evitar emba\u00e7amento, o que pode ser usado na maioria das circunst\u00e2ncias. O custo \u00e9 muito menor do que o aquecimento de vidros de arame<\/p>\n<p>\u00c9 importante observar que a escolha entre uma vitrine curva ou em \u00e2ngulo reto depende, em \u00faltima an\u00e1lise, de fatores como prefer\u00eancias espec\u00edficas de design, espa\u00e7o dispon\u00edvel e est\u00e9tica geral da padaria ou loja.<\/p>\n<p>Como fabricante experiente, oferecemos design individualizado de materiais, cores e at\u00e9 formas, estruturas, etc.<\/p>\n<p>&nbsp;<\/p>\n<p>Ambiente aplic\u00e1vel: Temperatura ambiente melhor abaixo de 35 \u2103<\/p>\n<p>&nbsp;<\/p>\n<p>&nbsp;<\/p>\n<p>&nbsp;<\/p>\n<p>&nbsp;<\/p>\n<p>&nbsp;<\/p>\n<p>&nbsp;<\/p>\n<p>&nbsp;<\/p>","protected":false},"excerpt":{"rendered":"<ul>\n<li>Expositor refrigerado para bolos com janela de vidro frontal curva<\/li>\n<li>Excelente economia de energia e isolamento<\/li>\n<li>N\u00e3o vai deixar suas sobremesas e bolos secos, mantenha a umidade dentro da caixa<\/li>\n<li>\u00d3culos Termperd, mais resistentes e seguros<\/li>\n<\/ul>","protected":false},"featured_media":0,"comment_status":"closed","ping_status":"closed","template":"","meta":{"_seopress_robots_primary_cat":"none","_seopress_titles_title":"","_seopress_titles_desc":"This refrigerated bakery display case offers a comprehensive and direct view of the deserts and cakes inside the case. Made of stainless steel, Embraco compressor","_seopress_robots_index":""},"product_cat":[59],"product_tag":[182],"_links":{"self":[{"href":"https:\/\/acenoxkitchenequipment.com\/pt\/wp-json\/wp\/v2\/product\/1559"}],"collection":[{"href":"https:\/\/acenoxkitchenequipment.com\/pt\/wp-json\/wp\/v2\/product"}],"about":[{"href":"https:\/\/acenoxkitchenequipment.com\/pt\/wp-json\/wp\/v2\/types\/product"}],"replies":[{"embeddable":true,"href":"https:\/\/acenoxkitchenequipment.com\/pt\/wp-json\/wp\/v2\/comments?post=1559"}],"version-history":[{"count":0,"href":"https:\/\/acenoxkitchenequipment.com\/pt\/wp-json\/wp\/v2\/product\/1559\/revisions"}],"wp:attachment":[{"href":"https:\/\/acenoxkitchenequipment.com\/pt\/wp-json\/wp\/v2\/media?parent=1559"}],"wp:term":[{"taxonomy":"product_cat","embeddable":true,"href":"https:\/\/acenoxkitchenequipment.com\/pt\/wp-json\/wp\/v2\/product_cat?post=1559"},{"taxonomy":"product_tag","embeddable":true,"href":"https:\/\/acenoxkitchenequipment.com\/pt\/wp-json\/wp\/v2\/product_tag?post=1559"}],"curies":[{"name":"wp","href":"https:\/\/api.w.org\/{rel}","templated":true}]}}