{"id":1471,"date":"2022-04-26T16:55:39","date_gmt":"2022-04-26T08:55:39","guid":{"rendered":"http:\/\/acenoxkitchenequipment.com\/?post_type=product&#038;p=1471"},"modified":"2023-06-04T12:12:48","modified_gmt":"2023-06-04T04:12:48","slug":"hand-wash-sink","status":"publish","type":"product","link":"https:\/\/acenoxkitchenequipment.com\/pt\/produto\/hand-wash-sink\/","title":{"rendered":"Pia comercial de m\u00e3os livres"},"content":{"rendered":"<p>Esta pia m\u00e3os livres ocupa muito pouco espa\u00e7o. A estrutura montada na parede \u00e9 muito s\u00f3lida e f\u00e1cil de instalar.<\/p>\n<p>\u00c9 muito popular e amplamente utilizado em diversas \u00e1reas. completamente em a\u00e7o inoxid\u00e1vel, v\u00e1rios formatos de bacia podem ser escolhidos, o tamanho \u00e9 personalizado.<\/p>\n<p><strong><b>Caracter\u00edsticas:<\/b><\/strong><\/p>\n<p>Esta \u00e9 uma pia para lavagem de m\u00e3os operada no joelho para uso comercial, com as m\u00e3os livres.<\/p>\n<p>As pias s\u00e3o modulares sem cicatrizes de soldagem, boa apar\u00eancia.<\/p>\n<p><strong><b>Especifica\u00e7\u00e3o:<\/b><\/strong><br \/>\nMaterial: a\u00e7o inoxid\u00e1vel 304 para escolha premium, a\u00e7o inoxid\u00e1vel 201 para escolha comum<br \/>\nDimens\u00e3o (C\/L\/A): 400*400*240 mm<br \/>\nOpera\u00e7\u00e3o: opera\u00e7\u00e3o no joelho<\/p>\n<p><strong><b>Embalagem inclu\u00edda:<\/b><\/strong><br \/>\n1x pia<br \/>\n1x mangueira<br \/>\n1x dreno e 1\u00d7 tubo de drenagem<br \/>\n1x sif\u00e3o<br \/>\n1x v\u00e1lvula de mistura mec\u00e2nica<\/p>\n<p><strong><b>Op\u00e7\u00f5es: <\/b><\/strong><\/p>\n<p>1x torneira<br \/>\n1x dispensador de sab\u00e3o<\/p>\n<p><strong>Quantidade m\u00ednima<\/strong><\/p>\n<p>A quantidade m\u00ednima de pedido \u00e9 de 5 unidades para cada tamanho<\/p>\n<p>Uma amostra com pre\u00e7o de atacado est\u00e1 dispon\u00edvel para voc\u00ea verificar nossa qualidade!<\/p>","protected":false},"excerpt":{"rendered":"<p>Esta pia m\u00e3os livres ocupa muito pouco espa\u00e7o. A estrutura montada na parede \u00e9 muito s\u00f3lida e f\u00e1cil de instalar. \u00c9 muito popular e amplamente utilizado em diversas \u00e1reas. completamente em a\u00e7o inoxid\u00e1vel, v\u00e1rios formatos de bacia podem ser escolhidos, o tamanho \u00e9 personalizado.<\/p>","protected":false},"featured_media":5420,"comment_status":"closed","ping_status":"closed","template":"","meta":{"_seopress_robots_primary_cat":"none","_seopress_titles_title":"","_seopress_titles_desc":"This hands free sink takes up very little space. Wall mounted structure is very solid and easy to install.","_seopress_robots_index":""},"product_cat":[53],"product_tag":[149],"_links":{"self":[{"href":"https:\/\/acenoxkitchenequipment.com\/pt\/wp-json\/wp\/v2\/product\/1471"}],"collection":[{"href":"https:\/\/acenoxkitchenequipment.com\/pt\/wp-json\/wp\/v2\/product"}],"about":[{"href":"https:\/\/acenoxkitchenequipment.com\/pt\/wp-json\/wp\/v2\/types\/product"}],"replies":[{"embeddable":true,"href":"https:\/\/acenoxkitchenequipment.com\/pt\/wp-json\/wp\/v2\/comments?post=1471"}],"version-history":[{"count":0,"href":"https:\/\/acenoxkitchenequipment.com\/pt\/wp-json\/wp\/v2\/product\/1471\/revisions"}],"wp:featuredmedia":[{"embeddable":true,"href":"https:\/\/acenoxkitchenequipment.com\/pt\/wp-json\/wp\/v2\/media\/5420"}],"wp:attachment":[{"href":"https:\/\/acenoxkitchenequipment.com\/pt\/wp-json\/wp\/v2\/media?parent=1471"}],"wp:term":[{"taxonomy":"product_cat","embeddable":true,"href":"https:\/\/acenoxkitchenequipment.com\/pt\/wp-json\/wp\/v2\/product_cat?post=1471"},{"taxonomy":"product_tag","embeddable":true,"href":"https:\/\/acenoxkitchenequipment.com\/pt\/wp-json\/wp\/v2\/product_tag?post=1471"}],"curies":[{"name":"wp","href":"https:\/\/api.w.org\/{rel}","templated":true}]}}