{"id":1465,"date":"2022-04-26T14:20:52","date_gmt":"2022-04-26T06:20:52","guid":{"rendered":"http:\/\/acenoxkitchenequipment.com\/?post_type=product&#038;p=1465"},"modified":"2023-06-02T12:07:48","modified_gmt":"2023-06-02T04:07:48","slug":"stainless-steel-industrial-sink","status":"publish","type":"product","link":"https:\/\/acenoxkitchenequipment.com\/pt\/produto\/stainless-steel-industrial-sink\/","title":{"rendered":"Pia Industrial de A\u00e7o Inoxid\u00e1vel"},"content":{"rendered":"<p><strong><b>Caracter\u00edsticas:<\/b><\/strong><\/p>\n<p>A pia industrial se diferencia da pia dom\u00e9stica, geralmente vem com um tamanho maior, mais resistente e dur\u00e1vel.<\/p>\n<p>Pode ser utilizado em algumas oficinas de f\u00e1bricas, limpeza de salas de hospitais, por\u00e9m, seu uso mais comum \u00e9 em cozinhas comerciais de restaurantes, hot\u00e9is, escolas ou supermercados, etc.<\/p>\n<p>Este modelo vem com um design simples, sem prateleiras ou folhas extras, portanto, seu custo \u00e9 muito econ\u00f4mico e amplamente escolhido pelos clientes.<\/p>\n<p>De acordo com o n\u00famero de pias, as pias s\u00e3o classificadas em pias simples, pias duplas e pias triplas, bem como se v\u00eam com escorredor.<\/p>\n<ul>\n<li><strong>Parte superior de trabalho:<\/strong> geralmente 0,8 mm ou 1,0 mm de espessura \u00e9 a melhor escolha<\/li>\n<li><strong>Tigela para pia:<\/strong> o tamanho \u00e9 500 \u00d7 400 \u00d7 250 mm \/ 500 \u00d7 500 \u00d7 250 mm, materiais inoxid\u00e1veis de alta qualidade, tigelas modulares, polimento interno limpo e arrumado, f\u00e1cil de manter, apar\u00eancia bonita.<\/li>\n<li><strong>Prateleira inferior: N\/M<\/strong><\/li>\n<li><strong>Backsplash:<\/strong> 100 mm de altura<\/li>\n<li><strong>Pernas:<\/strong> Pernas redondas com p\u00e9s ajust\u00e1veis<\/li>\n<\/ul>\n<p><strong>Quantidade m\u00ednima<\/strong><\/p>\n<p>A quantidade m\u00ednima de pedido \u00e9 de 5 unidades para cada tamanho<\/p>","protected":false},"excerpt":{"rendered":"<p>Esta \u00e9 uma pia industrial para uso em cozinha comercial, vem com um design simples, sem prateleira inferior ou folhas extras. O tamanho personalizado est\u00e1 dispon\u00edvel.<\/p>","protected":false},"featured_media":5421,"comment_status":"closed","ping_status":"closed","template":"","meta":{"_seopress_robots_primary_cat":"none","_seopress_titles_title":"","_seopress_titles_desc":"industrial sink for commercial kitchen use, it comes with a simple design without undershelf or extra sheets, economic and widely chosed by customers.","_seopress_robots_index":""},"product_cat":[53],"product_tag":[148],"_links":{"self":[{"href":"https:\/\/acenoxkitchenequipment.com\/pt\/wp-json\/wp\/v2\/product\/1465"}],"collection":[{"href":"https:\/\/acenoxkitchenequipment.com\/pt\/wp-json\/wp\/v2\/product"}],"about":[{"href":"https:\/\/acenoxkitchenequipment.com\/pt\/wp-json\/wp\/v2\/types\/product"}],"replies":[{"embeddable":true,"href":"https:\/\/acenoxkitchenequipment.com\/pt\/wp-json\/wp\/v2\/comments?post=1465"}],"version-history":[{"count":0,"href":"https:\/\/acenoxkitchenequipment.com\/pt\/wp-json\/wp\/v2\/product\/1465\/revisions"}],"wp:featuredmedia":[{"embeddable":true,"href":"https:\/\/acenoxkitchenequipment.com\/pt\/wp-json\/wp\/v2\/media\/5421"}],"wp:attachment":[{"href":"https:\/\/acenoxkitchenequipment.com\/pt\/wp-json\/wp\/v2\/media?parent=1465"}],"wp:term":[{"taxonomy":"product_cat","embeddable":true,"href":"https:\/\/acenoxkitchenequipment.com\/pt\/wp-json\/wp\/v2\/product_cat?post=1465"},{"taxonomy":"product_tag","embeddable":true,"href":"https:\/\/acenoxkitchenequipment.com\/pt\/wp-json\/wp\/v2\/product_tag?post=1465"}],"curies":[{"name":"wp","href":"https:\/\/api.w.org\/{rel}","templated":true}]}}