{"id":1460,"date":"2022-04-20T17:12:54","date_gmt":"2022-04-20T09:12:54","guid":{"rendered":"http:\/\/acenoxkitchenequipment.com\/?post_type=product&#038;p=1460"},"modified":"2023-06-02T15:16:46","modified_gmt":"2023-06-02T07:16:46","slug":"stainless-steel-table-with-sink","status":"publish","type":"product","link":"https:\/\/acenoxkitchenequipment.com\/pt\/produto\/stainless-steel-table-with-sink\/","title":{"rendered":"Mesa de a\u00e7o inoxid\u00e1vel com pia"},"content":{"rendered":"<p>Possui escorredor e uma prateleira inferior, a prateleira inferior pode ser retirada.<\/p>\n<p>A\u00e7o 304 ou a\u00e7o 201 est\u00e3o dispon\u00edveis.<\/p>\n<p><strong><b>Caracter\u00edsticas:<\/b><\/strong><\/p>\n<ul>\n<li>Esta mesa de a\u00e7o inoxid\u00e1vel vem com uma pia \u00e0 esquerda ou \u00e0 direita, que \u00e9 conveniente para lavar as m\u00e3os ou limpar coisas.<\/li>\n<li>Possui tamb\u00e9m uma prateleira inferior, que pode ser utilizada para colocar panelas e frigideiras.<\/li>\n<li>O escorredor tem design plano, voc\u00ea pode trabalhar nele para preparar ou colocar pratos ou fazer alguns trabalhos de lavagem de lou\u00e7a<\/li>\n<li>As pernas s\u00e3o redondas, di\u00e2m. 38 mm ou 42 mm \u00e9 a boa escolha.<\/li>\n<li>Estrutura n\u00e3o montada, pacote pequeno e plano, economiza muito custo de entrega e frete gr\u00e1tis<\/li>\n<li>A estrutura \u00e9 muito s\u00f3lida, utilizamos ferragens resistentes para montar todas as pe\u00e7as, a firmeza \u00e9 igual \u00e0 soldada.<\/li>\n<li>As tigelas podem ser modulares ou soldadas, ambos os tipos podem ser fornecidos por n\u00f3s.<\/li>\n<li>tigela \u00fanica, tigelas duplas ou tigelas triplas para atender a diferentes requisitos de tamanho<\/li>\n<\/ul>\n<p>&nbsp;<\/p>","protected":false},"excerpt":{"rendered":"<p>Esta mesa de a\u00e7o inoxid\u00e1vel vem com uma pia \u00e0 esquerda ou \u00e0 direita, que \u00e9 conveniente para lavar as m\u00e3os ou limpar coisas. A\u00e7o 304 ou a\u00e7o 201 est\u00e3o todos dispon\u00edveis<\/p>","protected":false},"featured_media":5419,"comment_status":"closed","ping_status":"closed","template":"","meta":{"_seopress_robots_primary_cat":"none","_seopress_titles_title":"Stainless Steel Table With Sink %%sep%%China Manufacturer %%sep%%Acenox","_seopress_titles_desc":"This stainless steel table comes with an sink bowl in left or right, which is convenient to wash hands or cleaning stuff. 304 steel or 201 steel are all avaliable","_seopress_robots_index":""},"product_cat":[53],"product_tag":[153],"_links":{"self":[{"href":"https:\/\/acenoxkitchenequipment.com\/pt\/wp-json\/wp\/v2\/product\/1460"}],"collection":[{"href":"https:\/\/acenoxkitchenequipment.com\/pt\/wp-json\/wp\/v2\/product"}],"about":[{"href":"https:\/\/acenoxkitchenequipment.com\/pt\/wp-json\/wp\/v2\/types\/product"}],"replies":[{"embeddable":true,"href":"https:\/\/acenoxkitchenequipment.com\/pt\/wp-json\/wp\/v2\/comments?post=1460"}],"version-history":[{"count":0,"href":"https:\/\/acenoxkitchenequipment.com\/pt\/wp-json\/wp\/v2\/product\/1460\/revisions"}],"wp:featuredmedia":[{"embeddable":true,"href":"https:\/\/acenoxkitchenequipment.com\/pt\/wp-json\/wp\/v2\/media\/5419"}],"wp:attachment":[{"href":"https:\/\/acenoxkitchenequipment.com\/pt\/wp-json\/wp\/v2\/media?parent=1460"}],"wp:term":[{"taxonomy":"product_cat","embeddable":true,"href":"https:\/\/acenoxkitchenequipment.com\/pt\/wp-json\/wp\/v2\/product_cat?post=1460"},{"taxonomy":"product_tag","embeddable":true,"href":"https:\/\/acenoxkitchenequipment.com\/pt\/wp-json\/wp\/v2\/product_tag?post=1460"}],"curies":[{"name":"wp","href":"https:\/\/api.w.org\/{rel}","templated":true}]}}