{"id":10532,"date":"2024-09-13T11:40:12","date_gmt":"2024-09-13T03:40:12","guid":{"rendered":"https:\/\/acenoxkitchenequipment.com\/?post_type=product&#038;p=10532"},"modified":"2024-09-13T13:24:26","modified_gmt":"2024-09-13T05:24:26","slug":"hot-food-display","status":"publish","type":"product","link":"https:\/\/acenoxkitchenequipment.com\/pt\/produto\/hot-food-display\/","title":{"rendered":"Hot Food Display"},"content":{"rendered":"<h3>Features of Hot Food Display<\/h3>\n<ul>\n<li>What is Hot Food Display<\/li>\n<\/ul>\n<p>A hot food display is used to showcase and keep food items warm in various settings such as restaurants, bakeries, cafes, delis, and buffets. It is a commercial hot food display, these displays are designed to maintain the temperature at 30\u2103~ 60\u2103 based on different food like <b>sandwiches, pizzas, pastries, and pies<\/b>.<\/p>\n<ul>\n<li>Vidros Temperados<\/li>\n<\/ul>\n<p>Os vidros temperados s\u00e3o muito mais resistentes que os \u00f3culos normais. O vidro temperado pode suportar temperaturas mais altas do que o vidro normal. Isso o torna adequado para aplica\u00e7\u00f5es como portas de forno, fog\u00f5es de mesa e displays de vidro para aquecer alimentos.<\/p>\n<ul>\n<li>30\u2103~70\u2103<\/li>\n<\/ul>\n<p>Este display mais quente pode manter os alimentos com op\u00e7\u00f5es de 30 \u2103 ~ 60 \u2103, os elementos de aquecimento el\u00e9trico de qualidade dur\u00e1vel t\u00eam uma longa vida \u00fatil com mais de 5 anos e podem ser facilmente substitu\u00eddos. N\u00f3s provemos<\/p>\n<ul>\n<li>Qualidade dur\u00e1vel<\/li>\n<\/ul>\n<p>N\u00e3o \u00e9 como os outros expositores de alimentos de m\u00e1 qualidade, que v\u00e3o parar de funcionar depois de algumas vezes, podemos garantir 1 ano de garantia de qualidade, exceto os copos (os copos quebrar\u00e3o se voc\u00ea usar ferramentas pesadas para derrub\u00e1-los). N\u00e3o importa quantas vezes voc\u00ea o ligue, n\u00e3o importa se as luzes LED ou a fun\u00e7\u00e3o de aquecimento funcionar\u00e3o. No entanto, ningu\u00e9m pode garantir produtos 100% perfeitos, uma vez que haja pe\u00e7as danificadas, forneceremos pe\u00e7as gratuitas dentro do per\u00edodo de garantia<\/p>\n<ul>\n<li>Prateleiras totalmente em a\u00e7o inoxid\u00e1vel fornecem<\/li>\n<\/ul>\n<p>Fabrica\u00e7\u00e3o toda em a\u00e7o inox, seguindo as normas de higiene alimentar.<\/p>\n<p>&nbsp;<\/p>\n<h3>Photos Of Hot Food Display:<\/h3>\n<p><img fetchpriority=\"high\" decoding=\"async\" class=\"alignnone  wp-image-10534\" src=\"https:\/\/acenoxkitchenequipment.com\/wp-content\/uploads\/2024\/09\/shelf-of-the-hot-food-display.webp\" alt=\"hot food display\" width=\"699\" height=\"524\" srcset=\"https:\/\/acenoxkitchenequipment.com\/wp-content\/uploads\/2024\/09\/shelf-of-the-hot-food-display.webp 800w, https:\/\/acenoxkitchenequipment.com\/wp-content\/uploads\/2024\/09\/shelf-of-the-hot-food-display-300x225.webp 300w, https:\/\/acenoxkitchenequipment.com\/wp-content\/uploads\/2024\/09\/shelf-of-the-hot-food-display-768x576.webp 768w, https:\/\/acenoxkitchenequipment.com\/wp-content\/uploads\/2024\/09\/shelf-of-the-hot-food-display-16x12.webp 16w, https:\/\/acenoxkitchenequipment.com\/wp-content\/uploads\/2024\/09\/shelf-of-the-hot-food-display-600x450.webp 600w\" sizes=\"(max-width: 699px) 100vw, 699px\" \/><\/p>\n<p><img decoding=\"async\" class=\"alignnone  wp-image-10535\" src=\"https:\/\/acenoxkitchenequipment.com\/wp-content\/uploads\/2024\/09\/commercial-hot-food-display.webp\" alt=\"hot food display\" width=\"698\" height=\"523\" srcset=\"https:\/\/acenoxkitchenequipment.com\/wp-content\/uploads\/2024\/09\/commercial-hot-food-display.webp 800w, https:\/\/acenoxkitchenequipment.com\/wp-content\/uploads\/2024\/09\/commercial-hot-food-display-300x225.webp 300w, https:\/\/acenoxkitchenequipment.com\/wp-content\/uploads\/2024\/09\/commercial-hot-food-display-768x576.webp 768w, https:\/\/acenoxkitchenequipment.com\/wp-content\/uploads\/2024\/09\/commercial-hot-food-display-16x12.webp 16w, https:\/\/acenoxkitchenequipment.com\/wp-content\/uploads\/2024\/09\/commercial-hot-food-display-600x450.webp 600w\" sizes=\"(max-width: 698px) 100vw, 698px\" \/><\/p>\n<p>&nbsp;<\/p>\n<p>&nbsp;<\/p>","protected":false},"excerpt":{"rendered":"<p>Three stainless steel wire shelves, strong and large display volume<\/p>","protected":false},"featured_media":10536,"comment_status":"closed","ping_status":"closed","template":"","meta":{"_seopress_robots_primary_cat":"none","_seopress_titles_title":"Hot Food Display For Pastry For Sale %%sep%%Heavy-duty Stainless","_seopress_titles_desc":"Hot Food Display for Sale, $ 2100.00 for 900mm wide on sale, Get a bottom price from direct manufacturer based at Melbourne,Australia,18 months warranty!","_seopress_robots_index":""},"product_cat":[59],"product_tag":[],"_links":{"self":[{"href":"https:\/\/acenoxkitchenequipment.com\/pt\/wp-json\/wp\/v2\/product\/10532"}],"collection":[{"href":"https:\/\/acenoxkitchenequipment.com\/pt\/wp-json\/wp\/v2\/product"}],"about":[{"href":"https:\/\/acenoxkitchenequipment.com\/pt\/wp-json\/wp\/v2\/types\/product"}],"replies":[{"embeddable":true,"href":"https:\/\/acenoxkitchenequipment.com\/pt\/wp-json\/wp\/v2\/comments?post=10532"}],"version-history":[{"count":0,"href":"https:\/\/acenoxkitchenequipment.com\/pt\/wp-json\/wp\/v2\/product\/10532\/revisions"}],"wp:featuredmedia":[{"embeddable":true,"href":"https:\/\/acenoxkitchenequipment.com\/pt\/wp-json\/wp\/v2\/media\/10536"}],"wp:attachment":[{"href":"https:\/\/acenoxkitchenequipment.com\/pt\/wp-json\/wp\/v2\/media?parent=10532"}],"wp:term":[{"taxonomy":"product_cat","embeddable":true,"href":"https:\/\/acenoxkitchenequipment.com\/pt\/wp-json\/wp\/v2\/product_cat?post=10532"},{"taxonomy":"product_tag","embeddable":true,"href":"https:\/\/acenoxkitchenequipment.com\/pt\/wp-json\/wp\/v2\/product_tag?post=10532"}],"curies":[{"name":"wp","href":"https:\/\/api.w.org\/{rel}","templated":true}]}}