{"id":10497,"date":"2024-08-13T20:03:59","date_gmt":"2024-08-13T12:03:59","guid":{"rendered":"https:\/\/acenoxkitchenequipment.com\/?post_type=product&#038;p=10497"},"modified":"2024-08-13T20:50:11","modified_gmt":"2024-08-13T12:50:11","slug":"commerial-fridge-upright-supplier","status":"publish","type":"product","link":"https:\/\/acenoxkitchenequipment.com\/pt\/produto\/commerial-fridge-upright-supplier\/","title":{"rendered":"Vertical de geladeira comercial"},"content":{"rendered":"<h3>Vertical de geladeira comercial<\/h3>\n<p>Os freezers de porta \u00fanica s\u00e3o essenciais para armazenar ingredientes, diversos sabores de sorvetes, gelatos e guloseimas congeladas. Seu tamanho compacto \u00e9 adequado para estabelecimentos menores com espa\u00e7o limitado.<\/p>\n<p><strong>Caracter\u00edsticas:<\/strong><\/p>\n<ul>\n<li>Usando chapas de a\u00e7o inoxid\u00e1vel de alta qualidade, o design \u00e9 esteticamente agrad\u00e1vel, luxuoso e incorpora um design industrial ecologicamente correto.<\/li>\n<li>Com o revestimento interno moldado, garantindo uma limpeza f\u00e1cil e completa.<\/li>\n<li>Toda a unidade \u00e9 feita com isolamento de espuma de ciclopentano de alta densidade, com espessura de 5 a 6 cm para maior efici\u00eancia energ\u00e9tica e respeito ao meio ambiente.<\/li>\n<li>Equipado com um controlador de temperatura digital elfo italiano e um compressor de marca de alta qualidade.<\/li>\n<li>Circula\u00e7\u00e3o de ar tridimensional de 360 graus, sem deixar \u00e2ngulos mortos.<\/li>\n<li>Porta com fechamento autom\u00e1tico.<\/li>\n<li>Utilizando tubos de a\u00e7o totalmente em cobre, garantindo nenhum vazamento.<\/li>\n<li>Rod\u00edzios embutidos com p\u00e9s ajust\u00e1veis para f\u00e1cil mobilidade.<\/li>\n<\/ul>\n<h3>Especifica\u00e7\u00f5es do refrigerador comercial de porta \u00fanica<\/h3>\n<p>&nbsp;<\/p>","protected":false},"excerpt":{"rendered":"<p>Resfriamento ventilado; Porta \u00fanica, marca de compressor personalizada e configura\u00e7\u00e3o personalizada para refrigeradores comerciais no atacado<\/p>","protected":false},"featured_media":8965,"comment_status":"open","ping_status":"closed","template":"","meta":{"_seopress_robots_primary_cat":"none","_seopress_titles_title":"Commerial Fridge Upright %%sep%%Upright Chiller Manufacturer","_seopress_titles_desc":"Commerial Fridge Upright Model for sale, single door, double door large commercial fridges for restaurants, supermarkets, and more. ","_seopress_robots_index":""},"product_cat":[242],"product_tag":[],"_links":{"self":[{"href":"https:\/\/acenoxkitchenequipment.com\/pt\/wp-json\/wp\/v2\/product\/10497"}],"collection":[{"href":"https:\/\/acenoxkitchenequipment.com\/pt\/wp-json\/wp\/v2\/product"}],"about":[{"href":"https:\/\/acenoxkitchenequipment.com\/pt\/wp-json\/wp\/v2\/types\/product"}],"replies":[{"embeddable":true,"href":"https:\/\/acenoxkitchenequipment.com\/pt\/wp-json\/wp\/v2\/comments?post=10497"}],"version-history":[{"count":0,"href":"https:\/\/acenoxkitchenequipment.com\/pt\/wp-json\/wp\/v2\/product\/10497\/revisions"}],"wp:featuredmedia":[{"embeddable":true,"href":"https:\/\/acenoxkitchenequipment.com\/pt\/wp-json\/wp\/v2\/media\/8965"}],"wp:attachment":[{"href":"https:\/\/acenoxkitchenequipment.com\/pt\/wp-json\/wp\/v2\/media?parent=10497"}],"wp:term":[{"taxonomy":"product_cat","embeddable":true,"href":"https:\/\/acenoxkitchenequipment.com\/pt\/wp-json\/wp\/v2\/product_cat?post=10497"},{"taxonomy":"product_tag","embeddable":true,"href":"https:\/\/acenoxkitchenequipment.com\/pt\/wp-json\/wp\/v2\/product_tag?post=10497"}],"curies":[{"name":"wp","href":"https:\/\/api.w.org\/{rel}","templated":true}]}}