{"id":10050,"date":"2024-07-27T22:46:53","date_gmt":"2024-07-27T14:46:53","guid":{"rendered":"https:\/\/acenoxkitchenequipment.com\/?post_type=product&#038;p=10050"},"modified":"2024-07-28T15:33:35","modified_gmt":"2024-07-28T07:33:35","slug":"commercial-reach-in-refrigerator","status":"publish","type":"product","link":"https:\/\/acenoxkitchenequipment.com\/pt\/produto\/commercial-reach-in-refrigerator\/","title":{"rendered":"Alcance comercial na geladeira"},"content":{"rendered":"<h3>Alcance comercial na geladeira<br \/>\n<img decoding=\"async\" class=\"size-full wp-image-10046 alignright\" src=\"https:\/\/acenoxkitchenequipment.com\/wp-content\/uploads\/2024\/07\/etl.png\" alt=\"commerial fridge\" width=\"177\" height=\"186\" srcset=\"https:\/\/acenoxkitchenequipment.com\/wp-content\/uploads\/2024\/07\/etl.png 177w, https:\/\/acenoxkitchenequipment.com\/wp-content\/uploads\/2024\/07\/etl-11x12.png 11w\" sizes=\"(max-width: 177px) 100vw, 177px\" \/><\/h3>\n<div class=\"q-click-wrapper qu-display--block qu-tapHighlight--white qu-cursor--pointer qu-hover--textDecoration--underline ClickWrapper___StyledClickWrapperBox-zoqi4f-0 iyYUZT\" tabindex=\"0\">\n<div class=\"q-flex qu-flexDirection--row\">\n<div class=\"q-inline qu-flexWrap--wrap\">\n<div class=\"QuestionTitle___StyledText-exj38m-0 chNUqN puppeteer_test_question_title\"><span class=\"q-box qu-userSelect--text\">Os elementos de refrigera\u00e7\u00e3o s\u00e3o colocados na parte inferior da geladeira<\/span><\/div>\n<\/div>\n<\/div>\n<\/div>\n<p>este \u00e9 um refrigerador comercial de porta \u00fanica para uso comercial, seu tamanho pequeno o torna a escolha ideal para pequenas cozinhas comerciais<\/p>\n<p><strong>Caracter\u00edsticas:<\/strong><\/p>\n<ul>\n<li>Recomendamos o compressor Secop se for acess\u00edvel para voc\u00ea, o compressor Secop da Alemanha \u00e9 uma marca famosa e respeit\u00e1vel com 60 anos de hist\u00f3ria.<\/li>\n<li>O a\u00e7o inoxid\u00e1vel sem impress\u00f5es digitais ajuda a manter uma superf\u00edcie mais limpa, o que \u00e9 importante para a higiene. Ele mant\u00e9m a geladeira com apar\u00eancia elegante e bem acabada.<\/li>\n<li>Tr\u00eas portas com fechamento autom\u00e1tico<\/li>\n<li>Op\u00e7\u00f5es de compressor: Cubigel\/ Embraco\/ Secop<\/li>\n<li>Op\u00e7\u00e3o 1 de condi\u00e7\u00f5es de trabalho: \u226432\u2103, umidade\u226465%<\/li>\n<li>Op\u00e7\u00e3o 2 de condi\u00e7\u00f5es de trabalho: \u226438\u2103, umidade\u226465%<\/li>\n<\/ul>\n<h3>Especifica\u00e7\u00f5es de alcance comercial em geladeira<\/h3>\n<p>&nbsp;<\/p>\n<h3>Fotos de Geladeira Comercial<\/h3>\n<p><img fetchpriority=\"high\" decoding=\"async\" class=\"alignnone wp-image-10049\" src=\"https:\/\/acenoxkitchenequipment.com\/wp-content\/uploads\/2024\/02\/digital-controller-of-reach-in-refrigerators.webp\" alt=\"single door commerial fridge\" width=\"727\" height=\"546\" srcset=\"https:\/\/acenoxkitchenequipment.com\/wp-content\/uploads\/2024\/02\/digital-controller-of-reach-in-refrigerators.webp 1000w, https:\/\/acenoxkitchenequipment.com\/wp-content\/uploads\/2024\/02\/digital-controller-of-reach-in-refrigerators-300x225.webp 300w, https:\/\/acenoxkitchenequipment.com\/wp-content\/uploads\/2024\/02\/digital-controller-of-reach-in-refrigerators-768x576.webp 768w, https:\/\/acenoxkitchenequipment.com\/wp-content\/uploads\/2024\/02\/digital-controller-of-reach-in-refrigerators-16x12.webp 16w, https:\/\/acenoxkitchenequipment.com\/wp-content\/uploads\/2024\/02\/digital-controller-of-reach-in-refrigerators-600x450.webp 600w\" sizes=\"(max-width: 727px) 100vw, 727px\" \/><\/p>\n<p><img decoding=\"async\" class=\"alignnone wp-image-9754\" src=\"https:\/\/acenoxkitchenequipment.com\/wp-content\/uploads\/2024\/07\/reach-in-refrigerators.webp\" alt=\"reach in refrigerator\" width=\"728\" height=\"546\" srcset=\"https:\/\/acenoxkitchenequipment.com\/wp-content\/uploads\/2024\/07\/reach-in-refrigerators.webp 900w, https:\/\/acenoxkitchenequipment.com\/wp-content\/uploads\/2024\/07\/reach-in-refrigerators-300x225.webp 300w, https:\/\/acenoxkitchenequipment.com\/wp-content\/uploads\/2024\/07\/reach-in-refrigerators-768x576.webp 768w, https:\/\/acenoxkitchenequipment.com\/wp-content\/uploads\/2024\/07\/reach-in-refrigerators-16x12.webp 16w, https:\/\/acenoxkitchenequipment.com\/wp-content\/uploads\/2024\/07\/reach-in-refrigerators-600x450.webp 600w\" sizes=\"(max-width: 728px) 100vw, 728px\" \/><\/p>\n<h3>Customiza\u00e7\u00e3o de Alcance Comercial em Geladeira<\/h3>\n<h3>Perguntas frequentes<\/h3>\n<p>&nbsp;<\/p>\n<p>&nbsp;<\/p>\n<p>&nbsp;<\/p>\n<p>&nbsp;<\/p>\n<p>&nbsp;<\/p>\n<p>&nbsp;<\/p>","protected":false},"excerpt":{"rendered":"<p>Resfriamento ventilado; Tr\u00eas portas, marca de compressor personalizada e configura\u00e7\u00e3o personalizada para refrigeradores comerciais no atacado, artesanato premium de f\u00e1brica confi\u00e1vel.<\/p>","protected":false},"featured_media":10051,"comment_status":"open","ping_status":"closed","template":"","meta":{"_seopress_robots_primary_cat":"none","_seopress_titles_title":"Commercial Reach In Refrigerator %%sep%% Custom Design Available","_seopress_titles_desc":"Buy Commercial Reach In Refrigerator at wholesale price from us online, ETL certificated, temperature 33\u2109~ 41\u2109, customization is available.","_seopress_robots_index":""},"product_cat":[242],"product_tag":[293],"_links":{"self":[{"href":"https:\/\/acenoxkitchenequipment.com\/pt\/wp-json\/wp\/v2\/product\/10050"}],"collection":[{"href":"https:\/\/acenoxkitchenequipment.com\/pt\/wp-json\/wp\/v2\/product"}],"about":[{"href":"https:\/\/acenoxkitchenequipment.com\/pt\/wp-json\/wp\/v2\/types\/product"}],"replies":[{"embeddable":true,"href":"https:\/\/acenoxkitchenequipment.com\/pt\/wp-json\/wp\/v2\/comments?post=10050"}],"version-history":[{"count":0,"href":"https:\/\/acenoxkitchenequipment.com\/pt\/wp-json\/wp\/v2\/product\/10050\/revisions"}],"wp:featuredmedia":[{"embeddable":true,"href":"https:\/\/acenoxkitchenequipment.com\/pt\/wp-json\/wp\/v2\/media\/10051"}],"wp:attachment":[{"href":"https:\/\/acenoxkitchenequipment.com\/pt\/wp-json\/wp\/v2\/media?parent=10050"}],"wp:term":[{"taxonomy":"product_cat","embeddable":true,"href":"https:\/\/acenoxkitchenequipment.com\/pt\/wp-json\/wp\/v2\/product_cat?post=10050"},{"taxonomy":"product_tag","embeddable":true,"href":"https:\/\/acenoxkitchenequipment.com\/pt\/wp-json\/wp\/v2\/product_tag?post=10050"}],"curies":[{"name":"wp","href":"https:\/\/api.w.org\/{rel}","templated":true}]}}