{"id":10021,"date":"2024-07-25T15:22:43","date_gmt":"2024-07-25T07:22:43","guid":{"rendered":"https:\/\/acenoxkitchenequipment.com\/?post_type=product&#038;p=10021"},"modified":"2024-07-30T00:07:29","modified_gmt":"2024-07-29T16:07:29","slug":"cake-fridge","status":"publish","type":"product","link":"https:\/\/acenoxkitchenequipment.com\/pt\/produto\/cake-fridge\/","title":{"rendered":"Bolo Geladeira Design Moderno"},"content":{"rendered":"<h3>Caracter\u00edsticas da geladeira para bolo<\/h3>\n<ul>\n<li><strong>Geladeira para bolo sem borda com design moderno<\/strong><\/li>\n<\/ul>\n<p>As juntas de vidro perfeitas fornecem uma vis\u00e3o desobstru\u00edda dos bolos de todos os \u00e2ngulos, tornando o display extremamente atraente\uff01 Com menos obstru\u00e7\u00f5es, a ilumina\u00e7\u00e3o pode ser distribu\u00edda de forma mais eficaz por todo o display, destacando os bolos lindamente.<\/p>\n<ul>\n<li><strong>Personalize o umidificador instalado<\/strong><\/li>\n<\/ul>\n<div class=\"JlqpRe\"><span class=\"JCzEY tNxQIb\"><span class=\"CSkcDe\">Como evitar que o bolo seque na geladeira? as geladeiras expositoras para bolos s\u00e3o ventiladas e resfriadas com ventiladores para circular o ar, o que pode fazer com que os bolos e past\u00e9is sequem ap\u00f3s muito tempo de sopro se a veda\u00e7\u00e3o da geladeira n\u00e3o for excelente.<\/span><\/span><\/div>\n<div>Instalamos um umidificador neste expositor de geladeira para bolos para evitar que os bolos e sobremesas fiquem secos. Voc\u00ea nunca precisar\u00e1 se preocupar com esses problemas de secagem!<\/div>\n<ul>\n<li><strong>Duas ou tr\u00eas prateleiras de a\u00e7o inoxid\u00e1vel para escolha<\/strong><\/li>\n<\/ul>\n<p>As quantidades das prateleiras podem ser personalizadas, a altura pode ser personalizada.<\/p>\n<ul>\n<li><strong>\u00d3culos com sistema antiemba\u00e7ante<\/strong><\/li>\n<\/ul>\n<p>Tr\u00eas lados dos vidros possuem fun\u00e7\u00e3o aquecida, que garantem sempre a exibi\u00e7\u00e3o perfeita<\/p>\n<h3>Especifica\u00e7\u00f5es da geladeira para bolo:<\/h3>\n<h3>Fotos da geladeira para bolo:<\/h3>\n<p><img fetchpriority=\"high\" decoding=\"async\" class=\"alignnone  wp-image-10074\" src=\"https:\/\/acenoxkitchenequipment.com\/wp-content\/uploads\/2024\/07\/New-design-cake-fridge.webp\" alt=\"cake fridge modern design\" width=\"647\" height=\"448\" srcset=\"https:\/\/acenoxkitchenequipment.com\/wp-content\/uploads\/2024\/07\/New-design-cake-fridge.webp 679w, https:\/\/acenoxkitchenequipment.com\/wp-content\/uploads\/2024\/07\/New-design-cake-fridge-300x208.webp 300w, https:\/\/acenoxkitchenequipment.com\/wp-content\/uploads\/2024\/07\/New-design-cake-fridge-18x12.webp 18w, https:\/\/acenoxkitchenequipment.com\/wp-content\/uploads\/2024\/07\/New-design-cake-fridge-600x415.webp 600w\" sizes=\"(max-width: 647px) 100vw, 647px\" \/><\/p>\n<p><img decoding=\"async\" class=\"alignnone  wp-image-10075\" src=\"https:\/\/acenoxkitchenequipment.com\/wp-content\/uploads\/2024\/07\/New-design-cake-fridge-2.webp\" alt=\"cake fridge modern design\" width=\"650\" height=\"448\" srcset=\"https:\/\/acenoxkitchenequipment.com\/wp-content\/uploads\/2024\/07\/New-design-cake-fridge-2.webp 680w, https:\/\/acenoxkitchenequipment.com\/wp-content\/uploads\/2024\/07\/New-design-cake-fridge-2-300x207.webp 300w, https:\/\/acenoxkitchenequipment.com\/wp-content\/uploads\/2024\/07\/New-design-cake-fridge-2-18x12.webp 18w, https:\/\/acenoxkitchenequipment.com\/wp-content\/uploads\/2024\/07\/New-design-cake-fridge-2-600x414.webp 600w\" sizes=\"(max-width: 650px) 100vw, 650px\" \/><\/p>\n<p><img decoding=\"async\" class=\"alignnone wp-image-10063\" src=\"https:\/\/acenoxkitchenequipment.com\/wp-content\/uploads\/2024\/07\/modern-cake-displays.webp\" alt=\"modern cake fridge\" width=\"651\" height=\"488\" srcset=\"https:\/\/acenoxkitchenequipment.com\/wp-content\/uploads\/2024\/07\/modern-cake-displays.webp 800w, https:\/\/acenoxkitchenequipment.com\/wp-content\/uploads\/2024\/07\/modern-cake-displays-300x225.webp 300w, https:\/\/acenoxkitchenequipment.com\/wp-content\/uploads\/2024\/07\/modern-cake-displays-768x576.webp 768w, https:\/\/acenoxkitchenequipment.com\/wp-content\/uploads\/2024\/07\/modern-cake-displays-16x12.webp 16w, https:\/\/acenoxkitchenequipment.com\/wp-content\/uploads\/2024\/07\/modern-cake-displays-600x450.webp 600w\" sizes=\"(max-width: 651px) 100vw, 651px\" \/><\/p>\n<p><img loading=\"lazy\" decoding=\"async\" class=\"alignnone wp-image-10066\" src=\"https:\/\/acenoxkitchenequipment.com\/wp-content\/uploads\/2024\/07\/pastry-cake-fridge.webp\" alt=\"cake fridge modern design\" width=\"655\" height=\"489\" srcset=\"https:\/\/acenoxkitchenequipment.com\/wp-content\/uploads\/2024\/07\/pastry-cake-fridge.webp 752w, https:\/\/acenoxkitchenequipment.com\/wp-content\/uploads\/2024\/07\/pastry-cake-fridge-300x224.webp 300w, https:\/\/acenoxkitchenequipment.com\/wp-content\/uploads\/2024\/07\/pastry-cake-fridge-16x12.webp 16w, https:\/\/acenoxkitchenequipment.com\/wp-content\/uploads\/2024\/07\/pastry-cake-fridge-600x448.webp 600w\" sizes=\"(max-width: 655px) 100vw, 655px\" \/><\/p>\n<p>&nbsp;<\/p>\n<p><img loading=\"lazy\" decoding=\"async\" class=\"wp-image-10064\" src=\"https:\/\/acenoxkitchenequipment.com\/wp-content\/uploads\/2024\/07\/cake-fridge-for-bakery.webp\" alt=\"cake fridge\" width=\"701\" height=\"701\" srcset=\"https:\/\/acenoxkitchenequipment.com\/wp-content\/uploads\/2024\/07\/cake-fridge-for-bakery.webp 800w, https:\/\/acenoxkitchenequipment.com\/wp-content\/uploads\/2024\/07\/cake-fridge-for-bakery-300x300.webp 300w, https:\/\/acenoxkitchenequipment.com\/wp-content\/uploads\/2024\/07\/cake-fridge-for-bakery-150x150.webp 150w, https:\/\/acenoxkitchenequipment.com\/wp-content\/uploads\/2024\/07\/cake-fridge-for-bakery-768x768.webp 768w, https:\/\/acenoxkitchenequipment.com\/wp-content\/uploads\/2024\/07\/cake-fridge-for-bakery-12x12.webp 12w, https:\/\/acenoxkitchenequipment.com\/wp-content\/uploads\/2024\/07\/cake-fridge-for-bakery-600x600.webp 600w, https:\/\/acenoxkitchenequipment.com\/wp-content\/uploads\/2024\/07\/cake-fridge-for-bakery-100x100.webp 100w\" sizes=\"(max-width: 701px) 100vw, 701px\" \/><\/p>\n<p>&nbsp;<\/p>\n<p>&nbsp;<\/p>\n<p>&nbsp;<\/p>","protected":false},"excerpt":{"rendered":"<ul>\n<li>Est\u00e9tica Moderna<\/li>\n<li>\u00d3culos super transparentes com vistas perfeitas<\/li>\n<li>Tela brilhante e v\u00edvida<\/li>\n<li>Adi\u00e7\u00e3o impressionante e eficaz para uma padaria ou caf\u00e9<\/li>\n<\/ul>","protected":false},"featured_media":10060,"comment_status":"closed","ping_status":"closed","template":"","meta":{"_seopress_robots_primary_cat":"none","_seopress_titles_title":"Cake Fridge Display %%sep%%Sleek and Modern Design","_seopress_titles_desc":"Buy our lastest design of cake fridge and glass display fridge for your coffee shop or pastry store, we provide wholesale price with one year&#039;s qualiity guarantee","_seopress_robots_index":""},"product_cat":[59],"product_tag":[295],"_links":{"self":[{"href":"https:\/\/acenoxkitchenequipment.com\/pt\/wp-json\/wp\/v2\/product\/10021"}],"collection":[{"href":"https:\/\/acenoxkitchenequipment.com\/pt\/wp-json\/wp\/v2\/product"}],"about":[{"href":"https:\/\/acenoxkitchenequipment.com\/pt\/wp-json\/wp\/v2\/types\/product"}],"replies":[{"embeddable":true,"href":"https:\/\/acenoxkitchenequipment.com\/pt\/wp-json\/wp\/v2\/comments?post=10021"}],"version-history":[{"count":0,"href":"https:\/\/acenoxkitchenequipment.com\/pt\/wp-json\/wp\/v2\/product\/10021\/revisions"}],"wp:featuredmedia":[{"embeddable":true,"href":"https:\/\/acenoxkitchenequipment.com\/pt\/wp-json\/wp\/v2\/media\/10060"}],"wp:attachment":[{"href":"https:\/\/acenoxkitchenequipment.com\/pt\/wp-json\/wp\/v2\/media?parent=10021"}],"wp:term":[{"taxonomy":"product_cat","embeddable":true,"href":"https:\/\/acenoxkitchenequipment.com\/pt\/wp-json\/wp\/v2\/product_cat?post=10021"},{"taxonomy":"product_tag","embeddable":true,"href":"https:\/\/acenoxkitchenequipment.com\/pt\/wp-json\/wp\/v2\/product_tag?post=10021"}],"curies":[{"name":"wp","href":"https:\/\/api.w.org\/{rel}","templated":true}]}}