{"id":10011,"date":"2024-07-22T14:45:16","date_gmt":"2024-07-22T06:45:16","guid":{"rendered":"https:\/\/acenoxkitchenequipment.com\/?post_type=product&#038;p=10011"},"modified":"2024-07-25T21:35:04","modified_gmt":"2024-07-25T13:35:04","slug":"food-warmer-display","status":"publish","type":"product","link":"https:\/\/acenoxkitchenequipment.com\/pt\/produto\/food-warmer-display\/","title":{"rendered":"Bancada de exibi\u00e7\u00e3o para aquecedor de alimentos"},"content":{"rendered":"<h3>Caracter\u00edsticas da bancada de exibi\u00e7\u00e3o do aquecedor de alimentos<\/h3>\n<ul>\n<li>O que \u00e9 display de aquecedor de alimentos<\/li>\n<\/ul>\n<p>Um display para aquecer alimentos \u00e9 usado para exibir e manter alimentos aquecidos em v\u00e1rios ambientes, como restaurantes, padarias, caf\u00e9s, delicatessens e buffets. Esses monitores s\u00e3o projetados para manter a temperatura entre 30\u00b0C e 60\u00b0C com base em diferentes alimentos.<\/p>\n<ul>\n<li>Vidros Temperados<\/li>\n<\/ul>\n<p>Os vidros temperados s\u00e3o muito mais resistentes que os \u00f3culos normais. O vidro temperado pode suportar temperaturas mais altas do que o vidro normal. Isso o torna adequado para aplica\u00e7\u00f5es como portas de forno, fog\u00f5es de mesa e displays de vidro para aquecer alimentos.<\/p>\n<ul>\n<li>30\u2103~60\u2103<\/li>\n<\/ul>\n<p>Este display mais quente pode manter os alimentos com op\u00e7\u00f5es de 30 \u2103 ~ 60 \u2103, os elementos de aquecimento el\u00e9trico de qualidade dur\u00e1vel t\u00eam uma longa vida \u00fatil com mais de 5 anos e podem ser facilmente substitu\u00eddos. N\u00f3s provemos<\/p>\n<ul>\n<li>Qualidade dur\u00e1vel<\/li>\n<\/ul>\n<p>N\u00e3o \u00e9 como os outros expositores de alimentos de m\u00e1 qualidade, que v\u00e3o parar de funcionar depois de algumas vezes, podemos garantir 1 ano de garantia de qualidade, exceto os copos (os copos quebrar\u00e3o se voc\u00ea usar ferramentas pesadas para derrub\u00e1-los). N\u00e3o importa quantas vezes voc\u00ea o ligue, n\u00e3o importa se as luzes LED ou a fun\u00e7\u00e3o de aquecimento funcionar\u00e3o. No entanto, ningu\u00e9m pode garantir produtos 100% perfeitos, uma vez que haja pe\u00e7as danificadas, forneceremos pe\u00e7as gratuitas dentro do per\u00edodo de garantia<\/p>\n<ul>\n<li>Prateleiras totalmente em a\u00e7o inoxid\u00e1vel fornecem<\/li>\n<\/ul>\n<p>Fabrica\u00e7\u00e3o toda em a\u00e7o inox, seguindo as normas de higiene alimentar.<\/p>\n<p>&nbsp;<\/p>\n<h3>Fotos do display do aquecedor de alimentos:<\/h3>\n<figure id=\"attachment_10019\" aria-describedby=\"caption-attachment-10019\" style=\"width: 800px\" class=\"wp-caption alignnone\"><img fetchpriority=\"high\" decoding=\"async\" class=\"size-full wp-image-10019\" src=\"https:\/\/acenoxkitchenequipment.com\/wp-content\/uploads\/2024\/07\/application-of-food-warmer-display.webp\" alt=\"food warmer display countertop\" width=\"800\" height=\"800\" srcset=\"https:\/\/acenoxkitchenequipment.com\/wp-content\/uploads\/2024\/07\/application-of-food-warmer-display.webp 800w, https:\/\/acenoxkitchenequipment.com\/wp-content\/uploads\/2024\/07\/application-of-food-warmer-display-300x300.webp 300w, https:\/\/acenoxkitchenequipment.com\/wp-content\/uploads\/2024\/07\/application-of-food-warmer-display-150x150.webp 150w, https:\/\/acenoxkitchenequipment.com\/wp-content\/uploads\/2024\/07\/application-of-food-warmer-display-768x768.webp 768w, https:\/\/acenoxkitchenequipment.com\/wp-content\/uploads\/2024\/07\/application-of-food-warmer-display-12x12.webp 12w, https:\/\/acenoxkitchenequipment.com\/wp-content\/uploads\/2024\/07\/application-of-food-warmer-display-600x600.webp 600w, https:\/\/acenoxkitchenequipment.com\/wp-content\/uploads\/2024\/07\/application-of-food-warmer-display-100x100.webp 100w\" sizes=\"(max-width: 800px) 100vw, 800px\" \/><figcaption id=\"caption-attachment-10019\" class=\"wp-caption-text\">bancada de exibi\u00e7\u00e3o de aquecedor de alimentos<\/figcaption><\/figure>\n<p>&nbsp;<\/p>\n<p>&nbsp;<\/p>\n<p>&nbsp;<\/p>","protected":false},"excerpt":{"rendered":"<p>A constru\u00e7\u00e3o s\u00f3lida e segura garante que este display tenha longa vida \u00fatil, garantia de qualidade de 1 ano<\/p>","protected":false},"featured_media":10018,"comment_status":"closed","ping_status":"closed","template":"","meta":{"_seopress_robots_primary_cat":"none","_seopress_titles_title":"Food Warmer Display Showcase Countertop Type","_seopress_titles_desc":"Made of tempered glasses and stainless steel, this food warmer display showcase can be widely placed on counters to get impulse sales, it keeps food warm at 30\u2103~60\u2103","_seopress_robots_index":""},"product_cat":[59],"product_tag":[287],"_links":{"self":[{"href":"https:\/\/acenoxkitchenequipment.com\/pt\/wp-json\/wp\/v2\/product\/10011"}],"collection":[{"href":"https:\/\/acenoxkitchenequipment.com\/pt\/wp-json\/wp\/v2\/product"}],"about":[{"href":"https:\/\/acenoxkitchenequipment.com\/pt\/wp-json\/wp\/v2\/types\/product"}],"replies":[{"embeddable":true,"href":"https:\/\/acenoxkitchenequipment.com\/pt\/wp-json\/wp\/v2\/comments?post=10011"}],"version-history":[{"count":0,"href":"https:\/\/acenoxkitchenequipment.com\/pt\/wp-json\/wp\/v2\/product\/10011\/revisions"}],"wp:featuredmedia":[{"embeddable":true,"href":"https:\/\/acenoxkitchenequipment.com\/pt\/wp-json\/wp\/v2\/media\/10018"}],"wp:attachment":[{"href":"https:\/\/acenoxkitchenequipment.com\/pt\/wp-json\/wp\/v2\/media?parent=10011"}],"wp:term":[{"taxonomy":"product_cat","embeddable":true,"href":"https:\/\/acenoxkitchenequipment.com\/pt\/wp-json\/wp\/v2\/product_cat?post=10011"},{"taxonomy":"product_tag","embeddable":true,"href":"https:\/\/acenoxkitchenequipment.com\/pt\/wp-json\/wp\/v2\/product_tag?post=10011"}],"curies":[{"name":"wp","href":"https:\/\/api.w.org\/{rel}","templated":true}]}}