{"id":40,"date":"2021-07-12T11:05:10","date_gmt":"2021-07-12T03:05:10","guid":{"rendered":"http:\/\/acenoxkitchenequipment.com\/?page_id=40"},"modified":"2024-07-21T00:03:57","modified_gmt":"2024-07-20T16:03:57","slug":"product","status":"publish","type":"page","link":"https:\/\/acenoxkitchenequipment.com\/pt\/product\/","title":{"rendered":"produtos"},"content":{"rendered":"<div data-elementor-type=\"wp-page\" data-elementor-id=\"40\" class=\"elementor elementor-40\" data-elementor-post-type=\"page\">\n\t\t\t\t\t\t<section class=\"elementor-section elementor-top-section elementor-element elementor-element-txplns6 elementor-section-height-min-height elementor-section-boxed elementor-section-height-default elementor-section-items-middle\" data-id=\"txplns6\" data-element_type=\"section\" data-settings=\"{&quot;background_background&quot;:&quot;classic&quot;}\">\n\t\t\t\t\t\t\t<div class=\"elementor-background-overlay\"><\/div>\n\t\t\t\t\t\t\t<div class=\"elementor-container elementor-column-gap-no\">\n\t\t\t\t\t<div class=\"elementor-column elementor-col-100 elementor-top-column elementor-element elementor-element-4c6db26\" data-id=\"4c6db26\" data-element_type=\"column\">\n\t\t\t<div class=\"elementor-widget-wrap elementor-element-populated\">\n\t\t\t\t\t\t<div class=\"elementor-element elementor-element-558ce53 elementor-widget__width-initial elementor-widget elementor-widget-heading\" data-id=\"558ce53\" data-element_type=\"widget\" data-widget_type=\"heading.default\">\n\t\t\t\t<div class=\"elementor-widget-container\">\n\t\t\t<h1 class=\"elementor-heading-title elementor-size-default\">Fabricante de equipamentos de refrigera\u00e7\u00e3o comercial<\/h1>\t\t<\/div>\n\t\t\t\t<\/div>\n\t\t\t\t<div class=\"elementor-element elementor-element-b6c2875 elementor-widget elementor-widget-text-editor\" data-id=\"b6c2875\" data-element_type=\"widget\" data-widget_type=\"text-editor.default\">\n\t\t\t\t<div class=\"elementor-widget-container\">\n\t\t\t\t\t\t\t<p>E-mail: info@acenoxkitchenequipment.com<\/p>\t\t\t\t\t\t<\/div>\n\t\t\t\t<\/div>\n\t\t\t\t\t<\/div>\n\t\t<\/div>\n\t\t\t\t\t<\/div>\n\t\t<\/section>\n\t\t\t\t<section class=\"elementor-section elementor-top-section elementor-element elementor-element-5f2ceb2 elementor-section-boxed elementor-section-height-default elementor-section-height-default\" data-id=\"5f2ceb2\" data-element_type=\"section\">\n\t\t\t\t\t\t<div class=\"elementor-container elementor-column-gap-default\">\n\t\t\t\t\t<div class=\"elementor-column elementor-col-100 elementor-top-column elementor-element elementor-element-c4a9d41\" data-id=\"c4a9d41\" data-element_type=\"column\">\n\t\t\t<div class=\"elementor-widget-wrap elementor-element-populated\">\n\t\t\t\t\t\t<div class=\"elementor-element elementor-element-1637f027 elementor-widget elementor-widget-heading\" data-id=\"1637f027\" data-element_type=\"widget\" data-widget_type=\"heading.default\">\n\t\t\t\t<div class=\"elementor-widget-container\">\n\t\t\t<h2 class=\"elementor-heading-title elementor-size-default\">O que definimos nossos produtos<\/h2>\t\t<\/div>\n\t\t\t\t<\/div>\n\t\t\t\t<section class=\"elementor-section elementor-inner-section elementor-element elementor-element-695ca6f elementor-section-boxed elementor-section-height-default elementor-section-height-default\" data-id=\"695ca6f\" data-element_type=\"section\">\n\t\t\t\t\t\t<div class=\"elementor-container elementor-column-gap-default\">\n\t\t\t\t\t<div class=\"elementor-column elementor-col-33 elementor-inner-column elementor-element elementor-element-7fc9116\" data-id=\"7fc9116\" data-element_type=\"column\">\n\t\t\t<div class=\"elementor-widget-wrap elementor-element-populated\">\n\t\t\t\t\t\t<div class=\"elementor-element elementor-element-400d28e elementor-grid-1 elementor-grid-tablet-3 elementor-grid-mobile-2 elementor-products-grid elementor-wc-products elementor-widget elementor-widget-wc-categories\" data-id=\"400d28e\" data-element_type=\"widget\" data-widget_type=\"wc-categories.default\">\n\t\t\t\t<div class=\"elementor-widget-container\">\n\t\t\t<div class=\"woocommerce columns-1\"><ul class=\"products elementor-grid columns-1\">\n<li class=\"product-category product first\">\n\t<\/li>\n<\/ul>\n<\/div>\t\t<\/div>\n\t\t\t\t<\/div>\n\t\t\t\t\t<\/div>\n\t\t<\/div>\n\t\t\t\t<div class=\"elementor-column elementor-col-33 elementor-inner-column elementor-element elementor-element-0860004\" data-id=\"0860004\" data-element_type=\"column\">\n\t\t\t<div class=\"elementor-widget-wrap elementor-element-populated\">\n\t\t\t\t\t\t<div class=\"elementor-element elementor-element-80d8f31 elementor-grid-1 elementor-grid-tablet-3 elementor-grid-mobile-2 elementor-products-grid elementor-wc-products elementor-widget elementor-widget-wc-categories\" data-id=\"80d8f31\" data-element_type=\"widget\" data-widget_type=\"wc-categories.default\">\n\t\t\t\t<div class=\"elementor-widget-container\">\n\t\t\t<div class=\"woocommerce columns-1\"><ul class=\"products elementor-grid columns-1\">\n<li class=\"product-category product first\">\n\t<\/li>\n<\/ul>\n<\/div>\t\t<\/div>\n\t\t\t\t<\/div>\n\t\t\t\t\t<\/div>\n\t\t<\/div>\n\t\t\t\t<div class=\"elementor-column elementor-col-33 elementor-inner-column elementor-element elementor-element-dbaa85b\" data-id=\"dbaa85b\" data-element_type=\"column\">\n\t\t\t<div class=\"elementor-widget-wrap elementor-element-populated\">\n\t\t\t\t\t\t<div class=\"elementor-element elementor-element-0fe3434 elementor-grid-1 elementor-grid-tablet-3 elementor-grid-mobile-2 elementor-products-grid elementor-wc-products elementor-widget elementor-widget-wc-categories\" data-id=\"0fe3434\" data-element_type=\"widget\" data-widget_type=\"wc-categories.default\">\n\t\t\t\t<div class=\"elementor-widget-container\">\n\t\t\t<div class=\"woocommerce columns-1\"><ul class=\"products elementor-grid columns-1\">\n<li class=\"product-category product first\">\n\t<\/li>\n<\/ul>\n<\/div>\t\t<\/div>\n\t\t\t\t<\/div>\n\t\t\t\t\t<\/div>\n\t\t<\/div>\n\t\t\t\t\t<\/div>\n\t\t<\/section>\n\t\t\t\t\t<\/div>\n\t\t<\/div>\n\t\t\t\t\t<\/div>\n\t\t<\/section>\n\t\t\t\t<section class=\"elementor-section elementor-top-section elementor-element elementor-element-616f0f16 elementor-section-boxed elementor-section-height-default elementor-section-height-default\" data-id=\"616f0f16\" data-element_type=\"section\">\n\t\t\t\t\t\t<div class=\"elementor-container elementor-column-gap-default\">\n\t\t\t\t\t<div class=\"elementor-column elementor-col-100 elementor-top-column elementor-element elementor-element-4bed1488\" data-id=\"4bed1488\" data-element_type=\"column\">\n\t\t\t<div class=\"elementor-widget-wrap elementor-element-populated\">\n\t\t\t\t\t\t<div class=\"elementor-element elementor-element-4eaed742 elementor-widget elementor-widget-spacer\" data-id=\"4eaed742\" data-element_type=\"widget\" data-widget_type=\"spacer.default\">\n\t\t\t\t<div class=\"elementor-widget-container\">\n\t\t\t\t\t<div class=\"elementor-spacer\">\n\t\t\t<div class=\"elementor-spacer-inner\"><\/div>\n\t\t<\/div>\n\t\t\t\t<\/div>\n\t\t\t\t<\/div>\n\t\t\t\t<div class=\"elementor-element elementor-element-3f88ffd1 elementor-widget elementor-widget-heading\" data-id=\"3f88ffd1\" data-element_type=\"widget\" data-widget_type=\"heading.default\">\n\t\t\t\t<div class=\"elementor-widget-container\">\n\t\t\t<h2 class=\"elementor-heading-title elementor-size-default\">Equipamento de refrigera\u00e7\u00e3o comercial<\/h2>\t\t<\/div>\n\t\t\t\t<\/div>\n\t\t\t\t<div class=\"elementor-element elementor-element-12c35836 elementor-widget elementor-widget-spacer\" data-id=\"12c35836\" data-element_type=\"widget\" data-widget_type=\"spacer.default\">\n\t\t\t\t<div class=\"elementor-widget-container\">\n\t\t\t\t\t<div class=\"elementor-spacer\">\n\t\t\t<div class=\"elementor-spacer-inner\"><\/div>\n\t\t<\/div>\n\t\t\t\t<\/div>\n\t\t\t\t<\/div>\n\t\t\t\t<div class=\"elementor-element elementor-element-40b6f55e elementor-widget elementor-widget-text-editor\" data-id=\"40b6f55e\" data-element_type=\"widget\" data-widget_type=\"text-editor.default\">\n\t\t\t\t<div class=\"elementor-widget-container\">\n\t\t\t\t\t\t\t<p>Nosso foco principal \u00e9 a produ\u00e7\u00e3o de equipamentos de fabrica\u00e7\u00e3o de a\u00e7o inoxid\u00e1vel e equipamentos de refrigera\u00e7\u00e3o comercial.<\/p><p>O equipamento de refrigera\u00e7\u00e3o comercial \u00e9 um freezer ou refrigerador usado em ambientes comerciais. Destina-se ao armazenamento refrigerado em empresas onde \u00e9 necess\u00e1ria a refrigera\u00e7\u00e3o ou preserva\u00e7\u00e3o de alimentos, como supermercados, restaurantes e pontos de alimenta\u00e7\u00e3o.<\/p><ul><li><h3><span data-preserver-spaces=\"true\">Tipos de refrigera\u00e7\u00e3o comercial\u00a0<\/span><\/h3><\/li><\/ul><p><span data-preserver-spaces=\"true\">Embora os refrigeradores comerciais sejam constru\u00eddos em diferentes tamanhos e configura\u00e7\u00f5es, eles tamb\u00e9m s\u00e3o de v\u00e1rios tipos, e a melhor op\u00e7\u00e3o para o seu neg\u00f3cio depende de qual deles atende \u00e0s suas necessidades.\u00a0<\/span><\/p><p>Aqui est\u00e3o os equipamentos de refrigera\u00e7\u00e3o comercial mais comuns em diversos estabelecimentos:<\/p><ol><li><h5><strong>Refrigeradores e freezers retr\u00e1teis<\/strong><\/h5><\/li><\/ol><p>Eles s\u00e3o comumente usados em cozinhas comerciais, supermercados e lojas de conveni\u00eancia.<\/p><h5><strong>\u00a0 \u00a0 2. Refrigeradores e freezers walk-in<\/strong><\/h5><p>Walk-freezers s\u00e3o equipamentos de refrigera\u00e7\u00e3o comuns encontrados em estoques como restaurantes e supermercados. Esse tipo de refrigera\u00e7\u00e3o \u00e9 ideal para empresas onde s\u00e3o conservadas grandes quantidades de alimentos, pois os freezers possuem bastante espa\u00e7o.\u00a0<\/p><h5><strong>\u00a0 \u00a03. Vitrines refrigeradas<\/strong><\/h5><p><span data-preserver-spaces=\"true\">Vitrines refrigeradas podem ser tudo de que voc\u00ea precisa se o seu neg\u00f3cio exigir refrigera\u00e7\u00e3o e exposi\u00e7\u00e3o de alimentos ou doces.\u00a0<\/span><a class=\"editor-rtfLink\" href=\"https:\/\/acenoxkitchenequipment.com\/pt\/categoria-produto\/commercial-display-refrigerator\/\" target=\"_blank\" rel=\"noopener\"><span data-preserver-spaces=\"true\">Vitrines<\/span><\/a><span data-preserver-spaces=\"true\">\u00a0oferecem as fun\u00e7\u00f5es de exposi\u00e7\u00e3o e conserva\u00e7\u00e3o de alimentos.\u00a0<\/span><\/p><p><span data-preserver-spaces=\"true\">Uma caracter\u00edstica marcante do\u00a0<\/span><span data-preserver-spaces=\"true\">vitrines s\u00e3o suas portas de vidro<\/span><span data-preserver-spaces=\"true\">, que permitem que os clientes vejam atrav\u00e9s deles. Al\u00e9m disso, alguns modelos de vitrines v\u00eam sem portas.<\/span><\/p><h5><span data-preserver-spaces=\"true\">\u00a0 \u00a0 4. Refrigeradores de bebidas<\/span><\/h5><p><span data-preserver-spaces=\"true\">Como o nome indica, os refrigeradores de bebidas s\u00e3o feitos especificamente para bebidas. Eles mant\u00eam as bebidas geladas em uma faixa de temperatura predefinida. Os refrigeradores comerciais para bebidas est\u00e3o dispon\u00edveis em diferentes tamanhos e configura\u00e7\u00f5es, dependendo das necessidades do seu neg\u00f3cio. Por exemplo, embora voc\u00ea possa solicitar uma op\u00e7\u00e3o de bancada, voc\u00ea pode investir em uma unidade grande com bastante espa\u00e7o para armazenar muitas bebidas.\u00a0<\/span><\/p><h5><strong><span data-preserver-spaces=\"true\">\u00a0 \u00a0 5. M\u00e1quinas de gelo: <\/span><\/strong><\/h5><p><span data-preserver-spaces=\"true\">\u00a0Essas m\u00e1quinas produzem e armazenam gelo para diversos usos, como resfriar bebidas ou exibir frutos do mar e produtos hortifrutigranjeiros. Eles v\u00eam em v\u00e1rios tamanhos e tipos, incluindo modelos modulares, de bancada e de bancada.<\/span><\/p><h5><span data-preserver-spaces=\"true\">\u00a0 \u00a0 6. Equipamento de refrigera\u00e7\u00e3o para supermercados<\/span><\/h5><p><span data-preserver-spaces=\"true\">\u00a0<\/span><span data-preserver-spaces=\"true\">Inclui principalmente vitrines abertas, freezers de ilha e freezers horizontais em tamanhos grandes.<\/span><\/p><h5><span data-preserver-spaces=\"true\">\u00a0 \u00a0 7. <\/span><span data-preserver-spaces=\"true\">Refrigeradores de bar comerciais<\/span><\/h5><p><span data-preserver-spaces=\"true\">Os refrigeradores de barra traseira s\u00e3o unidades de refrigera\u00e7\u00e3o especializadas comumente usadas na ind\u00fastria hoteleira, principalmente em bares e restaurantes. Eles s\u00e3o projetados para caber na \u00e1rea traseira do bar, que normalmente \u00e9 a \u00e1rea atr\u00e1s do balc\u00e3o do bar.<\/span><\/p><h1>\u00a0<\/h1>\t\t\t\t\t\t<\/div>\n\t\t\t\t<\/div>\n\t\t\t\t<div class=\"elementor-element elementor-element-3b752f5f elementor-widget elementor-widget-spacer\" data-id=\"3b752f5f\" data-element_type=\"widget\" data-widget_type=\"spacer.default\">\n\t\t\t\t<div class=\"elementor-widget-container\">\n\t\t\t\t\t<div class=\"elementor-spacer\">\n\t\t\t<div class=\"elementor-spacer-inner\"><\/div>\n\t\t<\/div>\n\t\t\t\t<\/div>\n\t\t\t\t<\/div>\n\t\t\t\t\t<\/div>\n\t\t<\/div>\n\t\t\t\t\t<\/div>\n\t\t<\/section>\n\t\t\t\t<section class=\"elementor-section elementor-top-section elementor-element elementor-element-b628a4f elementor-section-boxed elementor-section-height-default elementor-section-height-default\" data-id=\"b628a4f\" data-element_type=\"section\">\n\t\t\t\t\t\t<div class=\"elementor-container elementor-column-gap-default\">\n\t\t\t\t\t<div class=\"elementor-column elementor-col-100 elementor-top-column elementor-element elementor-element-25e7bbf\" data-id=\"25e7bbf\" data-element_type=\"column\">\n\t\t\t<div class=\"elementor-widget-wrap elementor-element-populated\">\n\t\t\t\t\t\t\t<\/div>\n\t\t<\/div>\n\t\t\t\t\t<\/div>\n\t\t<\/section>\n\t\t\t\t<section class=\"elementor-section elementor-top-section elementor-element elementor-element-49f1a703 elementor-section-boxed elementor-section-height-default elementor-section-height-default\" data-id=\"49f1a703\" data-element_type=\"section\">\n\t\t\t\t\t\t<div class=\"elementor-container elementor-column-gap-default\">\n\t\t\t\t\t<div class=\"elementor-column elementor-col-50 elementor-top-column elementor-element elementor-element-3b11d41c\" data-id=\"3b11d41c\" data-element_type=\"column\">\n\t\t\t<div class=\"elementor-widget-wrap elementor-element-populated\">\n\t\t\t\t\t\t<div class=\"elementor-element elementor-element-24074632 elementor-widget elementor-widget-heading\" data-id=\"24074632\" data-element_type=\"widget\" data-widget_type=\"heading.default\">\n\t\t\t\t<div class=\"elementor-widget-container\">\n\t\t\t<h5 class=\"elementor-heading-title elementor-size-default\">Gostar\u00edamos de trabalhar com voc\u00ea\n<\/h5>\t\t<\/div>\n\t\t\t\t<\/div>\n\t\t\t\t<div class=\"elementor-element elementor-element-554f80f6 elementor-widget elementor-widget-text-editor\" data-id=\"554f80f6\" data-element_type=\"widget\" data-widget_type=\"text-editor.default\">\n\t\t\t\t<div class=\"elementor-widget-container\">\n\t\t\t\t\t\t\t<p>Envie-nos uma mensagem caso tenha alguma d\u00favida ou solicite um or\u00e7amento. Nossos especialistas lhe dar\u00e3o uma resposta dentro de 24 horas.<\/p>\t\t\t\t\t\t<\/div>\n\t\t\t\t<\/div>\n\t\t\t\t<div class=\"elementor-element elementor-element-7d4d920d elementor-icon-list--layout-traditional elementor-list-item-link-full_width elementor-widget elementor-widget-icon-list\" data-id=\"7d4d920d\" data-element_type=\"widget\" data-widget_type=\"icon-list.default\">\n\t\t\t\t<div class=\"elementor-widget-container\">\n\t\t\t\t\t<ul class=\"elementor-icon-list-items\">\n\t\t\t\t\t\t\t<li class=\"elementor-icon-list-item\">\n\t\t\t\t\t\t\t\t\t\t\t<span class=\"elementor-icon-list-icon\">\n\t\t\t\t\t\t\t<i aria-hidden=\"true\" class=\"fas fa-phone-square-alt\"><\/i>\t\t\t\t\t\t<\/span>\n\t\t\t\t\t\t\t\t\t\t<span class=\"elementor-icon-list-text\">+86 13053321900<\/span>\n\t\t\t\t\t\t\t\t\t<\/li>\n\t\t\t\t\t\t\t\t<li class=\"elementor-icon-list-item\">\n\t\t\t\t\t\t\t\t\t\t\t<span class=\"elementor-icon-list-icon\">\n\t\t\t\t\t\t\t<i aria-hidden=\"true\" class=\"fas fa-mail-bulk\"><\/i>\t\t\t\t\t\t<\/span>\n\t\t\t\t\t\t\t\t\t\t<span class=\"elementor-icon-list-text\">info@acenoxkitchenequipment.com<\/span>\n\t\t\t\t\t\t\t\t\t<\/li>\n\t\t\t\t\t\t<\/ul>\n\t\t\t\t<\/div>\n\t\t\t\t<\/div>\n\t\t\t\t\t<\/div>\n\t\t<\/div>\n\t\t\t\t<div class=\"elementor-column elementor-col-50 elementor-top-column elementor-element elementor-element-34f0bf09\" data-id=\"34f0bf09\" data-element_type=\"column\" data-settings=\"{&quot;background_background&quot;:&quot;classic&quot;}\">\n\t\t\t<div class=\"elementor-widget-wrap elementor-element-populated\">\n\t\t\t\t\t\t<div class=\"elementor-element elementor-element-7d0d29d4 elementor-button-align-center elementor-widget elementor-widget-form\" data-id=\"7d0d29d4\" data-element_type=\"widget\" data-settings=\"{&quot;step_next_label&quot;:&quot;\\u4e0b\\u4e00\\u4e2a&quot;,&quot;step_previous_label&quot;:&quot;\\u4e0a\\u4e00\\u4e2a&quot;,&quot;button_width&quot;:&quot;100&quot;,&quot;step_type&quot;:&quot;number_text&quot;,&quot;step_icon_shape&quot;:&quot;circle&quot;}\" data-widget_type=\"form.default\">\n\t\t\t\t<div class=\"elementor-widget-container\">\n\t\t\t\t\t<form class=\"elementor-form\" method=\"post\" name=\"\u65b0\u8868\u5355\" action=\"\">\n\t\t\t<input type=\"hidden\" name=\"post_id\" value=\"40\"\/>\n\t\t\t<input type=\"hidden\" name=\"form_id\" value=\"7d0d29d4\"\/>\n\t\t\t<input type=\"hidden\" name=\"referer_title\" value=\"\" \/>\n\n\t\t\t\n\t\t\t<div class=\"elementor-form-fields-wrapper elementor-labels-above\">\n\t\t\t\t\t\t\t\t<div class=\"elementor-field-type-text elementor-field-group elementor-column elementor-field-group-name elementor-col-100\">\n\t\t\t\t\t\t\t\t\t\t\t\t<label for=\"form-field-name\" class=\"elementor-field-label\">\n\t\t\t\t\t\t\t\tNome\t\t\t\t\t\t\t<\/label>\n\t\t\t\t\t\t\t\t\t\t\t\t\t\t<input size=\"1\" type=\"text\" name=\"form_fields[name]\" id=\"form-field-name\" class=\"elementor-field elementor-size-sm  elementor-field-textual\">\n\t\t\t\t\t\t\t\t\t\t\t<\/div>\n\t\t\t\t\t\t\t\t<div class=\"elementor-field-type-email elementor-field-group elementor-column elementor-field-group-email elementor-col-100 elementor-field-required\">\n\t\t\t\t\t\t\t\t\t\t\t\t<label for=\"form-field-email\" class=\"elementor-field-label\">\n\t\t\t\t\t\t\t\tE-mail\t\t\t\t\t\t\t<\/label>\n\t\t\t\t\t\t\t\t\t\t\t\t\t\t<input size=\"1\" type=\"email\" name=\"form_fields[email]\" id=\"form-field-email\" class=\"elementor-field elementor-size-sm  elementor-field-textual\" required=\"required\" aria-required=\"true\">\n\t\t\t\t\t\t\t\t\t\t\t<\/div>\n\t\t\t\t\t\t\t\t<div class=\"elementor-field-type-textarea elementor-field-group elementor-column elementor-field-group-message elementor-col-100\">\n\t\t\t\t\t\t\t\t\t\t\t\t<label for=\"form-field-message\" class=\"elementor-field-label\">\n\t\t\t\t\t\t\t\tMensagem\t\t\t\t\t\t\t<\/label>\n\t\t\t\t\t\t<textarea class=\"elementor-field-textual elementor-field  elementor-size-sm\" name=\"form_fields[message]\" id=\"form-field-message\" rows=\"4\"><\/textarea>\t\t\t\t<\/div>\n\t\t\t\t\t\t\t\t<div class=\"elementor-field-group elementor-column elementor-field-type-submit elementor-col-100 e-form__buttons\">\n\t\t\t\t\t<button class=\"elementor-button elementor-size-sm\" type=\"submit\">\n\t\t\t\t\t\t<span class=\"elementor-button-content-wrapper\">\n\t\t\t\t\t\t\t\t\t\t\t\t\t\t\t\t\t\t\t\t\t\t<span class=\"elementor-button-text\">Enviar mensagem<\/span>\n\t\t\t\t\t\t\t\t\t\t\t\t\t<\/span>\n\t\t\t\t\t<\/button>\n\t\t\t\t<\/div>\n\t\t\t<\/div>\n\t\t<input type=\"hidden\" name=\"trp-form-language\" value=\"pt\"\/><\/form>\n\t\t\t\t<\/div>\n\t\t\t\t<\/div>\n\t\t\t\t\t<\/div>\n\t\t<\/div>\n\t\t\t\t\t<\/div>\n\t\t<\/section>\n\t\t\t\t<\/div>","protected":false},"excerpt":{"rendered":"<p>Commercial Refrigeration Equipment Manufacturer Email: info@acenoxkitchenequipment.com What We Define Our Products Commercial Refrigeration Equipment We mainly focus on producing Stainless Steel Fabrication Equipment and Commercial Refrigeration Equipment. Commercial refrigeration equipment is a freezer or cooler used in commercial settings. It is for cold storage in businesses where food chilling or preservation is necessary, such as [&hellip;]<\/p>","protected":false},"author":1,"featured_media":0,"parent":0,"menu_order":0,"comment_status":"closed","ping_status":"closed","template":"","meta":{"_seopress_robots_primary_cat":"","_seopress_titles_title":"Product - Commercial Refrigeration Equipment Manufacturer and Supplier","_seopress_titles_desc":"Commercial Refrigeration Equipment, Cake Display Fridges, Refrigerated Display cases, Commercial Refrigerators and Freezers Mnaufacturer and Supplier in China","_seopress_robots_index":""},"_links":{"self":[{"href":"https:\/\/acenoxkitchenequipment.com\/pt\/wp-json\/wp\/v2\/pages\/40"}],"collection":[{"href":"https:\/\/acenoxkitchenequipment.com\/pt\/wp-json\/wp\/v2\/pages"}],"about":[{"href":"https:\/\/acenoxkitchenequipment.com\/pt\/wp-json\/wp\/v2\/types\/page"}],"author":[{"embeddable":true,"href":"https:\/\/acenoxkitchenequipment.com\/pt\/wp-json\/wp\/v2\/users\/1"}],"replies":[{"embeddable":true,"href":"https:\/\/acenoxkitchenequipment.com\/pt\/wp-json\/wp\/v2\/comments?post=40"}],"version-history":[{"count":0,"href":"https:\/\/acenoxkitchenequipment.com\/pt\/wp-json\/wp\/v2\/pages\/40\/revisions"}],"wp:attachment":[{"href":"https:\/\/acenoxkitchenequipment.com\/pt\/wp-json\/wp\/v2\/media?parent=40"}],"curies":[{"name":"wp","href":"https:\/\/api.w.org\/{rel}","templated":true}]}}