{"id":9747,"date":"2024-07-03T17:44:28","date_gmt":"2024-07-03T09:44:28","guid":{"rendered":"https:\/\/acenoxkitchenequipment.com\/?post_type=product&#038;p=9747"},"modified":"2024-07-26T10:33:23","modified_gmt":"2024-07-26T02:33:23","slug":"reach-in-refrigerator","status":"publish","type":"product","link":"https:\/\/acenoxkitchenequipment.com\/fr\/produit\/reach-in-refrigerator\/","title":{"rendered":"Atteindre le r\u00e9frig\u00e9rateur"},"content":{"rendered":"<h3>Atteindre le r\u00e9frig\u00e9rateur<\/h3>\n<div class=\"q-click-wrapper qu-display--block qu-tapHighlight--white qu-cursor--pointer qu-hover--textDecoration--underline ClickWrapper___StyledClickWrapperBox-zoqi4f-0 iyYUZT\" tabindex=\"0\">\n<div class=\"q-flex qu-flexDirection--row\">\n<div class=\"q-inline qu-flexWrap--wrap\">\n<div class=\"QuestionTitle___StyledText-exj38m-0 chNUqN puppeteer_test_question_title\">\n<p>Les r\u00e9frig\u00e9rateurs \u00e0 port\u00e9e de main d&#039;Acenox sont enti\u00e8rement produits par une ligne de production de haut niveau. Il pr\u00e9sente une conception parfaite pour chaque pi\u00e8ce, quels que soient les mat\u00e9riaux ou les performances de refroidissement. L\u2019achat d\u2019un r\u00e9frig\u00e9rateur \u00e0 acc\u00e8s ouvert d\u2019Acenox est une sage d\u00e9cision\u00a0!<\/p>\n<ul>\n<li>Qu\u2019est-ce qu\u2019un r\u00e9frig\u00e9rateur \u00e0 acc\u00e8s direct ? Pourquoi appeler un r\u00e9frig\u00e9rateur \u00e0 port\u00e9e de main\u00a0?<\/li>\n<\/ul>\n<p>Un r\u00e9frig\u00e9rateur commercial est appel\u00e9 \u00ab r\u00e9frig\u00e9rateur \u00e0 acc\u00e8s direct \u00bb en raison de sa conception et de sa fonctionnalit\u00e9. Ce type de r\u00e9frig\u00e9rateur est con\u00e7u pour permettre aux utilisateurs d\u2019acc\u00e9der facilement aux aliments r\u00e9frig\u00e9r\u00e9s sans avoir \u00e0 entrer.<\/p>\n<p>En tant que fabricant, nous proposons diff\u00e9rentes normes de qualit\u00e9 pour ce r\u00e9frig\u00e9rateur commercial. Pour certains endroits de saison fra\u00eeche, notre r\u00e9frig\u00e9rateur standard conviendra, et pour certaines zones tropicales, notre r\u00e9frig\u00e9rateur standard haut de gamme sera meilleur\u00a0; Les diff\u00e9rences concernent principalement les conditions d&#039;utilisation, les r\u00e9frig\u00e9rateurs standard conviennent \u00e0 des conditions de travail telles que 32 \u2103 et les r\u00e9frig\u00e9rateurs standard haut de gamme peuvent fonctionner \u00e0 38 \u2103.<\/p>\n<p>Contactez-nous et faites-nous part de vos conditions de travail, et nous vous recommanderons le type qui vous convient\u00a0!<\/p>\n<\/div>\n<\/div>\n<\/div>\n<\/div>\n<p>&nbsp;<\/p>\n<h3>Sp\u00e9cifications du r\u00e9frig\u00e9rateur \u00e0 port\u00e9e de main<\/h3>\n<div class=\"wptb-table-container wptb-table-9751\"><div class=\"wptb-table-container-matrix\" id=\"wptb-table-id-9751\" data-wptb-version=\"1.4.14\" data-wptb-pro-status=\"false\"><table class=\"wptb-preview-table wptb-element-main-table_setting-5987\" data-wptb-adaptive-table=\"0\" data-wptb-cells-width-auto-count=\"2\" data-wptb-table-tds-sum-max-width=\"263.33333\" style=\"border-style: solid; border-width: 1px;\" data-table-columns=\"2\" data-reconstraction=\"1\" data-wptb-horizontal-scroll-status=\"false\" data-wptb-extra-styles=\"LyogRW50ZXIgeW91ciBjdXN0b20gQ1NTIHJ1bGVzIGhlcmUgKi8=\" role=\"table\" data-wptb-even-row-background-color=\"#FFFFFFFF\" data-wptb-odd-row-background-color=\"#FFFFFFFF\" data-wptb-header-background-color=\"#FFFCFCFF\"><tbody><tr class=\"wptb-row\" style=\"background-color: rgb(255, 252, 252);\"><td class=\"wptb-cell\" data-wptb-css-td-auto-width=\"true\" data-x-index=\"0\" data-y-index=\"0\" style=\"padding: 15px; border-style: solid; border-width: 1px; height: 31px;\"><div class=\"wptb-text-container wptb-ph-element wptb-element-text-1\" style=\"color: rgb(74, 85, 104); font-size: 19px;\"><div class=\"\" style=\"position: relative;\"><p><strong>Nom<\/strong><\/p><\/div><\/div><\/td><td class=\"wptb-cell\" style=\"padding: 15px; border-style: solid; border-width: 1px; height: 31px;\" data-x-index=\"1\" data-y-index=\"0\" data-wptb-css-td-auto-width=\"true\"><div class=\"wptb-text-container wptb-ph-element wptb-element-text-54\" style=\"color: rgb(74, 85, 104); font-size: 19px;\"><div class=\"\" style=\"position: relative;\"><p>Atteindre le r\u00e9frig\u00e9rateur<\/p><\/div><\/div><\/td><\/tr><tr class=\"wptb-row\" style=\"background-color: rgb(255, 255, 255); --hover-bg-color: undefined;\"><td class=\"wptb-cell\" style=\"padding: 15px; border-style: solid; border-width: 1px;\" data-x-index=\"0\" data-y-index=\"1\" data-wptb-css-td-auto-width=\"true\"><div class=\"wptb-text-container wptb-ph-element wptb-element-text-96\" style=\"color: rgb(0, 0, 0); font-size: 15px;\"><div class=\"\" style=\"position: relative;\"><p>Mod\u00e8le<\/p><\/div><\/div><\/td><td class=\"wptb-cell\" style=\"padding: 15px; border-style: solid; border-width: 1px;\" data-x-index=\"1\" data-y-index=\"1\" data-wptb-css-td-auto-width=\"true\"><div class=\"wptb-text-container wptb-ph-element wptb-element-text-97\" style=\"color: rgb(0, 0, 0); font-size: 15px;\"><div class=\"\" style=\"position: relative;\"><p>AM-54R<\/p><\/div><\/div><\/td><\/tr><tr class=\"wptb-row\" style=\"--hover-bg-color: undefined; background-color: rgb(255, 255, 255);\"><td class=\"wptb-cell\" data-wptb-css-td-auto-width=\"true\" data-x-index=\"0\" data-y-index=\"2\" style=\"padding: 15px; border-style: solid; border-width: 1px;\"><div class=\"wptb-text-container wptb-ph-element wptb-element-text-7\" style=\"color: rgb(74, 85, 104); font-size: 15px;\"><div class=\"\" style=\"position: relative;\"><p>Capacit\u00e9:<\/p><\/div><\/div><\/td><td class=\"wptb-cell\" style=\"padding: 15px; border-style: solid; border-width: 1px;\" data-x-index=\"1\" data-y-index=\"2\" data-wptb-css-td-auto-width=\"true\"><div class=\"wptb-text-container wptb-ph-element wptb-element-text-85\" style=\"color: rgb(0, 0, 0); font-size: 15px;\"><div class=\"\" style=\"position: relative;\"><p>1300L<\/p><p><\/p><\/div><\/div><\/td><\/tr><tr class=\"wptb-row\" style=\"background-color: rgb(255, 255, 255); --hover-bg-color: undefined;\"><td class=\"wptb-cell\" style=\"padding: 15px; border-style: solid; border-width: 1px;\" data-x-index=\"0\" data-y-index=\"3\" data-wptb-css-td-auto-width=\"true\"><div class=\"wptb-text-container wptb-ph-element wptb-element-text-86\" style=\"color: rgb(0, 0, 0); font-size: 15px;\"><div class=\"\" style=\"position: relative;\"><p>Taille (L\u00d7P\u00d7H)<\/p><\/div><\/div><\/td><td class=\"wptb-cell\" style=\"padding: 15px; border-style: solid; border-width: 1px;\" data-x-index=\"1\" data-y-index=\"3\" data-wptb-css-td-auto-width=\"true\"><div class=\"wptb-text-container wptb-ph-element wptb-element-text-87\" style=\"color: rgb(0, 0, 0); font-size: 15px;\"><div class=\"\" style=\"position: relative;\"><p>54,13 pouces \u00d7 32,11 pouces \u00d7 86 pouces<\/p><\/div><\/div><\/td><\/tr><tr class=\"wptb-row\" style=\"--hover-bg-color: undefined; background-color: rgb(255, 255, 255);\"><td class=\"wptb-cell\" data-wptb-css-td-auto-width=\"true\" data-x-index=\"0\" data-y-index=\"4\" style=\"padding: 15px; border-style: solid; border-width: 1px;\"><div class=\"wptb-text-container wptb-ph-element wptb-element-text-13\" style=\"color: rgb(74, 74, 74); font-size: 15px;\"><div class=\"\" style=\"position: relative;\"><p>Temp\u00e9rature (\u2109)<\/p><p><\/p><\/div><\/div><\/td><td class=\"wptb-cell\" style=\"padding: 15px; border-style: solid; border-width: 1px;\" data-x-index=\"1\" data-y-index=\"4\" data-wptb-css-td-auto-width=\"true\"><div class=\"wptb-text-container wptb-ph-element wptb-element-text-62\" style=\"color: rgb(74, 85, 104); font-size: 15px;\"><div class=\"\" style=\"position: relative;\"><p>31 ~ 44&#8457;<\/p><\/div><\/div><\/td><\/tr><tr class=\"wptb-row\" style=\"background-color: rgb(255, 255, 255); --hover-bg-color: undefined;\"><td class=\"wptb-cell\" style=\"padding: 15px; border-style: solid; border-width: 1px;\" data-x-index=\"0\" data-y-index=\"5\" data-wptb-css-td-auto-width=\"true\"><div class=\"wptb-text-container wptb-ph-element wptb-element-text-92\" style=\"color: rgb(0, 0, 0); font-size: 15px;\"><div class=\"\" style=\"position: relative;\"><p>Pouvoir<\/p><\/div><\/div><\/td><td class=\"wptb-cell\" style=\"padding: 15px; border-style: solid; border-width: 1px;\" data-x-index=\"1\" data-y-index=\"5\" data-wptb-css-td-auto-width=\"true\"><div class=\"wptb-text-container wptb-ph-element wptb-element-text-93\" style=\"color: rgb(0, 0, 0); font-size: 15px;\"><div class=\"\" style=\"position: relative;\"><p>W<\/p><\/div><\/div><\/td><\/tr><tr class=\"wptb-row\" style=\"background-color: rgb(255, 255, 255); --hover-bg-color: undefined;\"><td class=\"wptb-cell\" style=\"padding: 15px; border-style: solid; border-width: 1px;\" data-x-index=\"0\" data-y-index=\"6\" data-wptb-css-td-auto-width=\"true\"><div class=\"wptb-text-container wptb-ph-element wptb-element-text-90\" style=\"color: rgb(0, 0, 0); font-size: 15px;\"><div class=\"\" style=\"position: relative;\"><p>R\u00e9frig\u00e9rant<\/p><\/div><\/div><\/td><td class=\"wptb-cell\" style=\"padding: 15px; border-style: solid; border-width: 1px;\" data-x-index=\"1\" data-y-index=\"6\" data-wptb-css-td-auto-width=\"true\"><div class=\"wptb-text-container wptb-ph-element wptb-element-text-91\" style=\"color: rgb(0, 0, 0); font-size: 15px;\"><div class=\"\" style=\"position: relative;\"><p>R290<\/p><\/div><\/div><\/td><\/tr><tr class=\"wptb-row\" style=\"background-color: rgb(255, 255, 255); --hover-bg-color: undefined;\"><td class=\"wptb-cell\" style=\"padding: 15px; border-style: solid; border-width: 1px;\" data-x-index=\"0\" data-y-index=\"7\" data-wptb-css-td-auto-width=\"true\"><div class=\"wptb-text-container wptb-ph-element wptb-element-text-94\" style=\"color: rgb(0, 0, 0); font-size: 15px;\"><div class=\"\" style=\"position: relative;\"><p>Tension<\/p><\/div><\/div><\/td><td class=\"wptb-cell\" style=\"padding: 15px; border-style: solid; border-width: 1px;\" data-x-index=\"1\" data-y-index=\"7\" data-wptb-css-td-auto-width=\"true\"><div class=\"wptb-text-container wptb-ph-element wptb-element-text-95\" style=\"color: rgb(0, 0, 0); font-size: 15px;\"><div class=\"\" style=\"position: relative;\"><p>110V<\/p><\/div><\/div><\/td><\/tr><tr class=\"wptb-row\" style=\"background-color: rgb(255, 255, 255); --hover-bg-color: undefined;\"><td class=\"wptb-cell\" style=\"padding: 15px; border-style: solid; border-width: 1px;\" data-x-index=\"0\" data-y-index=\"8\" data-wptb-css-td-auto-width=\"true\"><div class=\"wptb-text-container wptb-ph-element wptb-element-text-88\" style=\"color: rgb(0, 0, 0); font-size: 15px;\"><div class=\"\" style=\"position: relative;\"><p>Compresseur<\/p><\/div><\/div><\/td><td class=\"wptb-cell\" style=\"padding: 15px; border-style: solid; border-width: 1px;\" data-x-index=\"1\" data-y-index=\"8\" data-wptb-css-td-auto-width=\"true\"><div class=\"wptb-text-container wptb-ph-element wptb-element-text-89\" style=\"color: rgb(0, 0, 0); font-size: 15px;\"><div class=\"\" style=\"position: relative;\"><p>Marque<\/p><\/div><\/div><\/td><\/tr><tr class=\"wptb-row\" style=\"--hover-bg-color: undefined; background-color: rgb(255, 255, 255);\"><td class=\"wptb-cell\" style=\"padding: 15px; border-style: solid; border-width: 1px;\" data-x-index=\"0\" data-y-index=\"9\" data-wptb-css-td-auto-width=\"true\"><div class=\"wptb-text-container wptb-ph-element wptb-element-text-71\" style=\"color: rgb(74, 85, 104); font-size: 15px;\"><div class=\"\" style=\"position: relative;\"><p>D\u00e9givrage<\/p><\/div><\/div><\/td><td class=\"wptb-cell\" style=\"padding: 15px; border-style: solid; border-width: 1px;\" data-x-index=\"1\" data-y-index=\"9\" data-wptb-css-td-auto-width=\"true\"><div class=\"wptb-text-container wptb-ph-element wptb-element-text-73\" style=\"color: rgb(74, 85, 104); font-size: 15px;\"><div class=\"\" style=\"position: relative;\"><p>Automatique<\/p><p><\/p><\/div><\/div><\/td><\/tr><tr class=\"wptb-row\" style=\"--hover-bg-color: undefined; background-color: rgb(255, 255, 255);\"><td class=\"wptb-cell\" style=\"padding: 15px; border-style: solid; border-width: 1px;\" data-x-index=\"0\" data-y-index=\"10\" data-wptb-css-td-auto-width=\"true\"><div class=\"wptb-text-container wptb-ph-element wptb-element-text-76\" style=\"color: rgb(74, 85, 104); font-size: 15px;\"><div class=\"\" style=\"position: relative;\"><p>Thermostat<\/p><p><\/p><\/div><\/div><\/td><td class=\"wptb-cell\" style=\"padding: 15px; border-style: solid; border-width: 1px;\" data-x-index=\"1\" data-y-index=\"10\" data-wptb-css-td-auto-width=\"true\"><div class=\"wptb-text-container wptb-ph-element wptb-element-text-78\" style=\"color: rgb(74, 85, 104); font-size: 15px;\"><div class=\"\" style=\"position: relative;\"><p>Marque num\u00e9rique, Italie<\/p><\/div><\/div><\/td><\/tr><\/tbody><\/table><\/div><\/div>\n\n<h3>Photos de Reach In R\u00e9frig\u00e9rateur<\/h3>\n<p><img fetchpriority=\"high\" decoding=\"async\" class=\"alignnone wp-image-9754\" src=\"https:\/\/acenoxkitchenequipment.com\/wp-content\/uploads\/2024\/07\/reach-in-refrigerators.webp\" alt=\"reach in refrigerator\" width=\"800\" height=\"600\" srcset=\"https:\/\/acenoxkitchenequipment.com\/wp-content\/uploads\/2024\/07\/reach-in-refrigerators.webp 900w, https:\/\/acenoxkitchenequipment.com\/wp-content\/uploads\/2024\/07\/reach-in-refrigerators-300x225.webp 300w, https:\/\/acenoxkitchenequipment.com\/wp-content\/uploads\/2024\/07\/reach-in-refrigerators-768x576.webp 768w, https:\/\/acenoxkitchenequipment.com\/wp-content\/uploads\/2024\/07\/reach-in-refrigerators-16x12.webp 16w, https:\/\/acenoxkitchenequipment.com\/wp-content\/uploads\/2024\/07\/reach-in-refrigerators-600x450.webp 600w\" sizes=\"(max-width: 800px) 100vw, 800px\" \/><\/p>\n<p><img decoding=\"async\" class=\"alignnone wp-image-9755\" src=\"https:\/\/acenoxkitchenequipment.com\/wp-content\/uploads\/2024\/07\/thermostat-of-the-reach-in-refrigerators-1024x768.webp\" alt=\"reach in refrigerator\" width=\"800\" height=\"600\" srcset=\"https:\/\/acenoxkitchenequipment.com\/wp-content\/uploads\/2024\/07\/thermostat-of-the-reach-in-refrigerators-1024x768.webp 1024w, https:\/\/acenoxkitchenequipment.com\/wp-content\/uploads\/2024\/07\/thermostat-of-the-reach-in-refrigerators-300x225.webp 300w, https:\/\/acenoxkitchenequipment.com\/wp-content\/uploads\/2024\/07\/thermostat-of-the-reach-in-refrigerators-768x576.webp 768w, https:\/\/acenoxkitchenequipment.com\/wp-content\/uploads\/2024\/07\/thermostat-of-the-reach-in-refrigerators-1536x1152.webp 1536w, https:\/\/acenoxkitchenequipment.com\/wp-content\/uploads\/2024\/07\/thermostat-of-the-reach-in-refrigerators-2048x1536.webp 2048w, https:\/\/acenoxkitchenequipment.com\/wp-content\/uploads\/2024\/07\/thermostat-of-the-reach-in-refrigerators-16x12.webp 16w, https:\/\/acenoxkitchenequipment.com\/wp-content\/uploads\/2024\/07\/thermostat-of-the-reach-in-refrigerators-600x450.webp 600w\" sizes=\"(max-width: 800px) 100vw, 800px\" \/><\/p>","protected":false},"excerpt":{"rendered":"<ul>\n<li>La temp\u00e9rature est de 1 \u2103 ~ 8 \u2103<\/li>\n<li>En acier inoxydable enti\u00e8rement robuste<\/li>\n<li>Mousse de 60 mm d&#039;\u00e9paisseur, excellente isolation, \u00e9conomie d&#039;\u00e9nergie<\/li>\n<li>3 ou 5 \u00e9tag\u00e8res grillag\u00e9es enduites de PVC, hauteur r\u00e9glable<\/li>\n<li>2 portes pleines, fermeture automatique<\/li>\n<li>Joint de porte amovible<\/li>\n<li>Compresseur de marque r\u00e9put\u00e9e<\/li>\n<li>Excellente finition de l&#039;ext\u00e9rieur du r\u00e9frig\u00e9rateur, coin droit et beau<\/li>\n<\/ul>","protected":false},"featured_media":9748,"comment_status":"open","ping_status":"closed","template":"","meta":{"_seopress_robots_primary_cat":"none","_seopress_titles_title":"Reach In Refrigerator Manufacturer and Supplier %%sep%%Commercial","_seopress_titles_desc":"Buy top-quality reach-in refrigerators and freezers from a reliable manufacturer. 2 years quality guarantee, less maintenance, erengy-saving model","_seopress_robots_index":""},"product_cat":[242],"product_tag":[],"_links":{"self":[{"href":"https:\/\/acenoxkitchenequipment.com\/fr\/wp-json\/wp\/v2\/product\/9747"}],"collection":[{"href":"https:\/\/acenoxkitchenequipment.com\/fr\/wp-json\/wp\/v2\/product"}],"about":[{"href":"https:\/\/acenoxkitchenequipment.com\/fr\/wp-json\/wp\/v2\/types\/product"}],"replies":[{"embeddable":true,"href":"https:\/\/acenoxkitchenequipment.com\/fr\/wp-json\/wp\/v2\/comments?post=9747"}],"version-history":[{"count":0,"href":"https:\/\/acenoxkitchenequipment.com\/fr\/wp-json\/wp\/v2\/product\/9747\/revisions"}],"wp:featuredmedia":[{"embeddable":true,"href":"https:\/\/acenoxkitchenequipment.com\/fr\/wp-json\/wp\/v2\/media\/9748"}],"wp:attachment":[{"href":"https:\/\/acenoxkitchenequipment.com\/fr\/wp-json\/wp\/v2\/media?parent=9747"}],"wp:term":[{"taxonomy":"product_cat","embeddable":true,"href":"https:\/\/acenoxkitchenequipment.com\/fr\/wp-json\/wp\/v2\/product_cat?post=9747"},{"taxonomy":"product_tag","embeddable":true,"href":"https:\/\/acenoxkitchenequipment.com\/fr\/wp-json\/wp\/v2\/product_tag?post=9747"}],"curies":[{"name":"wp","href":"https:\/\/api.w.org\/{rel}","templated":true}]}}