{"id":8832,"date":"2024-02-17T12:56:57","date_gmt":"2024-02-17T04:56:57","guid":{"rendered":"https:\/\/acenoxkitchenequipment.com\/?post_type=product&#038;p=8832"},"modified":"2024-03-28T22:58:33","modified_gmt":"2024-03-28T14:58:33","slug":"small-cake-display-fridge","status":"publish","type":"product","link":"https:\/\/acenoxkitchenequipment.com\/fr\/produit\/small-cake-display-fridge\/","title":{"rendered":"Petit r\u00e9frig\u00e9rateur \u00e0 g\u00e2teaux"},"content":{"rendered":"<h3>Petit r\u00e9frig\u00e9rateur \u00e0 g\u00e2teaux<\/h3>\n<p>Ce petit r\u00e9frig\u00e9rateur \u00e0 g\u00e2teaux est un petit r\u00e9frig\u00e9rateur \u00e0 g\u00e2teaux de comptoir, sa petite taille permet aux entreprises de le conserver sur un comptoir ou une table. il est utilis\u00e9 pour afficher de l&#039;ambiance ou des collations fra\u00eeches. Surtout en \u00e9t\u00e9, cela aide grandement \u00e0 garder les aliments frais. De plus, sa lumi\u00e8re LED brillante attirera davantage de regards. De cette fa\u00e7on, cela am\u00e9liore l\u2019exp\u00e9rience d\u2019achat de tous les clients.<\/p>\n<h3><strong>Caract\u00e9ristiques du petit r\u00e9frig\u00e9rateur \u00e0 g\u00e2teaux\u00a0:<\/strong><\/h3>\n<ol>\n<li><strong>Taille: <\/strong>900\u00d7530\u00d7730mm<\/li>\n<li><strong>Compresseur:<\/strong> Compresseur Secop ou marque Donper au choix (R134a\/R290)<\/li>\n<li><strong>Thermostat:<\/strong> Thermost num\u00e9rique, marque Italie Dixell ou Carel ou marque Chine<\/li>\n<li><strong>Mat\u00e9riaux:<\/strong> Socle en acier inoxydable 430 \/ 201 avec mousse Cyclopentane int\u00e9gr\u00e9e \u00e0 l&#039;int\u00e9rieur, couleur noire<\/li>\n<li><strong>Lunettes:<\/strong> lunettes anti-bu\u00e9e<\/li>\n<li>Verre tremp\u00e9 creux double couche (verre Low-E), antid\u00e9flagrant<\/li>\n<li><strong>Autres \u00e9l\u00e9ments\u00a0:<\/strong> Condensat et \u00e9vaporateur enti\u00e8rement cuivreux<\/li>\n<li><strong>\u00c9tag\u00e8res:<\/strong> Deux \u00e9tag\u00e8res chrom\u00e9es, total trois \u00e9tag\u00e8res plus le bas<\/li>\n<li><strong>Des portes:<\/strong> Deux portes coulissantes en verre antibu\u00e9e avec une bonne propri\u00e9t\u00e9 d&#039;\u00e9tanch\u00e9it\u00e9<\/li>\n<li><strong>Lumi\u00e8re:<\/strong> Lumi\u00e8re LED blanche chaude ou froide au choix<\/li>\n<\/ol>\n<p>Veuillez cliquer sur les sp\u00e9cifications pour v\u00e9rifier les diff\u00e9rentes tailles<\/p>\n<p>Environnement Applicable\u00a0: temp\u00e9rature ambiante inf\u00e9rieure \u00e0 35 \u2103 ou inf\u00e9rieure \u00e0 40 \u2103<\/p>\n<h4><strong>Aux distributeurs de r\u00e9frig\u00e9rateurs \u00e0 g\u00e2teaux :<\/strong><\/h4>\n<p>Ce mod\u00e8le est l&#039;un de nos mod\u00e8les populaires. Selon les diff\u00e9rents budgets et environnements, les configurations peuvent varier. Veuillez nous contacter pour discuter des d\u00e9tails et nous pouvons personnaliser en fonction des conditions du march\u00e9 local.<\/p>\n<h4>Dimensions du petit r\u00e9frig\u00e9rateur pr\u00e9sentoir \u00e0 g\u00e2teaux\u00a0:<\/h4>\n<p><img fetchpriority=\"high\" decoding=\"async\" class=\"alignnone size-full wp-image-8836\" src=\"https:\/\/acenoxkitchenequipment.com\/wp-content\/uploads\/2024\/02\/small-cake-fridge.png\" alt=\"small cake display fridge\" width=\"520\" height=\"201\" srcset=\"https:\/\/acenoxkitchenequipment.com\/wp-content\/uploads\/2024\/02\/small-cake-fridge.png 520w, https:\/\/acenoxkitchenequipment.com\/wp-content\/uploads\/2024\/02\/small-cake-fridge-300x116.png 300w\" sizes=\"(max-width: 520px) 100vw, 520px\" \/><\/p>\n<p>&nbsp;<\/p>\n<p>&nbsp;<\/p>\n<p>&nbsp;<\/p>\n<p>&nbsp;<\/p>","protected":false},"excerpt":{"rendered":"<p>Petit r\u00e9frig\u00e9rateur \u00e0 g\u00e2teaux, mini r\u00e9frig\u00e9rateur \u00e0 g\u00e2teaux, temp\u00e9rature : 0 \u2103 ~ 8 \u2103<\/p>","protected":false},"featured_media":8833,"comment_status":"open","ping_status":"closed","template":"","meta":{"_seopress_robots_primary_cat":"none","_seopress_titles_title":"Small Cake Display Fridge %%sep%%Mini Cake Display Fridge Vendor","_seopress_titles_desc":"This mini cake display fridge is small countertop display fridge, the small size allows businesses to keep it on a countertop or table. ","_seopress_robots_index":""},"product_cat":[59],"product_tag":[244],"_links":{"self":[{"href":"https:\/\/acenoxkitchenequipment.com\/fr\/wp-json\/wp\/v2\/product\/8832"}],"collection":[{"href":"https:\/\/acenoxkitchenequipment.com\/fr\/wp-json\/wp\/v2\/product"}],"about":[{"href":"https:\/\/acenoxkitchenequipment.com\/fr\/wp-json\/wp\/v2\/types\/product"}],"replies":[{"embeddable":true,"href":"https:\/\/acenoxkitchenequipment.com\/fr\/wp-json\/wp\/v2\/comments?post=8832"}],"version-history":[{"count":0,"href":"https:\/\/acenoxkitchenequipment.com\/fr\/wp-json\/wp\/v2\/product\/8832\/revisions"}],"wp:featuredmedia":[{"embeddable":true,"href":"https:\/\/acenoxkitchenequipment.com\/fr\/wp-json\/wp\/v2\/media\/8833"}],"wp:attachment":[{"href":"https:\/\/acenoxkitchenequipment.com\/fr\/wp-json\/wp\/v2\/media?parent=8832"}],"wp:term":[{"taxonomy":"product_cat","embeddable":true,"href":"https:\/\/acenoxkitchenequipment.com\/fr\/wp-json\/wp\/v2\/product_cat?post=8832"},{"taxonomy":"product_tag","embeddable":true,"href":"https:\/\/acenoxkitchenequipment.com\/fr\/wp-json\/wp\/v2\/product_tag?post=8832"}],"curies":[{"name":"wp","href":"https:\/\/api.w.org\/{rel}","templated":true}]}}