{"id":8814,"date":"2024-02-10T16:12:50","date_gmt":"2024-02-10T08:12:50","guid":{"rendered":"https:\/\/acenoxkitchenequipment.com\/?post_type=product&#038;p=8814"},"modified":"2024-03-06T06:13:26","modified_gmt":"2024-03-05T22:13:26","slug":"single-door-commerial-fridge","status":"publish","type":"product","link":"https:\/\/acenoxkitchenequipment.com\/fr\/produit\/single-door-commerial-fridge\/","title":{"rendered":"R\u00e9frig\u00e9rateur commercial \u00e0 porte simple"},"content":{"rendered":"<h3>R\u00e9frig\u00e9rateur commercial \u00e0 porte simple<\/h3>\n<p>Les cong\u00e9lateurs \u00e0 porte simple sont essentiels pour conserver les ingr\u00e9dients, diverses saveurs de cr\u00e8me glac\u00e9e, de glace et de friandises glac\u00e9es. Leur taille compacte convient aux petits \u00e9tablissements disposant d\u2019un espace limit\u00e9.<\/p>\n<p><strong>Caract\u00e9ristiques:<\/strong><\/p>\n<ul>\n<li>Utilisant des t\u00f4les d\u2019acier inoxydable de haute qualit\u00e9, la conception est esth\u00e9tique, luxueuse et int\u00e8gre un design industriel respectueux de l\u2019environnement.<\/li>\n<li>Avec la doublure int\u00e9rieure moul\u00e9e, assurant un nettoyage facile et approfondi.<\/li>\n<li>L&#039;ensemble de l&#039;unit\u00e9 est fabriqu\u00e9 avec une isolation en mousse de cyclopentane haute densit\u00e9, d&#039;une \u00e9paisseur de 5 \u00e0 6 cm pour une efficacit\u00e9 \u00e9nerg\u00e9tique et un respect de l&#039;environnement plus \u00e9lev\u00e9s.<\/li>\n<li>\u00c9quip\u00e9 d&#039;un r\u00e9gulateur de temp\u00e9rature num\u00e9rique italien elf et d&#039;un compresseur de marque de haute qualit\u00e9.<\/li>\n<li>Circulation d&#039;air tridimensionnelle \u00e0 360 degr\u00e9s, ne laissant aucun angle mort.<\/li>\n<li>Porte \u00e0 fermeture automatique.<\/li>\n<li>Utilisant des tuyaux en acier enti\u00e8rement en cuivre, garantissant l\u2019absence de fuite.<\/li>\n<li>Roulettes int\u00e9gr\u00e9es avec pieds r\u00e9glables pour une mobilit\u00e9 facile.<\/li>\n<\/ul>\n<h3>Sp\u00e9cifications du r\u00e9frig\u00e9rateur commercial \u00e0 porte unique<\/h3>\n<div class=\"wptb-table-container wptb-table-8813\"><div class=\"wptb-table-container-matrix\" id=\"wptb-table-id-8813\" data-wptb-version=\"1.4.14\" data-wptb-pro-status=\"false\"><table class=\"wptb-preview-table wptb-element-main-table_setting-5987\" data-wptb-adaptive-table=\"0\" data-wptb-cells-width-auto-count=\"2\" data-wptb-table-tds-sum-max-width=\"262.666667\" style=\"border-style: solid; border-width: 1px;\" data-table-columns=\"2\" data-reconstraction=\"1\" data-wptb-horizontal-scroll-status=\"false\" data-wptb-extra-styles=\"LyogRW50ZXIgeW91ciBjdXN0b20gQ1NTIHJ1bGVzIGhlcmUgKi8=\" role=\"table\" data-wptb-even-row-background-color=\"#FFFFFFFF\" data-wptb-odd-row-background-color=\"#FFFFFFFF\" data-wptb-header-background-color=\"#FFFCFCFF\"><tbody><tr class=\"wptb-row\" style=\"background-color: rgb(255, 252, 252);\"><td class=\"wptb-cell\" data-wptb-css-td-auto-width=\"true\" data-x-index=\"0\" data-y-index=\"0\" style=\"padding: 15px; border-style: solid; border-width: 1px; height: 31px;\"><div class=\"wptb-text-container wptb-ph-element wptb-element-text-1\" style=\"color: rgb(74, 85, 104); font-size: 19px;\"><div class=\"\" style=\"position: relative;\"><p><strong>Nom<\/strong><\/p><\/div><\/div><\/td><td class=\"wptb-cell\" style=\"padding: 15px; border-style: solid; border-width: 1px; height: 31px;\" data-x-index=\"1\" data-y-index=\"0\" data-wptb-css-td-auto-width=\"true\"><div class=\"wptb-text-container wptb-ph-element wptb-element-text-54\" style=\"color: rgb(74, 85, 104); font-size: 19px;\"><div class=\"\" style=\"position: relative;\"><p>R\u00e9frig\u00e9rateur \u00e0 porte simple<\/p><\/div><\/div><\/td><\/tr><tr class=\"wptb-row\" style=\"--hover-bg-color: undefined; background-color: rgb(255, 255, 255);\"><td class=\"wptb-cell\" data-wptb-css-td-auto-width=\"true\" data-x-index=\"0\" data-y-index=\"1\" style=\"padding: 15px; border-style: solid; border-width: 1px;\"><div class=\"wptb-text-container wptb-ph-element wptb-element-text-7\" style=\"color: rgb(74, 85, 104); font-size: 15px;\"><div class=\"\" style=\"position: relative;\"><p>Capacit\u00e9:<\/p><\/div><\/div><\/td><td class=\"wptb-cell\" style=\"padding: 15px; border-style: solid; border-width: 1px;\" data-x-index=\"1\" data-y-index=\"1\" data-wptb-css-td-auto-width=\"true\"><div class=\"wptb-text-container wptb-ph-element wptb-element-text-85\" style=\"color: rgb(0, 0, 0); font-size: 15px;\"><div class=\"\" style=\"position: relative;\"><p>425L<\/p><p><\/p><\/div><\/div><\/td><\/tr><tr class=\"wptb-row\" style=\"background-color: rgb(255, 255, 255); --hover-bg-color: undefined;\"><td class=\"wptb-cell\" style=\"padding: 15px; border-style: solid; border-width: 1px;\" data-x-index=\"0\" data-y-index=\"2\" data-wptb-css-td-auto-width=\"true\"><div class=\"wptb-text-container wptb-ph-element wptb-element-text-86\" style=\"color: rgb(0, 0, 0); font-size: 15px;\"><div class=\"\" style=\"position: relative;\"><p>Taille<\/p><\/div><\/div><\/td><td class=\"wptb-cell\" style=\"padding: 15px; border-style: solid; border-width: 1px;\" data-x-index=\"1\" data-y-index=\"2\" data-wptb-css-td-auto-width=\"true\"><div class=\"wptb-text-container wptb-ph-element wptb-element-text-87\" style=\"color: rgb(0, 0, 0); font-size: 15px;\"><div class=\"\" style=\"position: relative;\"><p>610\u00d7760\u00d71950<\/p><\/div><\/div><\/td><\/tr><tr class=\"wptb-row\" style=\"--hover-bg-color: undefined; background-color: rgb(255, 255, 255);\"><td class=\"wptb-cell\" data-wptb-css-td-auto-width=\"true\" data-x-index=\"0\" data-y-index=\"3\" style=\"padding: 15px; border-style: solid; border-width: 1px;\"><div class=\"wptb-text-container wptb-ph-element wptb-element-text-13\" style=\"color: rgb(74, 74, 74); font-size: 15px;\"><div class=\"\" style=\"position: relative;\"><p>Temp\u00e9rature<\/p><p><\/p><\/div><\/div><\/td><td class=\"wptb-cell\" style=\"padding: 15px; border-style: solid; border-width: 1px;\" data-x-index=\"1\" data-y-index=\"3\" data-wptb-css-td-auto-width=\"true\"><div class=\"wptb-text-container wptb-ph-element wptb-element-text-62\" style=\"color: rgb(74, 85, 104); font-size: 15px;\"><div class=\"\" style=\"position: relative;\"><p>2&#8451; ~ 8&#8451;<\/p><\/div><\/div><\/td><\/tr><tr class=\"wptb-row\" style=\"background-color: rgb(255, 255, 255); --hover-bg-color: undefined;\"><td class=\"wptb-cell\" style=\"padding: 15px; border-style: solid; border-width: 1px;\" data-x-index=\"0\" data-y-index=\"4\" data-wptb-css-td-auto-width=\"true\"><div class=\"wptb-text-container wptb-ph-element wptb-element-text-92\" style=\"color: rgb(0, 0, 0); font-size: 15px;\"><div class=\"\" style=\"position: relative;\"><p>Pouvoir<\/p><\/div><\/div><\/td><td class=\"wptb-cell\" style=\"padding: 15px; border-style: solid; border-width: 1px;\" data-x-index=\"1\" data-y-index=\"4\" data-wptb-css-td-auto-width=\"true\"><div class=\"wptb-text-container wptb-ph-element wptb-element-text-93\" style=\"color: rgb(0, 0, 0); font-size: 15px;\"><div class=\"\" style=\"position: relative;\"><p>310W<\/p><\/div><\/div><\/td><\/tr><tr class=\"wptb-row\" style=\"background-color: rgb(255, 255, 255); --hover-bg-color: undefined;\"><td class=\"wptb-cell\" style=\"padding: 15px; border-style: solid; border-width: 1px;\" data-x-index=\"0\" data-y-index=\"5\" data-wptb-css-td-auto-width=\"true\"><div class=\"wptb-text-container wptb-ph-element wptb-element-text-90\" style=\"color: rgb(0, 0, 0); font-size: 15px;\"><div class=\"\" style=\"position: relative;\"><p>Actuel<\/p><\/div><\/div><\/td><td class=\"wptb-cell\" style=\"padding: 15px; border-style: solid; border-width: 1px;\" data-x-index=\"1\" data-y-index=\"5\" data-wptb-css-td-auto-width=\"true\"><div class=\"wptb-text-container wptb-ph-element wptb-element-text-91\" style=\"color: rgb(0, 0, 0); font-size: 15px;\"><div class=\"\" style=\"position: relative;\"><p>2,6A<\/p><\/div><\/div><\/td><\/tr><tr class=\"wptb-row\" style=\"background-color: rgb(255, 255, 255); --hover-bg-color: undefined;\"><td class=\"wptb-cell\" style=\"padding: 15px; border-style: solid; border-width: 1px;\" data-x-index=\"0\" data-y-index=\"6\" data-wptb-css-td-auto-width=\"true\"><div class=\"wptb-text-container wptb-ph-element wptb-element-text-94\" style=\"color: rgb(0, 0, 0); font-size: 15px;\"><div class=\"\" style=\"position: relative;\"><p>Tension<\/p><\/div><\/div><\/td><td class=\"wptb-cell\" style=\"padding: 15px; border-style: solid; border-width: 1px;\" data-x-index=\"1\" data-y-index=\"6\" data-wptb-css-td-auto-width=\"true\"><div class=\"wptb-text-container wptb-ph-element wptb-element-text-95\" style=\"color: rgb(0, 0, 0); font-size: 15px;\"><div class=\"\" style=\"position: relative;\"><p>220 V\/50 Hz<\/p><\/div><\/div><\/td><\/tr><tr class=\"wptb-row\" style=\"--hover-bg-color: undefined; background-color: rgb(255, 255, 255);\"><td class=\"wptb-cell\" style=\"padding: 15px; border-style: solid; border-width: 1px;\" data-x-index=\"0\" data-y-index=\"7\" data-wptb-css-td-auto-width=\"true\"><div class=\"wptb-text-container wptb-ph-element wptb-element-text-66\" style=\"color: rgb(74, 85, 104); font-size: 15px;\"><div class=\"\" style=\"position: relative;\"><p>Poids net \/ kg)<\/p><\/div><\/div><\/td><td class=\"wptb-cell\" style=\"padding: 15px; border-style: solid; border-width: 1px;\" data-x-index=\"1\" data-y-index=\"7\" data-wptb-css-td-auto-width=\"true\"><div class=\"wptb-text-container wptb-ph-element wptb-element-text-68\" style=\"color: rgb(74, 85, 104); font-size: 15px;\"><div class=\"\" style=\"position: relative;\"><p>73<\/p><\/div><\/div><\/td><\/tr><tr class=\"wptb-row\" style=\"background-color: rgb(255, 255, 255); --hover-bg-color: undefined;\"><td class=\"wptb-cell\" style=\"padding: 15px; border-style: solid; border-width: 1px;\" data-x-index=\"0\" data-y-index=\"8\" data-wptb-css-td-auto-width=\"true\"><div class=\"wptb-text-container wptb-ph-element wptb-element-text-88\" style=\"color: rgb(0, 0, 0); font-size: 15px;\"><div class=\"\" style=\"position: relative;\"><p>Compresseur<\/p><\/div><\/div><\/td><td class=\"wptb-cell\" style=\"padding: 15px; border-style: solid; border-width: 1px;\" data-x-index=\"1\" data-y-index=\"8\" data-wptb-css-td-auto-width=\"true\"><div class=\"wptb-text-container wptb-ph-element wptb-element-text-89\" style=\"color: rgb(0, 0, 0); font-size: 15px;\"><div class=\"\" style=\"position: relative;\"><p>Marque<\/p><\/div><\/div><\/td><\/tr><tr class=\"wptb-row\" style=\"--hover-bg-color: undefined; background-color: rgb(255, 255, 255);\"><td class=\"wptb-cell\" style=\"padding: 15px; border-style: solid; border-width: 1px;\" data-x-index=\"0\" data-y-index=\"9\" data-wptb-css-td-auto-width=\"true\"><div class=\"wptb-text-container wptb-ph-element wptb-element-text-71\" style=\"color: rgb(74, 85, 104); font-size: 15px;\"><div class=\"\" style=\"position: relative;\"><p>D\u00e9givrage<\/p><\/div><\/div><\/td><td class=\"wptb-cell\" style=\"padding: 15px; border-style: solid; border-width: 1px;\" data-x-index=\"1\" data-y-index=\"9\" data-wptb-css-td-auto-width=\"true\"><div class=\"wptb-text-container wptb-ph-element wptb-element-text-73\" style=\"color: rgb(74, 85, 104); font-size: 15px;\"><div class=\"\" style=\"position: relative;\"><p>Manuel<\/p><p><\/p><\/div><\/div><\/td><\/tr><tr class=\"wptb-row\" style=\"--hover-bg-color: undefined; background-color: rgb(255, 255, 255);\"><td class=\"wptb-cell\" style=\"padding: 15px; border-style: solid; border-width: 1px;\" data-x-index=\"0\" data-y-index=\"10\" data-wptb-css-td-auto-width=\"true\"><div class=\"wptb-text-container wptb-ph-element wptb-element-text-76\" style=\"color: rgb(74, 85, 104); font-size: 15px;\"><div class=\"\" style=\"position: relative;\"><p>Thermostat<\/p><p><\/p><\/div><\/div><\/td><td class=\"wptb-cell\" style=\"padding: 15px; border-style: solid; border-width: 1px;\" data-x-index=\"1\" data-y-index=\"10\" data-wptb-css-td-auto-width=\"true\"><div class=\"wptb-text-container wptb-ph-element wptb-element-text-78\" style=\"color: rgb(74, 85, 104); font-size: 15px;\"><div class=\"\" style=\"position: relative;\"><p>Num\u00e9rique<\/p><\/div><\/div><\/td><\/tr><\/tbody><\/table><\/div><\/div>","protected":false},"excerpt":{"rendered":"<p>Refroidissement ventil\u00e9\u00a0; Porte simple, marque de compresseur personnalis\u00e9e et configuration personnalis\u00e9e pour les r\u00e9frig\u00e9rateurs commerciaux en gros<\/p>","protected":false},"featured_media":8978,"comment_status":"open","ping_status":"closed","template":"","meta":{"_seopress_robots_primary_cat":"none","_seopress_titles_title":"Single Door Commerial Fridge %%sep%%Upright Chiller Manufacturer","_seopress_titles_desc":"Explore our range of single door, double door large commercial fridges for restaurants, supermarkets, and more. Supplier from China with Competitive Price","_seopress_robots_index":""},"product_cat":[242],"product_tag":[243],"_links":{"self":[{"href":"https:\/\/acenoxkitchenequipment.com\/fr\/wp-json\/wp\/v2\/product\/8814"}],"collection":[{"href":"https:\/\/acenoxkitchenequipment.com\/fr\/wp-json\/wp\/v2\/product"}],"about":[{"href":"https:\/\/acenoxkitchenequipment.com\/fr\/wp-json\/wp\/v2\/types\/product"}],"replies":[{"embeddable":true,"href":"https:\/\/acenoxkitchenequipment.com\/fr\/wp-json\/wp\/v2\/comments?post=8814"}],"version-history":[{"count":0,"href":"https:\/\/acenoxkitchenequipment.com\/fr\/wp-json\/wp\/v2\/product\/8814\/revisions"}],"wp:featuredmedia":[{"embeddable":true,"href":"https:\/\/acenoxkitchenequipment.com\/fr\/wp-json\/wp\/v2\/media\/8978"}],"wp:attachment":[{"href":"https:\/\/acenoxkitchenequipment.com\/fr\/wp-json\/wp\/v2\/media?parent=8814"}],"wp:term":[{"taxonomy":"product_cat","embeddable":true,"href":"https:\/\/acenoxkitchenequipment.com\/fr\/wp-json\/wp\/v2\/product_cat?post=8814"},{"taxonomy":"product_tag","embeddable":true,"href":"https:\/\/acenoxkitchenequipment.com\/fr\/wp-json\/wp\/v2\/product_tag?post=8814"}],"curies":[{"name":"wp","href":"https:\/\/api.w.org\/{rel}","templated":true}]}}