{"id":8588,"date":"2023-11-10T17:37:00","date_gmt":"2023-11-10T09:37:00","guid":{"rendered":"https:\/\/acenoxkitchenequipment.com\/?post_type=product&#038;p=8588"},"modified":"2024-09-13T22:39:26","modified_gmt":"2024-09-13T14:39:26","slug":"sweet-counter","status":"publish","type":"product","link":"https:\/\/acenoxkitchenequipment.com\/fr\/produit\/sweet-counter\/","title":{"rendered":"Comptoir d&#039;affichage sucr\u00e9"},"content":{"rendered":"<h3>Fabricant de comptoir d&#039;affichage sucr\u00e9\u00a0:<\/h3>\n<p>Le comptoir vitrine sucr\u00e9 est un comptoir vitrine r\u00e9frig\u00e9r\u00e9.<\/p>\n<p>A quoi sert le comptoir pr\u00e9sentoir sucr\u00e9 ? Il est g\u00e9n\u00e9ralement utilis\u00e9 pour pr\u00e9senter des desserts, des bonbons, des chocolats, des g\u00e2teaux ou des glaces.<\/p>\n<p>En tant que fabricant de comptoirs de pr\u00e9sentation de bonbons, nous proposons de nombreux mod\u00e8les\u00a0:<\/p>\n<ul>\n<li>Couleur: couleur acier inoxydable\/couleur noire\/couleur dor\u00e9e\/couleur blanche<\/li>\n<li>Mat\u00e9riaux : acier rev\u00eatu\/acier inoxydable\/marbre<\/li>\n<li>\u00c9tag\u00e8res\u00a0: 2\u00a0couches\/3\u00a0couches<\/li>\n<li>Temp\u00e9rature\u00a0: 0 ~ 8 \u2103<\/li>\n<li>Unit\u00e9s de r\u00e9frig\u00e9ration\u00a0: compresseurs Embraco (marque br\u00e9silienne)\/Secop (marque allemande) \/Donper (chine) pour les options<\/li>\n<li>Contr\u00f4leur de temp\u00e9rature num\u00e9rique : nous avons trois options : marque Angle (marque c\u00e9l\u00e8bre en Chine)\/Italie Dixell\/Italie Carel. Tous ces contr\u00f4leurs de temp\u00e9rature num\u00e9riques sont de qualit\u00e9 durable, fabriqu\u00e9s aupr\u00e8s de fournisseurs r\u00e9put\u00e9s, qui fourniront des instructions claires et d\u00e9taill\u00e9es et un service apr\u00e8s-vente.<\/li>\n<li>Longueur\u00a0: 900 mm\/1000 mm\/1200 mm\/1500 mm\/1800 mm\/2000 mm<\/li>\n<li>Profondeur : 700 mm<\/li>\n<li>Hauteur : 1270 mm<\/li>\n<\/ul>\n<p>Au-del\u00e0 des mod\u00e8les ci-dessus, nous proposons plusieurs mod\u00e8les de fonction du comptoir d&#039;affichage sucr\u00e9. Divers mod\u00e8les personnalis\u00e9s sont disponibles ici.<\/p>\n<h3>Photos du comptoir d&#039;affichage doux\u00a0:<\/h3>\n<p><img fetchpriority=\"high\" decoding=\"async\" class=\"alignnone wp-image-9995\" src=\"https:\/\/acenoxkitchenequipment.com\/wp-content\/uploads\/2023\/11\/sweet-display-counter-supplier.webp\" alt=\"sweet display counter\" width=\"710\" height=\"532\" srcset=\"https:\/\/acenoxkitchenequipment.com\/wp-content\/uploads\/2023\/11\/sweet-display-counter-supplier.webp 1000w, https:\/\/acenoxkitchenequipment.com\/wp-content\/uploads\/2023\/11\/sweet-display-counter-supplier-300x225.webp 300w, https:\/\/acenoxkitchenequipment.com\/wp-content\/uploads\/2023\/11\/sweet-display-counter-supplier-768x576.webp 768w, https:\/\/acenoxkitchenequipment.com\/wp-content\/uploads\/2023\/11\/sweet-display-counter-supplier-16x12.webp 16w, https:\/\/acenoxkitchenequipment.com\/wp-content\/uploads\/2023\/11\/sweet-display-counter-supplier-600x450.webp 600w\" sizes=\"(max-width: 710px) 100vw, 710px\" \/><\/p>\n<p><img decoding=\"async\" class=\"alignnone wp-image-9996\" src=\"https:\/\/acenoxkitchenequipment.com\/wp-content\/uploads\/2023\/11\/display-counter-fridges.webp\" alt=\"sweet display counter\" width=\"706\" height=\"529\" srcset=\"https:\/\/acenoxkitchenequipment.com\/wp-content\/uploads\/2023\/11\/display-counter-fridges.webp 1000w, https:\/\/acenoxkitchenequipment.com\/wp-content\/uploads\/2023\/11\/display-counter-fridges-300x225.webp 300w, https:\/\/acenoxkitchenequipment.com\/wp-content\/uploads\/2023\/11\/display-counter-fridges-768x576.webp 768w, https:\/\/acenoxkitchenequipment.com\/wp-content\/uploads\/2023\/11\/display-counter-fridges-16x12.webp 16w, https:\/\/acenoxkitchenequipment.com\/wp-content\/uploads\/2023\/11\/display-counter-fridges-600x450.webp 600w\" sizes=\"(max-width: 706px) 100vw, 706px\" \/><\/p>\n<p><img decoding=\"async\" class=\"alignnone wp-image-9997\" src=\"https:\/\/acenoxkitchenequipment.com\/wp-content\/uploads\/2023\/11\/sweet-display-counter-design.webp\" alt=\"sweet display counter\" width=\"707\" height=\"610\" srcset=\"https:\/\/acenoxkitchenequipment.com\/wp-content\/uploads\/2023\/11\/sweet-display-counter-design.webp 1000w, https:\/\/acenoxkitchenequipment.com\/wp-content\/uploads\/2023\/11\/sweet-display-counter-design-300x259.webp 300w, https:\/\/acenoxkitchenequipment.com\/wp-content\/uploads\/2023\/11\/sweet-display-counter-design-768x663.webp 768w, https:\/\/acenoxkitchenequipment.com\/wp-content\/uploads\/2023\/11\/sweet-display-counter-design-14x12.webp 14w, https:\/\/acenoxkitchenequipment.com\/wp-content\/uploads\/2023\/11\/sweet-display-counter-design-600x518.webp 600w\" sizes=\"(max-width: 707px) 100vw, 707px\" \/><\/p>\n<p>&nbsp;<\/p>\n<p>&nbsp;<\/p>\n<p>&nbsp;<\/p>\n<p>&nbsp;<\/p>\n<p>&nbsp;<\/p>","protected":false},"excerpt":{"rendered":"<p>Il s&#039;agit d&#039;un comptoir d&#039;affichage doux en forme de biseau. les lunettes biseaut\u00e9es avant offrent une meilleure et nouvelle vue aux clients, elles contribuent \u00e0 attirer plus de vues et une exposition maximale des \u00e9crans<\/p>","protected":false},"featured_media":10520,"comment_status":"closed","ping_status":"closed","template":"","meta":{"_seopress_robots_primary_cat":"none","_seopress_titles_title":"Sweet Display Counter Manufacturer %%sep%%Wholesale Price","_seopress_titles_desc":"Chhose Acenox As your Supplier of Sweet Display counter, We are the manufacturer for large distributors in India and South Asia,etc. Very Competitive Price Durable Quality","_seopress_robots_index":""},"product_cat":[59],"product_tag":[],"_links":{"self":[{"href":"https:\/\/acenoxkitchenequipment.com\/fr\/wp-json\/wp\/v2\/product\/8588"}],"collection":[{"href":"https:\/\/acenoxkitchenequipment.com\/fr\/wp-json\/wp\/v2\/product"}],"about":[{"href":"https:\/\/acenoxkitchenequipment.com\/fr\/wp-json\/wp\/v2\/types\/product"}],"replies":[{"embeddable":true,"href":"https:\/\/acenoxkitchenequipment.com\/fr\/wp-json\/wp\/v2\/comments?post=8588"}],"version-history":[{"count":0,"href":"https:\/\/acenoxkitchenequipment.com\/fr\/wp-json\/wp\/v2\/product\/8588\/revisions"}],"wp:featuredmedia":[{"embeddable":true,"href":"https:\/\/acenoxkitchenequipment.com\/fr\/wp-json\/wp\/v2\/media\/10520"}],"wp:attachment":[{"href":"https:\/\/acenoxkitchenequipment.com\/fr\/wp-json\/wp\/v2\/media?parent=8588"}],"wp:term":[{"taxonomy":"product_cat","embeddable":true,"href":"https:\/\/acenoxkitchenequipment.com\/fr\/wp-json\/wp\/v2\/product_cat?post=8588"},{"taxonomy":"product_tag","embeddable":true,"href":"https:\/\/acenoxkitchenequipment.com\/fr\/wp-json\/wp\/v2\/product_tag?post=8588"}],"curies":[{"name":"wp","href":"https:\/\/api.w.org\/{rel}","templated":true}]}}