{"id":8567,"date":"2023-10-24T21:45:09","date_gmt":"2023-10-24T13:45:09","guid":{"rendered":"https:\/\/acenoxkitchenequipment.com\/?post_type=product&#038;p=8567"},"modified":"2024-07-14T16:01:40","modified_gmt":"2024-07-14T08:01:40","slug":"bakery-display-counter","status":"publish","type":"product","link":"https:\/\/acenoxkitchenequipment.com\/fr\/produit\/bakery-display-counter\/","title":{"rendered":"Comptoir d&#039;affichage de boulangerie"},"content":{"rendered":"<h3><strong>Caract\u00e9ristiques des comptoirs d&#039;affichage de boulangerie\u00a0:<\/strong><\/h3>\n<p>En tant que fabricant professionnel de comptoirs de boulangerie, nous avons r\u00e9alis\u00e9 une conception simple de ce mod\u00e8le.<\/p>\n<p>Il s&#039;agit d&#039;un comptoir de boulangerie permettant de pr\u00e9senter des p\u00e2tisseries dans divers \u00e9tablissements.<\/p>\n<p>Ce comptoir de boulangerie a des c\u00f4t\u00e9s noirs en verre tremp\u00e9, il est magnifique et uniforme vu de c\u00f4t\u00e9.<\/p>\n<ul>\n<li>Dimensions des comptoirs de boulangerie<\/li>\n<li>Normalement, les profondeurs des comptoirs de boulangerie varient de 600 mm \u00e0 750 mm et les longueurs de 900 mm \u00e0 2 200 mm.<\/li>\n<li>Le sous-sol du comptoir de boulangerie est r\u00e9alis\u00e9 par moulage, moussage par une machine automatique.<\/li>\n<li>L&#039;avantage de ce comptoir d&#039;affichage est la bonne \u00e9tanch\u00e9it\u00e9, qui peut maintenir une basse temp\u00e9rature \u00e0 l&#039;int\u00e9rieur et emp\u00eacher la fuite d&#039;air froid, obtenant ainsi un excellent effet d&#039;\u00e9conomie d&#039;\u00e9nergie.<\/li>\n<li>Les prix des comptoirs de boulangerie varient consid\u00e9rablement, principalement en raison des diff\u00e9rences dans les mat\u00e9riaux utilis\u00e9s et les composants \u00e9lectriques. Par exemple, des facteurs tels que l\u2019\u00e9paisseur du mat\u00e9riau, la capacit\u00e9 de refroidissement et la marque du syst\u00e8me de r\u00e9frig\u00e9ration jouent tous un r\u00f4le important dans la d\u00e9termination du prix.<\/li>\n<li>Ce comptoir d&#039;affichage de boulangerie que nous avons fabriqu\u00e9 s&#039;est concentr\u00e9 sur les \u00e9conomies d&#039;\u00e9nergie au fil des ann\u00e9es.<\/li>\n<\/ul>\n<h3>Sp\u00e9cifications du comptoir d&#039;affichage de boulangerie\u00a0:<\/h3>\n<p><img fetchpriority=\"high\" decoding=\"async\" class=\"alignnone size-full wp-image-9130\" src=\"https:\/\/acenoxkitchenequipment.com\/wp-content\/uploads\/2023\/10\/specifications-of-bakery-display-counter.png\" alt=\"bakery display counter\" width=\"815\" height=\"279\" srcset=\"https:\/\/acenoxkitchenequipment.com\/wp-content\/uploads\/2023\/10\/specifications-of-bakery-display-counter.png 815w, https:\/\/acenoxkitchenequipment.com\/wp-content\/uploads\/2023\/10\/specifications-of-bakery-display-counter-300x103.png 300w, https:\/\/acenoxkitchenequipment.com\/wp-content\/uploads\/2023\/10\/specifications-of-bakery-display-counter-768x263.png 768w, https:\/\/acenoxkitchenequipment.com\/wp-content\/uploads\/2023\/10\/specifications-of-bakery-display-counter-600x205.png 600w\" sizes=\"(max-width: 815px) 100vw, 815px\" \/><\/p>\n<h3>Photos du comptoir d&#039;affichage de boulangerie\u00a0:<\/h3>\n<p><img decoding=\"async\" class=\"alignnone  wp-image-4720\" src=\"https:\/\/acenoxkitchenequipment.com\/wp-content\/uploads\/2022\/04\/Commercial-Bakery-Cabinet-1024x768.jpg\" alt=\"refrigerated cake display right angel\" width=\"611\" height=\"458\" srcset=\"https:\/\/acenoxkitchenequipment.com\/wp-content\/uploads\/2022\/04\/Commercial-Bakery-Cabinet-1024x768.jpg 1024w, https:\/\/acenoxkitchenequipment.com\/wp-content\/uploads\/2022\/04\/Commercial-Bakery-Cabinet-300x225.jpg 300w, https:\/\/acenoxkitchenequipment.com\/wp-content\/uploads\/2022\/04\/Commercial-Bakery-Cabinet-768x576.jpg 768w, https:\/\/acenoxkitchenequipment.com\/wp-content\/uploads\/2022\/04\/Commercial-Bakery-Cabinet-1536x1152.jpg 1536w, https:\/\/acenoxkitchenequipment.com\/wp-content\/uploads\/2022\/04\/Commercial-Bakery-Cabinet-600x450.jpg 600w, https:\/\/acenoxkitchenequipment.com\/wp-content\/uploads\/2022\/04\/Commercial-Bakery-Cabinet.jpg 2000w\" sizes=\"(max-width: 611px) 100vw, 611px\" \/><\/p>\n<p><img decoding=\"async\" class=\"alignnone wp-image-6569\" src=\"https:\/\/acenoxkitchenequipment.com\/wp-content\/uploads\/2023\/05\/cake-display-refrigerator03-e1692243841962-300x200.jpg\" alt=\"cake display refrigerator03\" width=\"608\" height=\"406\" srcset=\"https:\/\/acenoxkitchenequipment.com\/wp-content\/uploads\/2023\/05\/cake-display-refrigerator03-e1692243841962-300x200.jpg 300w, https:\/\/acenoxkitchenequipment.com\/wp-content\/uploads\/2023\/05\/cake-display-refrigerator03-e1692243841962-768x512.jpg 768w, https:\/\/acenoxkitchenequipment.com\/wp-content\/uploads\/2023\/05\/cake-display-refrigerator03-e1692243841962-600x400.jpg 600w, https:\/\/acenoxkitchenequipment.com\/wp-content\/uploads\/2023\/05\/cake-display-refrigerator03-e1692243841962.jpg 800w\" sizes=\"(max-width: 608px) 100vw, 608px\" \/><\/p>\n<p>&nbsp;<\/p>\n<p>&nbsp;<\/p>","protected":false},"excerpt":{"rendered":"<p>Ce comptoir d&#039;affichage de boulangerie est l&#039;\u00e9quipement de boulangerie essentiel dont ont besoin les boulangeries. Il a des c\u00f4t\u00e9s noirs en verre tremp\u00e9, il est magnifique et uniforme vu de c\u00f4t\u00e9. Configuration durable, volume d&#039;affichage \u00e9lev\u00e9, temp\u00e9rature constante 2 \u2103 ~ 8 \u2103<\/p>","protected":false},"featured_media":8568,"comment_status":"closed","ping_status":"closed","template":"","meta":{"_seopress_robots_primary_cat":"none","_seopress_titles_title":"Bakery Display Counter Manufacturer %%sep%%Affordable Price","_seopress_titles_desc":"Bakery display counter price and specifications: made of premium Stainless Steel, black color, tempered glasses, three shelves, competitive price from manufacturer","_seopress_robots_index":""},"product_cat":[59],"product_tag":[235],"_links":{"self":[{"href":"https:\/\/acenoxkitchenequipment.com\/fr\/wp-json\/wp\/v2\/product\/8567"}],"collection":[{"href":"https:\/\/acenoxkitchenequipment.com\/fr\/wp-json\/wp\/v2\/product"}],"about":[{"href":"https:\/\/acenoxkitchenequipment.com\/fr\/wp-json\/wp\/v2\/types\/product"}],"replies":[{"embeddable":true,"href":"https:\/\/acenoxkitchenequipment.com\/fr\/wp-json\/wp\/v2\/comments?post=8567"}],"version-history":[{"count":0,"href":"https:\/\/acenoxkitchenequipment.com\/fr\/wp-json\/wp\/v2\/product\/8567\/revisions"}],"wp:featuredmedia":[{"embeddable":true,"href":"https:\/\/acenoxkitchenequipment.com\/fr\/wp-json\/wp\/v2\/media\/8568"}],"wp:attachment":[{"href":"https:\/\/acenoxkitchenequipment.com\/fr\/wp-json\/wp\/v2\/media?parent=8567"}],"wp:term":[{"taxonomy":"product_cat","embeddable":true,"href":"https:\/\/acenoxkitchenequipment.com\/fr\/wp-json\/wp\/v2\/product_cat?post=8567"},{"taxonomy":"product_tag","embeddable":true,"href":"https:\/\/acenoxkitchenequipment.com\/fr\/wp-json\/wp\/v2\/product_tag?post=8567"}],"curies":[{"name":"wp","href":"https:\/\/api.w.org\/{rel}","templated":true}]}}