{"id":8463,"date":"2023-10-08T14:38:20","date_gmt":"2023-10-08T06:38:20","guid":{"rendered":"https:\/\/acenoxkitchenequipment.com\/?post_type=product&#038;p=8463"},"modified":"2023-10-08T15:20:56","modified_gmt":"2023-10-08T07:20:56","slug":"countertop-ice-cream-freezer","status":"publish","type":"product","link":"https:\/\/acenoxkitchenequipment.com\/fr\/produit\/countertop-ice-cream-freezer\/","title":{"rendered":"Cong\u00e9lateur de cr\u00e8me glac\u00e9e de comptoir"},"content":{"rendered":"<h2>Cong\u00e9lateur de glace sur comptoir<\/h2>\n<p>Le cong\u00e9lateur \u00e0 glace de comptoir est de taille compacte et co\u00fbte moins cher qu&#039;un grand cong\u00e9lateur \u00e0 glace sur pied commercial.<\/p>\n<p>Il est id\u00e9al pour les petites entreprises et peut \u00eatre portable pour \u00eatre utilis\u00e9 lors de certains \u00e9v\u00e9nements afin de dynamiser votre entreprise.<\/p>\n<p>Applications multiples comme le yaourt glac\u00e9, la glace, la glace ou un dessert au chocolat.<\/p>\n<p>Il est facilement accessible pour servir de nombreux clients<\/p>\n<p><strong>Caract\u00e9ristiques:<\/strong><\/p>\n<p>\u25a0<strong> Taille:<\/strong> 670 mm (L) \u00d7 750 mm (P) \u00d7 360 mm (H)<\/p>\n<p>\u25a0<strong> Lunettes:<\/strong> Portes vitr\u00e9es flottantes, fil chauffant \u00e9lectrique, antibu\u00e9e<\/p>\n<p>\u25a0<strong> Bonne propri\u00e9t\u00e9 d&#039;isolation\u00a0: <\/strong>moussant de cyclopentane, \u00e9cologique.<\/p>\n<p>\u25a0<strong> R\u00e9frig\u00e9ration:<\/strong> Statique, r\u00e9frig\u00e9rant R290, condensat et \u00e9vaporateur enti\u00e8rement cuivreux.<\/p>\n<p>\u25a0<strong>Temp\u00e9rature:<\/strong> -22 \u2103 ~ -16 \u2103<\/p>\n<p>\u25a0<strong> D\u00e9givrage automatique\u00a0: <\/strong>D\u00e9givrage \u00e0 cycle invers\u00e9<\/p>\n<p>\u25a0 <strong>Des casseroles:<\/strong> livr\u00e9 avec 3 bacs GN 1\/3 ou bo\u00eetes en acrylique au choix<\/p>\n<p>\u25a0 <strong>Lumi\u00e8res LED\u00a0:<\/strong> Bandes lumineuses LED de bonne qualit\u00e9 pour \u00e9clairer parfaitement la Gelato<\/p>\n<p>Nous acceptons la conception d&#039;image d&#039;apparence personnalis\u00e9e<\/p>\n<figure id=\"attachment_8465\" aria-describedby=\"caption-attachment-8465\" style=\"width: 638px\" class=\"wp-caption alignnone\"><img fetchpriority=\"high\" decoding=\"async\" class=\"wp-image-8465\" src=\"https:\/\/acenoxkitchenequipment.com\/wp-content\/uploads\/2023\/10\/countertop-ice-cream-freezer-for-sale.jpg\" alt=\"countertop ice cream freezer\" width=\"638\" height=\"478\" srcset=\"https:\/\/acenoxkitchenequipment.com\/wp-content\/uploads\/2023\/10\/countertop-ice-cream-freezer-for-sale.jpg 900w, https:\/\/acenoxkitchenequipment.com\/wp-content\/uploads\/2023\/10\/countertop-ice-cream-freezer-for-sale-300x225.jpg 300w, https:\/\/acenoxkitchenequipment.com\/wp-content\/uploads\/2023\/10\/countertop-ice-cream-freezer-for-sale-768x576.jpg 768w, https:\/\/acenoxkitchenequipment.com\/wp-content\/uploads\/2023\/10\/countertop-ice-cream-freezer-for-sale-600x450.jpg 600w\" sizes=\"(max-width: 638px) 100vw, 638px\" \/><figcaption id=\"caption-attachment-8465\" class=\"wp-caption-text\">cong\u00e9lateur de comptoir pour cr\u00e8me glac\u00e9e \u00e0 vendre<\/figcaption><\/figure>\n<p>&nbsp;<\/p>\n<p>&nbsp;<\/p>\n<p>&nbsp;<\/p>","protected":false},"excerpt":{"rendered":"<p>Taille : 670 mm (L) \u00d7 750 mm (P) \u00d7 360 mm (H) ; Le cong\u00e9lateur \u00e0 glace est compos\u00e9 de plusieurs parties, telles que les verres, l&#039;isolation, le syst\u00e8me de r\u00e9frig\u00e9ration, le contr\u00f4leur de temp\u00e9rature, les lumi\u00e8res, etc. Quantit\u00e9 minimale de commande : 2 pi\u00e8ces\u00a0; Prix de gros\u00a0: 550\u00a0USD ~ 650\u00a0USD, parlez-nous pour un prix avantageux\u00a0!<\/p>","protected":false},"featured_media":8464,"comment_status":"open","ping_status":"closed","template":"","meta":{"_seopress_robots_primary_cat":"none","_seopress_titles_title":"Countertop Ice Cream Freezer%%sep%%ice cream freezer","_seopress_titles_desc":"Countertop ice cream freezer comes in a compact size with less cost than a large commercial stand ice cream freezer.temperature: -22\u2103 ~ -16\u2103","_seopress_robots_index":""},"product_cat":[142],"product_tag":[233],"_links":{"self":[{"href":"https:\/\/acenoxkitchenequipment.com\/fr\/wp-json\/wp\/v2\/product\/8463"}],"collection":[{"href":"https:\/\/acenoxkitchenequipment.com\/fr\/wp-json\/wp\/v2\/product"}],"about":[{"href":"https:\/\/acenoxkitchenequipment.com\/fr\/wp-json\/wp\/v2\/types\/product"}],"replies":[{"embeddable":true,"href":"https:\/\/acenoxkitchenequipment.com\/fr\/wp-json\/wp\/v2\/comments?post=8463"}],"version-history":[{"count":0,"href":"https:\/\/acenoxkitchenequipment.com\/fr\/wp-json\/wp\/v2\/product\/8463\/revisions"}],"wp:featuredmedia":[{"embeddable":true,"href":"https:\/\/acenoxkitchenequipment.com\/fr\/wp-json\/wp\/v2\/media\/8464"}],"wp:attachment":[{"href":"https:\/\/acenoxkitchenequipment.com\/fr\/wp-json\/wp\/v2\/media?parent=8463"}],"wp:term":[{"taxonomy":"product_cat","embeddable":true,"href":"https:\/\/acenoxkitchenequipment.com\/fr\/wp-json\/wp\/v2\/product_cat?post=8463"},{"taxonomy":"product_tag","embeddable":true,"href":"https:\/\/acenoxkitchenequipment.com\/fr\/wp-json\/wp\/v2\/product_tag?post=8463"}],"curies":[{"name":"wp","href":"https:\/\/api.w.org\/{rel}","templated":true}]}}