{"id":8362,"date":"2023-09-23T19:27:38","date_gmt":"2023-09-23T11:27:38","guid":{"rendered":"https:\/\/acenoxkitchenequipment.com\/?post_type=product&#038;p=8362"},"modified":"2023-09-29T22:38:54","modified_gmt":"2023-09-29T14:38:54","slug":"cake-display-cabinets","status":"publish","type":"product","link":"https:\/\/acenoxkitchenequipment.com\/fr\/produit\/cake-display-cabinets\/","title":{"rendered":"Vitrine \u00e0 g\u00e2teaux en acier inoxydable"},"content":{"rendered":"<p><strong>Caract\u00e9ristiques:<\/strong><\/p>\n<ul>\n<li>Les vitrines \u00e0 g\u00e2teaux peuvent \u00eatre fabriqu\u00e9es \u00e0 partir de diff\u00e9rents mat\u00e9riaux, tels que le verre, le bois ou l&#039;acrylique.<\/li>\n<li>En tant que fabricant, nous avons plus de 5 ans d&#039;exp\u00e9rience dans la production de vitrines \u00e0 g\u00e2teaux.<\/li>\n<li>vitrines r\u00e9frig\u00e9r\u00e9es \u00e0 g\u00e2teaux et vitrines \u00e0 g\u00e2teaux ambiantes.<\/li>\n<li>Taille, couleur et mat\u00e9riaux de l&#039;armoire sur mesure pour la rendre adapt\u00e9e \u00e0 votre march\u00e9 local.<\/li>\n<\/ul>\n<p><strong>Comment choisir une vitrine p\u00e2tissi\u00e8re ?<\/strong><\/p>\n<ol>\n<li><span data-preserver-spaces=\"true\">Veuillez d\u2019abord s\u00e9lectionner la fonction adapt\u00e9e \u00e0 l\u2019aliment que vous affichez. Pain, glaces, sushis, g\u00e2teaux, sandwichs ou dessert ?<\/span><\/li>\n<\/ol>\n<p><span data-preserver-spaces=\"true\">\u00a0 \u00a0 \u00a0 2. Dans une division simple, les vitrines \u00e0 g\u00e2teaux sont disponibles en deux types : refroidissement statique et refroidissement ventil\u00e9. Nous ne sugg\u00e9rons pas de m\u00e9thode de refroidissement statique. Bien qu&#039;il soit bon march\u00e9, le refroidissement n&#039;est pas uniforme. Les endroits en contact avec les tuyaux de refroidissement deviennent plus froids, tandis que d&#039;autres zones connaissent des temp\u00e9ratures \u00e9lev\u00e9es. Un refroidissement ventil\u00e9 est donc n\u00e9cessaire.<\/span><\/p>\n<p><span data-preserver-spaces=\"true\">\u00a0 \u00a0 3. Le groupe frigorifique est la partie critique. Il ne s\u2019agit pas seulement de la marque ; la puissance du compresseur est cruciale.<\/span><\/p>\n<p>&nbsp;<\/p>\n<p>&nbsp;<\/p>\n<p>&nbsp;<\/p>\n<p>&nbsp;<\/p>\n<p>&nbsp;<\/p>\n<p>&nbsp;<\/p>\n<p>&nbsp;<\/p>","protected":false},"excerpt":{"rendered":"<p>Le design ext\u00e9rieur \u00e9l\u00e9gant de cette vitrine \u00e0 g\u00e2teaux est actuellement le style le plus populaire, configuration durable, volume d&#039;affichage \u00e9lev\u00e9, temp\u00e9rature constante de 2 \u2103 ~ 8 \u2103.<\/p>","protected":false},"featured_media":8375,"comment_status":"closed","ping_status":"closed","template":"","meta":{"_seopress_robots_primary_cat":"none","_seopress_titles_title":"Cake Display Cabinet %%sep%%Custom Design and Orders %%sep%%Acenox","_seopress_titles_desc":"Cake Display Cabinets can be made of different materials, such as glass, wooden or acrylic. As a manufacturer, we have 5+ years producing experiences of cake display cabinets.","_seopress_robots_index":""},"product_cat":[59],"product_tag":[215],"_links":{"self":[{"href":"https:\/\/acenoxkitchenequipment.com\/fr\/wp-json\/wp\/v2\/product\/8362"}],"collection":[{"href":"https:\/\/acenoxkitchenequipment.com\/fr\/wp-json\/wp\/v2\/product"}],"about":[{"href":"https:\/\/acenoxkitchenequipment.com\/fr\/wp-json\/wp\/v2\/types\/product"}],"replies":[{"embeddable":true,"href":"https:\/\/acenoxkitchenequipment.com\/fr\/wp-json\/wp\/v2\/comments?post=8362"}],"version-history":[{"count":0,"href":"https:\/\/acenoxkitchenequipment.com\/fr\/wp-json\/wp\/v2\/product\/8362\/revisions"}],"wp:featuredmedia":[{"embeddable":true,"href":"https:\/\/acenoxkitchenequipment.com\/fr\/wp-json\/wp\/v2\/media\/8375"}],"wp:attachment":[{"href":"https:\/\/acenoxkitchenequipment.com\/fr\/wp-json\/wp\/v2\/media?parent=8362"}],"wp:term":[{"taxonomy":"product_cat","embeddable":true,"href":"https:\/\/acenoxkitchenequipment.com\/fr\/wp-json\/wp\/v2\/product_cat?post=8362"},{"taxonomy":"product_tag","embeddable":true,"href":"https:\/\/acenoxkitchenequipment.com\/fr\/wp-json\/wp\/v2\/product_tag?post=8362"}],"curies":[{"name":"wp","href":"https:\/\/api.w.org\/{rel}","templated":true}]}}