{"id":8357,"date":"2023-09-07T21:50:11","date_gmt":"2023-09-07T13:50:11","guid":{"rendered":"https:\/\/acenoxkitchenequipment.com\/?post_type=product&#038;p=8357"},"modified":"2023-09-29T21:53:30","modified_gmt":"2023-09-29T13:53:30","slug":"small-cake-display-counter","status":"publish","type":"product","link":"https:\/\/acenoxkitchenequipment.com\/fr\/produit\/small-cake-display-counter\/","title":{"rendered":"Petit comptoir d&#039;affichage de g\u00e2teau"},"content":{"rendered":"<h4>petit comptoir de pr\u00e9sentation de g\u00e2teaux<\/h4>\n<p><strong>Caract\u00e9ristiques:<\/strong><\/p>\n<p>Le prix du comptoir de pr\u00e9sentation de petits g\u00e2teaux est bien inf\u00e9rieur \u00e0 celui d&#039;un comptoir de pr\u00e9sentation de g\u00e2teaux vertical.<\/p>\n<p>Il a une taille compacte, l&#039;utilisation est flexible, les restaurants, les h\u00f4tels, les \u00e9piceries, les caf\u00e9s, les boulangeries, etc., qui utilisent ce petit pr\u00e9sentoir \u00e0 g\u00e2teaux pour pr\u00e9senter des collations ou des desserts.<\/p>\n<p>Comme il est petit, vous pouvez le d\u00e9placer quand vous le souhaitez et le placer sur le comptoir, l\u00e0 o\u00f9 se trouve la position bien en vue pour attirer davantage l&#039;attention.<\/p>\n<p>Son prix avantageux rend l&#039;achat r\u00e9alisable pour tout propri\u00e9taire d&#039;\u00e9tablissement.<\/p>\n<p>Contactez-nous pour obtenir une feuille de devis favorable et une fiche technique de ce comptoir d&#039;affichage de vente chaude.<\/p>\n<p>&nbsp;<\/p>\n<p>&nbsp;<\/p>\n<p>&nbsp;<\/p>\n<p>&nbsp;<\/p>\n<p>&nbsp;<\/p>\n<p>&nbsp;<\/p>","protected":false},"excerpt":{"rendered":"<p>Le prix du comptoir de pr\u00e9sentation de petits g\u00e2teaux est bien inf\u00e9rieur \u00e0 celui d&#039;un comptoir de pr\u00e9sentation de g\u00e2teaux vertical.<\/p>\n<p>Il a une taille compacte, l&#039;utilisation est flexible, les restaurants, les h\u00f4tels, les \u00e9piceries, les caf\u00e9s, les boulangeries, etc., qui utilisent ce petit pr\u00e9sentoir \u00e0 g\u00e2teaux pour pr\u00e9senter des collations ou des desserts.<\/p>","protected":false},"featured_media":8348,"comment_status":"open","ping_status":"closed","template":"","meta":{"_seopress_robots_primary_cat":"none","_seopress_titles_title":"Small Cake Display Counter %%sep%% Make Bulk Orders With Acenox","_seopress_titles_desc":"","_seopress_robots_index":""},"product_cat":[59],"product_tag":[219],"_links":{"self":[{"href":"https:\/\/acenoxkitchenequipment.com\/fr\/wp-json\/wp\/v2\/product\/8357"}],"collection":[{"href":"https:\/\/acenoxkitchenequipment.com\/fr\/wp-json\/wp\/v2\/product"}],"about":[{"href":"https:\/\/acenoxkitchenequipment.com\/fr\/wp-json\/wp\/v2\/types\/product"}],"replies":[{"embeddable":true,"href":"https:\/\/acenoxkitchenequipment.com\/fr\/wp-json\/wp\/v2\/comments?post=8357"}],"version-history":[{"count":0,"href":"https:\/\/acenoxkitchenequipment.com\/fr\/wp-json\/wp\/v2\/product\/8357\/revisions"}],"wp:featuredmedia":[{"embeddable":true,"href":"https:\/\/acenoxkitchenequipment.com\/fr\/wp-json\/wp\/v2\/media\/8348"}],"wp:attachment":[{"href":"https:\/\/acenoxkitchenequipment.com\/fr\/wp-json\/wp\/v2\/media?parent=8357"}],"wp:term":[{"taxonomy":"product_cat","embeddable":true,"href":"https:\/\/acenoxkitchenequipment.com\/fr\/wp-json\/wp\/v2\/product_cat?post=8357"},{"taxonomy":"product_tag","embeddable":true,"href":"https:\/\/acenoxkitchenequipment.com\/fr\/wp-json\/wp\/v2\/product_tag?post=8357"}],"curies":[{"name":"wp","href":"https:\/\/api.w.org\/{rel}","templated":true}]}}