{"id":8347,"date":"2023-09-07T15:57:35","date_gmt":"2023-09-07T07:57:35","guid":{"rendered":"https:\/\/acenoxkitchenequipment.com\/?post_type=product&#038;p=8347"},"modified":"2023-09-29T22:40:09","modified_gmt":"2023-09-29T14:40:09","slug":"refrigerated-countertop-display","status":"publish","type":"product","link":"https:\/\/acenoxkitchenequipment.com\/fr\/produit\/refrigerated-countertop-display\/","title":{"rendered":"Pr\u00e9sentoir de comptoir r\u00e9frig\u00e9r\u00e9"},"content":{"rendered":"<h3>Vitrine r\u00e9frig\u00e9r\u00e9e \u00e0 poser<\/h3>\n<p><strong>Caract\u00e9ristiques:<\/strong><\/p>\n<p>La vitrine r\u00e9frig\u00e9r\u00e9e de comptoir est une vitrine r\u00e9frig\u00e9r\u00e9e de table.<\/p>\n<p>Nous l\u2019appelons souvent pr\u00e9sentoir de comptoir de charcuterie, qui est une vitrine r\u00e9frig\u00e9r\u00e9e ou une vitrine de charcuterie chaude. Il est utilis\u00e9 pour pr\u00e9senter une vari\u00e9t\u00e9 d&#039;aliments frais, principalement des aliments pr\u00e9cuits, d&#039;autres comme des sandwichs, des fromages, des salades, de la viande, etc.<\/p>\n<p>Il est \u00e9videmment de petite taille. G\u00e9n\u00e9ralement, il est plac\u00e9 sur un comptoir situ\u00e9 au m\u00eame niveau que la vue des gens. Les gens peuvent le voir directement lorsqu&#039;ils se prom\u00e8nent dans des \u00e9tablissements comme les caf\u00e9s, les desserts, les p\u00e2tisseries, etc.<\/p>\n<ul>\n<li>Ce type a un prix plus comp\u00e9titif<\/li>\n<li>Le sous-sol est constitu\u00e9 de Plastic Master Batch, qui est un mat\u00e9riau \u00e0 haute densit\u00e9 et r\u00e9sistance mais \u00e0 faible co\u00fbt.<\/li>\n<li>Verres double couche pour isoler la chaleur ext\u00e9rieure<\/li>\n<li>Unit\u00e9 de r\u00e9frig\u00e9ration puissante, la marque du compresseur peut \u00eatre personnalis\u00e9e. Comme norme, nous utilisons habituellement secop\/Embraco\/Donper<\/li>\n<li>Contr\u00f4le num\u00e9rique de la temp\u00e9rature<\/li>\n<\/ul>\n<p>&nbsp;<\/p>\n<p>&nbsp;<\/p>\n<p>&nbsp;<\/p>\n<p>&nbsp;<\/p>\n<p>&nbsp;<\/p>\n<p>&nbsp;<\/p>","protected":false},"excerpt":{"rendered":"<p>La vitrine r\u00e9frig\u00e9r\u00e9e de comptoir est une vitrine r\u00e9frig\u00e9r\u00e9e de table. Ce type a un prix plus comp\u00e9titif\u00a0; le sous-sol est constitu\u00e9 d\u2019un lot principal en plastique, qui est un mat\u00e9riau \u00e0 haute densit\u00e9 et r\u00e9sistance, mais \u00e0 faible co\u00fbt.<\/p>","protected":false},"featured_media":8353,"comment_status":"open","ping_status":"closed","template":"","meta":{"_seopress_robots_primary_cat":"none","_seopress_titles_title":"Refrigerated Countertop Display %%sep%% Manufacturer &amp; Supplier","_seopress_titles_desc":"It has a compact size, and the usage is flexible; restaurants, hotels, grocery stores, cafes, bakery shops, etc. use this small cake display counter to display some snacks or desserts.","_seopress_robots_index":""},"product_cat":[59],"product_tag":[222],"_links":{"self":[{"href":"https:\/\/acenoxkitchenequipment.com\/fr\/wp-json\/wp\/v2\/product\/8347"}],"collection":[{"href":"https:\/\/acenoxkitchenequipment.com\/fr\/wp-json\/wp\/v2\/product"}],"about":[{"href":"https:\/\/acenoxkitchenequipment.com\/fr\/wp-json\/wp\/v2\/types\/product"}],"replies":[{"embeddable":true,"href":"https:\/\/acenoxkitchenequipment.com\/fr\/wp-json\/wp\/v2\/comments?post=8347"}],"version-history":[{"count":0,"href":"https:\/\/acenoxkitchenequipment.com\/fr\/wp-json\/wp\/v2\/product\/8347\/revisions"}],"wp:featuredmedia":[{"embeddable":true,"href":"https:\/\/acenoxkitchenequipment.com\/fr\/wp-json\/wp\/v2\/media\/8353"}],"wp:attachment":[{"href":"https:\/\/acenoxkitchenequipment.com\/fr\/wp-json\/wp\/v2\/media?parent=8347"}],"wp:term":[{"taxonomy":"product_cat","embeddable":true,"href":"https:\/\/acenoxkitchenequipment.com\/fr\/wp-json\/wp\/v2\/product_cat?post=8347"},{"taxonomy":"product_tag","embeddable":true,"href":"https:\/\/acenoxkitchenequipment.com\/fr\/wp-json\/wp\/v2\/product_tag?post=8347"}],"curies":[{"name":"wp","href":"https:\/\/api.w.org\/{rel}","templated":true}]}}