{"id":8312,"date":"2023-08-30T09:56:15","date_gmt":"2023-08-30T01:56:15","guid":{"rendered":"https:\/\/acenoxkitchenequipment.com\/?post_type=product&#038;p=8312"},"modified":"2023-09-30T12:02:29","modified_gmt":"2023-09-30T04:02:29","slug":"commercial-drinks-fridge","status":"publish","type":"product","link":"https:\/\/acenoxkitchenequipment.com\/fr\/produit\/commercial-drinks-fridge\/","title":{"rendered":"R\u00e9frig\u00e9rateur \u00e0 boissons commercial"},"content":{"rendered":"<h3>R\u00e9frig\u00e9rateur \u00e0 boissons professionnel<\/h3>\n<p>il s&#039;agit d&#039;un r\u00e9frig\u00e9rateur \u00e0 boissons \u00e0 porte unique \u00e0 usage commercial, avec porte battante en verre et verres antibu\u00e9e \u00e0 deux couches.<\/p>\n<p><strong>Caract\u00e9ristiques:<\/strong><\/p>\n<ul>\n<li>Taille\u00a0: 745 mm \u00d7 700 mm \u00d7 2100 mm<\/li>\n<li>Mat\u00e9riaux : acier rev\u00eatu<\/li>\n<li>Portes : laquage en alliage d&#039;aluminium<\/li>\n<li>\u00c9paisseur de mousse\u00a0: 45\u00a0mm<\/li>\n<li>En haut : bo\u00eete \u00e0 lampe<\/li>\n<li>En bas\u00a0: placer les unit\u00e9s de r\u00e9frig\u00e9ration comme le compresseur et le condensat<\/li>\n<li>Int\u00e9rieur : \u00e9tag\u00e8res en acier plastifi\u00e9, robustes, durables et r\u00e9glables en hauteur ; une bande lumineuse LED de haute qualit\u00e9 est incluse<\/li>\n<li>Verres : verres tremp\u00e9s de qualit\u00e9 sup\u00e9rieure<\/li>\n<li>Remarque\u00a0:\u00a0Environnement applicable\u00a0: temp\u00e9rature ambiante inf\u00e9rieure \u00e0 32 \u2103<\/li>\n<\/ul>\n<p>&nbsp;<\/p>","protected":false},"excerpt":{"rendered":"<p>Refroidissement ventil\u00e9\u00a0; Porte en verre simple, marque de compresseur personnalis\u00e9e et conception d&#039;apparence personnalis\u00e9e pour r\u00e9frig\u00e9rateur de boissons commerciales en gros<\/p>","protected":false},"featured_media":8313,"comment_status":"open","ping_status":"closed","template":"","meta":{"_seopress_robots_primary_cat":"none","_seopress_titles_title":"Commercial Drinks Fridge%%sep%%beverage fridge%%sep%%Acenox Manufacturing","_seopress_titles_desc":"single door Commercial Drinks Fridge, glass hinged door with two layer non-fogging glasses.Size: 745mm\u00d7700mm\u00d72100mm","_seopress_robots_index":""},"product_cat":[60],"product_tag":[214],"_links":{"self":[{"href":"https:\/\/acenoxkitchenequipment.com\/fr\/wp-json\/wp\/v2\/product\/8312"}],"collection":[{"href":"https:\/\/acenoxkitchenequipment.com\/fr\/wp-json\/wp\/v2\/product"}],"about":[{"href":"https:\/\/acenoxkitchenequipment.com\/fr\/wp-json\/wp\/v2\/types\/product"}],"replies":[{"embeddable":true,"href":"https:\/\/acenoxkitchenequipment.com\/fr\/wp-json\/wp\/v2\/comments?post=8312"}],"version-history":[{"count":0,"href":"https:\/\/acenoxkitchenequipment.com\/fr\/wp-json\/wp\/v2\/product\/8312\/revisions"}],"wp:featuredmedia":[{"embeddable":true,"href":"https:\/\/acenoxkitchenequipment.com\/fr\/wp-json\/wp\/v2\/media\/8313"}],"wp:attachment":[{"href":"https:\/\/acenoxkitchenequipment.com\/fr\/wp-json\/wp\/v2\/media?parent=8312"}],"wp:term":[{"taxonomy":"product_cat","embeddable":true,"href":"https:\/\/acenoxkitchenequipment.com\/fr\/wp-json\/wp\/v2\/product_cat?post=8312"},{"taxonomy":"product_tag","embeddable":true,"href":"https:\/\/acenoxkitchenequipment.com\/fr\/wp-json\/wp\/v2\/product_tag?post=8312"}],"curies":[{"name":"wp","href":"https:\/\/api.w.org\/{rel}","templated":true}]}}