{"id":8248,"date":"2023-08-24T20:21:10","date_gmt":"2023-08-24T12:21:10","guid":{"rendered":"https:\/\/acenoxkitchenequipment.com\/?post_type=product&#038;p=8248"},"modified":"2024-02-29T21:02:00","modified_gmt":"2024-02-29T13:02:00","slug":"mini-ice-cream-freezer","status":"publish","type":"product","link":"https:\/\/acenoxkitchenequipment.com\/fr\/produit\/mini-ice-cream-freezer\/","title":{"rendered":"Mini cong\u00e9lateur \u00e0 glace"},"content":{"rendered":"<h2>Mini cong\u00e9lateur \u00e0 glace<\/h2>\n<p>Un cong\u00e9lateur \u00e0 glace id\u00e9al pour les petits magasins ou les d\u00e9panneurs, il pourrait \u00eatre plac\u00e9 sur le comptoir avant le d\u00e9part des clients, ce qui incitera les clients \u00e0 acheter surtout pendant la saison estivale.<\/p>\n<p>Il s&#039;agit d&#039;un cong\u00e9lateur \u00e0 glace de comptoir de petit volume, facile \u00e0 d\u00e9placer et \u00e0 placer \u00e0 diff\u00e9rents endroits.<\/p>\n<p><strong>Caract\u00e9ristiques:<\/strong><\/p>\n<p>\u25a0<strong> Taille:<\/strong> 670 mm (L) \u00d7 750 mm (P) \u00d7 360 mm (H)<\/p>\n<p>\u25a0<strong> Lunettes:<\/strong> Portes vitr\u00e9es flottantes, fil chauffant \u00e9lectrique, antibu\u00e9e<\/p>\n<p>\u25a0<strong> Bonne propri\u00e9t\u00e9 d&#039;isolation\u00a0: <\/strong>moussant de cyclopentane, \u00e9cologique.<\/p>\n<p>\u25a0<strong> R\u00e9frig\u00e9ration:<\/strong> Statique, r\u00e9frig\u00e9rant R290, condensat et \u00e9vaporateur enti\u00e8rement cuivreux.<\/p>\n<p>\u25a0<strong>Temp\u00e9rature:<\/strong> -22 \u2103 ~ -16 \u2103<\/p>\n<p>\u25a0<strong> D\u00e9givrage automatique\u00a0: <\/strong>D\u00e9givrage \u00e0 cycle invers\u00e9<\/p>\n<p>\u25a0 <strong>Des casseroles:<\/strong> livr\u00e9 avec 3 bacs GN 1\/3 ou bo\u00eetes en acrylique au choix<\/p>\n<p>\u25a0 <strong>Lumi\u00e8res LED\u00a0:<\/strong> Bandes lumineuses LED de bonne qualit\u00e9 pour \u00e9clairer parfaitement la Gelato<\/p>\n<p><span class=\"___SText_t9cd5-ko_\" data-ui-name=\"Link.Text\">\u25a0 <strong>Prix du mini cong\u00e9lateur \u00e0 cr\u00e8me glac\u00e9e\u00a0: 600\u00a0USD ~ 700\u00a0USD\/pi\u00e8ce<\/strong><\/span><\/p>\n<p>Nous acceptons la conception d&#039;image d&#039;apparence personnalis\u00e9e<\/p>\n<figure id=\"attachment_8461\" aria-describedby=\"caption-attachment-8461\" style=\"width: 590px\" class=\"wp-caption alignnone\"><img fetchpriority=\"high\" decoding=\"async\" class=\"wp-image-8461\" src=\"https:\/\/acenoxkitchenequipment.com\/wp-content\/uploads\/2023\/08\/ice-cream-freezer-manufacturer.jpg\" alt=\"mini ice cream freezer\" width=\"590\" height=\"458\" srcset=\"https:\/\/acenoxkitchenequipment.com\/wp-content\/uploads\/2023\/08\/ice-cream-freezer-manufacturer.jpg 900w, https:\/\/acenoxkitchenequipment.com\/wp-content\/uploads\/2023\/08\/ice-cream-freezer-manufacturer-300x233.jpg 300w, https:\/\/acenoxkitchenequipment.com\/wp-content\/uploads\/2023\/08\/ice-cream-freezer-manufacturer-768x596.jpg 768w, https:\/\/acenoxkitchenequipment.com\/wp-content\/uploads\/2023\/08\/ice-cream-freezer-manufacturer-600x466.jpg 600w\" sizes=\"(max-width: 590px) 100vw, 590px\" \/><figcaption id=\"caption-attachment-8461\" class=\"wp-caption-text\">fabricant de cong\u00e9lateurs \u00e0 glace<\/figcaption><\/figure>\n<figure id=\"attachment_8460\" aria-describedby=\"caption-attachment-8460\" style=\"width: 591px\" class=\"wp-caption alignnone\"><img decoding=\"async\" class=\"wp-image-8460\" src=\"https:\/\/acenoxkitchenequipment.com\/wp-content\/uploads\/2023\/08\/mini-ice-cream-freezer-supplier.jpg\" alt=\"mini ice cream freezer\" width=\"591\" height=\"789\" srcset=\"https:\/\/acenoxkitchenequipment.com\/wp-content\/uploads\/2023\/08\/mini-ice-cream-freezer-supplier.jpg 800w, https:\/\/acenoxkitchenequipment.com\/wp-content\/uploads\/2023\/08\/mini-ice-cream-freezer-supplier-225x300.jpg 225w, https:\/\/acenoxkitchenequipment.com\/wp-content\/uploads\/2023\/08\/mini-ice-cream-freezer-supplier-768x1024.jpg 768w, https:\/\/acenoxkitchenequipment.com\/wp-content\/uploads\/2023\/08\/mini-ice-cream-freezer-supplier-600x800.jpg 600w\" sizes=\"(max-width: 591px) 100vw, 591px\" \/><figcaption id=\"caption-attachment-8460\" class=\"wp-caption-text\">mini fournisseur de cong\u00e9lateur de cr\u00e8me glac\u00e9e<\/figcaption><\/figure>\n<p>&nbsp;<\/p>\n<p>&nbsp;<\/p>\n<p>&nbsp;<\/p>\n<p>&nbsp;<\/p>","protected":false},"excerpt":{"rendered":"<p>mini cong\u00e9lateur \u00e0 glace, le cong\u00e9lateur pr\u00e9sentoir \u00e0 glace est compos\u00e9 de plusieurs parties : les verres, l&#039;isolation, le syst\u00e8me de r\u00e9frig\u00e9ration, le contr\u00f4leur de temp\u00e9rature, les lumi\u00e8res, etc. <span class=\"___SText_t9cd5-ko_\" data-ui-name=\"Link.Text\">prix du mini cong\u00e9lateur \u00e0 glace environ 600 USD ~ 650 USD<\/span><\/p>","protected":false},"featured_media":8249,"comment_status":"open","ping_status":"closed","template":"","meta":{"_seopress_robots_primary_cat":"none","_seopress_titles_title":"Mini Ice Cream Freezer%%sep%%Mini Freezer Ice Cream Supplies","_seopress_titles_desc":"An Ideal mini ice cream display freezer for convenience stores, it could be placed on the counter before customers check out, temperature: -22\u2103 ~ -16\u2103","_seopress_robots_index":""},"product_cat":[142],"product_tag":[232],"_links":{"self":[{"href":"https:\/\/acenoxkitchenequipment.com\/fr\/wp-json\/wp\/v2\/product\/8248"}],"collection":[{"href":"https:\/\/acenoxkitchenequipment.com\/fr\/wp-json\/wp\/v2\/product"}],"about":[{"href":"https:\/\/acenoxkitchenequipment.com\/fr\/wp-json\/wp\/v2\/types\/product"}],"replies":[{"embeddable":true,"href":"https:\/\/acenoxkitchenequipment.com\/fr\/wp-json\/wp\/v2\/comments?post=8248"}],"version-history":[{"count":0,"href":"https:\/\/acenoxkitchenequipment.com\/fr\/wp-json\/wp\/v2\/product\/8248\/revisions"}],"wp:featuredmedia":[{"embeddable":true,"href":"https:\/\/acenoxkitchenequipment.com\/fr\/wp-json\/wp\/v2\/media\/8249"}],"wp:attachment":[{"href":"https:\/\/acenoxkitchenequipment.com\/fr\/wp-json\/wp\/v2\/media?parent=8248"}],"wp:term":[{"taxonomy":"product_cat","embeddable":true,"href":"https:\/\/acenoxkitchenequipment.com\/fr\/wp-json\/wp\/v2\/product_cat?post=8248"},{"taxonomy":"product_tag","embeddable":true,"href":"https:\/\/acenoxkitchenequipment.com\/fr\/wp-json\/wp\/v2\/product_tag?post=8248"}],"curies":[{"name":"wp","href":"https:\/\/api.w.org\/{rel}","templated":true}]}}