{"id":7490,"date":"2023-08-03T20:06:29","date_gmt":"2023-08-03T12:06:29","guid":{"rendered":"https:\/\/acenoxkitchenequipment.com\/?post_type=product&#038;p=7490"},"modified":"2023-10-16T16:02:07","modified_gmt":"2023-10-16T08:02:07","slug":"4-side-glass-chiller","status":"publish","type":"product","link":"https:\/\/acenoxkitchenequipment.com\/fr\/produit\/4-side-glass-chiller\/","title":{"rendered":"Refroidisseur de verre \u00e0 4 c\u00f4t\u00e9s"},"content":{"rendered":"<h3>Refroidisseur de verre \u00e0 4 c\u00f4t\u00e9s<\/h3>\n<p>Il comporte des verres \u00e0 4 faces, des doubles couches et ne s&#039;embue pas<br \/>\nLes refroidisseurs \u00e0 affichage en verre ont une apparence plus attrayante pour afficher des boissons, des bi\u00e8res, du coco cola et toutes sortes de boissons.<\/p>\n<p><strong>Caract\u00e9ristiques:<\/strong><\/p>\n<ul>\n<li>220 V\/50 Hz, +2\u2103~+8\u2103<\/li>\n<li>2 ou 4 lumi\u00e8res LED verticales pour \u00e9clairer les pr\u00e9sentoirs<\/li>\n<li>Verres antibu\u00e9e transparents, verres tremp\u00e9s<\/li>\n<li>Refroidissement ventil\u00e9<\/li>\n<li>D\u00e9givrage automatique<\/li>\n<li>Affichage du thermostat num\u00e9rique<\/li>\n<li>Portes \u00e0 fermeture automatique<\/li>\n<li>\u00c9tag\u00e8res chrom\u00e9es ou \u00e9tag\u00e8res en plastique pour les options<\/li>\n<\/ul>\n<p>Application : temp\u00e9rature \u2264 32 \u2103, humidit\u00e9 inf\u00e9rieure \u00e0 65%.<\/p>\n<h3>Informations techniques<\/h3>\n<p>&nbsp;<\/p>","protected":false},"excerpt":{"rendered":"<p>Il comporte des verres \u00e0 4 faces, des doubles couches et ne s&#039;embue pas<br \/>\nLes refroidisseurs \u00e0 affichage en verre ont une apparence plus attrayante pour afficher des boissons, des bi\u00e8res, du coco cola et toutes sortes de boissons.<\/p>","protected":false},"featured_media":7667,"comment_status":"open","ping_status":"closed","template":"","meta":{"_seopress_robots_primary_cat":"none","_seopress_titles_title":"4 Side Glass Chiller %%sep%%Glass Door Display Chiller %%sep%%Acenox","_seopress_titles_desc":"","_seopress_robots_index":""},"product_cat":[60],"product_tag":[135],"_links":{"self":[{"href":"https:\/\/acenoxkitchenequipment.com\/fr\/wp-json\/wp\/v2\/product\/7490"}],"collection":[{"href":"https:\/\/acenoxkitchenequipment.com\/fr\/wp-json\/wp\/v2\/product"}],"about":[{"href":"https:\/\/acenoxkitchenequipment.com\/fr\/wp-json\/wp\/v2\/types\/product"}],"replies":[{"embeddable":true,"href":"https:\/\/acenoxkitchenequipment.com\/fr\/wp-json\/wp\/v2\/comments?post=7490"}],"version-history":[{"count":0,"href":"https:\/\/acenoxkitchenequipment.com\/fr\/wp-json\/wp\/v2\/product\/7490\/revisions"}],"wp:featuredmedia":[{"embeddable":true,"href":"https:\/\/acenoxkitchenequipment.com\/fr\/wp-json\/wp\/v2\/media\/7667"}],"wp:attachment":[{"href":"https:\/\/acenoxkitchenequipment.com\/fr\/wp-json\/wp\/v2\/media?parent=7490"}],"wp:term":[{"taxonomy":"product_cat","embeddable":true,"href":"https:\/\/acenoxkitchenequipment.com\/fr\/wp-json\/wp\/v2\/product_cat?post=7490"},{"taxonomy":"product_tag","embeddable":true,"href":"https:\/\/acenoxkitchenequipment.com\/fr\/wp-json\/wp\/v2\/product_tag?post=7490"}],"curies":[{"name":"wp","href":"https:\/\/api.w.org\/{rel}","templated":true}]}}