{"id":6855,"date":"2023-07-10T16:44:30","date_gmt":"2023-07-10T08:44:30","guid":{"rendered":"https:\/\/acenoxkitchenequipment.com\/?post_type=product&#038;p=6855"},"modified":"2024-03-10T00:05:01","modified_gmt":"2024-03-09T16:05:01","slug":"glass-display-freezer","status":"publish","type":"product","link":"https:\/\/acenoxkitchenequipment.com\/fr\/produit\/glass-display-freezer\/","title":{"rendered":"Pr\u00e9sentoir Cong\u00e9lateur 2 Portes"},"content":{"rendered":"<h3>Pr\u00e9sentoir Cong\u00e9lateur<\/h3>\n<p>Le cong\u00e9lateur vitrine est utilis\u00e9 pour pr\u00e9senter une vari\u00e9t\u00e9 de produits surgel\u00e9s tels que des p\u00e2tisseries, de la viande, des fruits de mer et d&#039;autres aliments qui doivent \u00eatre conserv\u00e9s \u00e0 basse temp\u00e9rature.<\/p>\n<p>Un cong\u00e9lateur vertical \u00e0 porte vitr\u00e9e est un type d\u2019\u00e9quipement de r\u00e9frig\u00e9ration commerciale couramment utilis\u00e9 dans les \u00e9piceries, les d\u00e9panneurs, les supermarch\u00e9s et autres environnements de vente au d\u00e9tail.<\/p>\n<p>\u25a0 Verres\u00a0: verres tremp\u00e9s \u00e0 trois couches, fil chauffant pour \u00e9viter la bu\u00e9e, portes \u00e0 fermeture automatique<\/p>\n<p>\u25a0 Bonne propri\u00e9t\u00e9 d&#039;isolation\u00a0: moussage de cyclopentane, respectueux de l&#039;environnement.<\/p>\n<p>Nous utilisons des moules pour le moussage, qui se fait automatiquement en une seule fois, sans op\u00e9ration manuelle. Cela garantit de meilleures performances d\u2019isolation.<\/p>\n<p>\u25a0 220 V\/50 Hz\u00a0; 110 V\/60 Hz<\/p>\n<p>\u25a0 Compresseur ventil\u00e9, Donper ou Scope, R290\/R404a<\/p>\n<p>\u25a0 D\u00e9givrage automatique<\/p>\n<p>\u25a0 Condensat et \u00e9vaporateur enti\u00e8rement cuivreux<\/p>\n<p>\u25a0 Contr\u00f4leur de temp\u00e9rature de marque ou de marque italienne, -18\u2103~-22\u2103.<\/p>\n<p>\u25a0 Cadre et portes en alliage d&#039;aluminium<\/p>\n<p>\u25a0 Int\u00e9rieur avec \u00e9tag\u00e8res \u00e0 quatre couches de rev\u00eatement en PVC<\/p>\n<p>\u25a0 Roues universelles TPR, dont deux avec freins.<\/p>\n<p>\u25a0 Chaque porte est \u00e9quip\u00e9e de bandes lumineuses LED verticales de bonne qualit\u00e9 pour \u00e9clairer parfaitement la marchandise<\/p>\n<p>\u25a0 Socle en acier rev\u00eatu, co\u00fbt \u00e9conomique mais qualit\u00e9 durable.<\/p>\n<p>Options personnalisables : 1. Couleur 2. Marque de compresseur 3. Verres chauffants<\/p>\n<h3>Informations techniques<\/h3>\n<p>&nbsp;<\/p>","protected":false},"excerpt":{"rendered":"<p>Le cong\u00e9lateur vitrine est utilis\u00e9 pour pr\u00e9senter une vari\u00e9t\u00e9 de produits surgel\u00e9s tels que des p\u00e2tisseries, de la viande, des fruits de mer et d&#039;autres aliments qui doivent \u00eatre conserv\u00e9s \u00e0 basse temp\u00e9rature.<\/p>","protected":false},"featured_media":9056,"comment_status":"open","ping_status":"closed","template":"","meta":{"_seopress_robots_primary_cat":"none","_seopress_titles_title":"Display Freezer Manufacturer %%sep%%2 Doors and 3 Doors","_seopress_titles_desc":"The display freezer is used to showcase a variety of frozen goods such as pastries, meat, seafood, and other food that need to be stored at low temperatures -18\u2103~-22\u2103.","_seopress_robots_index":""},"product_cat":[60],"product_tag":[271],"_links":{"self":[{"href":"https:\/\/acenoxkitchenequipment.com\/fr\/wp-json\/wp\/v2\/product\/6855"}],"collection":[{"href":"https:\/\/acenoxkitchenequipment.com\/fr\/wp-json\/wp\/v2\/product"}],"about":[{"href":"https:\/\/acenoxkitchenequipment.com\/fr\/wp-json\/wp\/v2\/types\/product"}],"replies":[{"embeddable":true,"href":"https:\/\/acenoxkitchenequipment.com\/fr\/wp-json\/wp\/v2\/comments?post=6855"}],"version-history":[{"count":0,"href":"https:\/\/acenoxkitchenequipment.com\/fr\/wp-json\/wp\/v2\/product\/6855\/revisions"}],"wp:featuredmedia":[{"embeddable":true,"href":"https:\/\/acenoxkitchenequipment.com\/fr\/wp-json\/wp\/v2\/media\/9056"}],"wp:attachment":[{"href":"https:\/\/acenoxkitchenequipment.com\/fr\/wp-json\/wp\/v2\/media?parent=6855"}],"wp:term":[{"taxonomy":"product_cat","embeddable":true,"href":"https:\/\/acenoxkitchenequipment.com\/fr\/wp-json\/wp\/v2\/product_cat?post=6855"},{"taxonomy":"product_tag","embeddable":true,"href":"https:\/\/acenoxkitchenequipment.com\/fr\/wp-json\/wp\/v2\/product_tag?post=6855"}],"curies":[{"name":"wp","href":"https:\/\/api.w.org\/{rel}","templated":true}]}}