{"id":6844,"date":"2023-07-05T18:58:02","date_gmt":"2023-07-05T10:58:02","guid":{"rendered":"https:\/\/acenoxkitchenequipment.com\/?post_type=product&#038;p=6844"},"modified":"2023-10-16T16:30:31","modified_gmt":"2023-10-16T08:30:31","slug":"cake-display-cabinet","status":"publish","type":"product","link":"https:\/\/acenoxkitchenequipment.com\/fr\/produit\/cake-display-cabinet\/","title":{"rendered":"Verres incurv\u00e9s de vitrine de g\u00e2teau"},"content":{"rendered":"<p><strong>Caract\u00e9ristiques:<\/strong><\/p>\n<ul>\n<li>En tant que fabricant, nous pouvons produire des vitrines \u00e0 g\u00e2teaux r\u00e9frig\u00e9r\u00e9es et des vitrines \u00e0 g\u00e2teaux ambiantes.<\/li>\n<li>Taille, couleur et mat\u00e9riaux de l&#039;armoire sur mesure pour la rendre adapt\u00e9e \u00e0 votre march\u00e9 local.<\/li>\n<li>Par exemple, nous pouvons utiliser de l&#039;acier de couleur dor\u00e9e 201, de l&#039;acier de couleur dor\u00e9e 304 pour fabriquer le corps de la vitrine \u00e0 g\u00e2teaux. Chaque pi\u00e8ce peut \u00eatre personnalis\u00e9e. Nous offrirons \u00e9galement des conseils professionnels selon notre exp\u00e9rience pass\u00e9e.<\/li>\n<li>La vitrine \u00e0 g\u00e2teaux en acrylique est un autre type populaire.<\/li>\n<li>Une vitrine \u00e0 g\u00e2teaux en acier rev\u00eatu est une autre option \u00e9conomique.<\/li>\n<\/ul>\n<ol>\n<li><strong>Compresseur:<\/strong> Compresseur Embraco ou compresseur Donper au choix<\/li>\n<li><strong>R\u00e9frig\u00e9rant:<\/strong> R134a\/R290<\/li>\n<li><strong>Contr\u00f4le de la temp\u00e9rature:<\/strong> Marque Italie Dixell ou Carel<\/li>\n<li><strong>Sous-sol:<\/strong> Sous-sol en acier inoxydable 430 avec mousse de cyclopentane int\u00e9gr\u00e9e \u00e0 l&#039;int\u00e9rieur du sous-sol, avec une bonne \u00e9tanch\u00e9it\u00e9, il peut garder l&#039;air froid \u00e0 l&#039;int\u00e9rieur de l&#039;armoire et r\u00e9duire la perte d&#039;\u00e9nergie.<\/li>\n<li><strong>Lunettes:<\/strong> Verres \u00e0 faible \u00e9missivit\u00e9 avanc\u00e9s \u00e0 d\u00e9sembuage automatique, double couche tremp\u00e9 creux<\/li>\n<li><strong>Autres:<\/strong> Condensat et \u00e9vaporateur enti\u00e8rement cuivreux<\/li>\n<li><strong>\u00c9tag\u00e8res:<\/strong> Trois \u00e9tag\u00e8res enti\u00e8rement en acier inoxydable + aluminium, capacit\u00e9 de chargement sup\u00e9rieure \u00e0 30 kg\/couche<\/li>\n<li><strong>Des portes:<\/strong> Deux portes coulissantes en verre antibu\u00e9e avec une bonne propri\u00e9t\u00e9 d&#039;\u00e9tanch\u00e9it\u00e9, fil chauffant<\/li>\n<li><strong>Lumi\u00e8res:<\/strong> Lumi\u00e8re LED blanche chaude ou froide au choix<\/li>\n<li><strong>Roulettes\u00a0: <\/strong>4 \u00d7 roulettes incluses<\/li>\n<\/ol>\n<p>&nbsp;<\/p>\n<p>Remarque\u00a0:\u00a0Environnement applicable\u00a0: temp\u00e9rature ambiante inf\u00e9rieure \u00e0 32 \u2103<\/p>\n<p>&nbsp;<\/p>\n<p>&nbsp;<\/p>\n<p>&nbsp;<\/p>\n<p>&nbsp;<\/p>\n<p>&nbsp;<\/p>\n<p>&nbsp;<\/p>","protected":false},"excerpt":{"rendered":"<p>Le design ext\u00e9rieur \u00e9l\u00e9gant de ce pr\u00e9sentoir \u00e0 g\u00e2teaux r\u00e9frig\u00e9r\u00e9 est actuellement le style le plus populaire, configuration durable, volume d&#039;affichage \u00e9lev\u00e9, temp\u00e9rature constante de 2 \u2103 ~ 8 \u2103.<\/p>","protected":false},"featured_media":8342,"comment_status":"closed","ping_status":"closed","template":"","meta":{"_seopress_robots_primary_cat":"none","_seopress_titles_title":"Cake Display Cabinet %%sep%%Bulk Orders From Factory %%sep%%Acenox","_seopress_titles_desc":"we can use golden color 201 steel\uff0cgolden color 304 steel to make the body of the cake display cabinet. Every part could be customized. ","_seopress_robots_index":""},"product_cat":[59],"product_tag":[215],"_links":{"self":[{"href":"https:\/\/acenoxkitchenequipment.com\/fr\/wp-json\/wp\/v2\/product\/6844"}],"collection":[{"href":"https:\/\/acenoxkitchenequipment.com\/fr\/wp-json\/wp\/v2\/product"}],"about":[{"href":"https:\/\/acenoxkitchenequipment.com\/fr\/wp-json\/wp\/v2\/types\/product"}],"replies":[{"embeddable":true,"href":"https:\/\/acenoxkitchenequipment.com\/fr\/wp-json\/wp\/v2\/comments?post=6844"}],"version-history":[{"count":0,"href":"https:\/\/acenoxkitchenequipment.com\/fr\/wp-json\/wp\/v2\/product\/6844\/revisions"}],"wp:featuredmedia":[{"embeddable":true,"href":"https:\/\/acenoxkitchenequipment.com\/fr\/wp-json\/wp\/v2\/media\/8342"}],"wp:attachment":[{"href":"https:\/\/acenoxkitchenequipment.com\/fr\/wp-json\/wp\/v2\/media?parent=6844"}],"wp:term":[{"taxonomy":"product_cat","embeddable":true,"href":"https:\/\/acenoxkitchenequipment.com\/fr\/wp-json\/wp\/v2\/product_cat?post=6844"},{"taxonomy":"product_tag","embeddable":true,"href":"https:\/\/acenoxkitchenequipment.com\/fr\/wp-json\/wp\/v2\/product_tag?post=6844"}],"curies":[{"name":"wp","href":"https:\/\/api.w.org\/{rel}","templated":true}]}}