{"id":6785,"date":"2023-07-04T10:34:14","date_gmt":"2023-07-04T02:34:14","guid":{"rendered":"https:\/\/acenoxkitchenequipment.com\/?post_type=product&#038;p=6785"},"modified":"2024-03-08T17:49:05","modified_gmt":"2024-03-08T09:49:05","slug":"commercial-glass-door-refrigerator","status":"publish","type":"product","link":"https:\/\/acenoxkitchenequipment.com\/fr\/produit\/commercial-glass-door-refrigerator\/","title":{"rendered":"R\u00e9frig\u00e9rateur commercial \u00e0 porte vitr\u00e9e"},"content":{"rendered":"<h3>Caract\u00e9ristiques du r\u00e9frig\u00e9rateur commercial \u00e0 porte en verre\u00a0:<\/h3>\n<p>Le r\u00e9frig\u00e9rateur commercial \u00e0 3 portes vitr\u00e9es a une grande capacit\u00e9 de stockage. Il est largement utilis\u00e9 dans les cavistes, les bars \u00e0 bi\u00e8re, les supermarch\u00e9s, etc.<\/p>\n<p>D\u00e9couvrons les avantages de ce r\u00e9frig\u00e9rateur commercial 3 portes vitr\u00e9es :<\/p>\n<ul>\n<li><strong>Grande capacit\u00e9:\u00a0<\/strong><\/li>\n<\/ul>\n<p>1 450 L, cinq couches d&#039;\u00e9tag\u00e8res chrom\u00e9es, sont robustes et peuvent \u00eatre remplies de grandes quantit\u00e9s de bi\u00e8re, de boissons et d&#039;eau.<\/p>\n<ul>\n<li><strong>Verres \u00e9pais et tr\u00e8s clairs\u00a0:\u00a0<\/strong><\/li>\n<\/ul>\n<p>Nous utilisons des verres tr\u00e8s \u00e9pais et r\u00e9sistants, qui offrent \u00e9galement une vision tr\u00e8s claire. Les verres double couche offrent des performances d&#039;isolation \u00e9lev\u00e9es, \u00e9conomisant efficacement de l&#039;\u00e9nergie.<\/p>\n<ul>\n<li><strong>Compresseur bien connu\u00a0:\u00a0<\/strong><\/li>\n<\/ul>\n<p>Donper Compressor, la c\u00e9l\u00e8bre marque de compresseurs dot\u00e9s du r\u00e9frig\u00e9rant R290 durable et \u00e9cologique<\/p>\n<ul>\n<li><strong>Refroidissement ventil\u00e9<\/strong><\/li>\n<\/ul>\n<p>La circulation active aide \u00e0 maintenir une temp\u00e9rature constante dans tout l&#039;espace de refroidissement, garantissant un refroidissement uniforme et minimisant les gradients de temp\u00e9rature.<\/p>\n<ul>\n<li><strong>Joli caisson de lampe sur le dessus :<\/strong><\/li>\n<\/ul>\n<p>Nous avons fourni une publicit\u00e9 personnalis\u00e9e imprim\u00e9e sur le bo\u00eetier sup\u00e9rieur de la lampe, qui est impressionnante et attrayante. Les unit\u00e9s de r\u00e9frig\u00e9ration se trouvent sur le dessus derri\u00e8re le bo\u00eetier de lampe.<\/p>\n<ul>\n<li><strong>Isolation super \u00e9paisse :<\/strong><\/li>\n<\/ul>\n<p>Le r\u00e9frig\u00e9rateur est dot\u00e9 d&#039;une mousse isolante de 7,5 cm, qui peut offrir de bonnes propri\u00e9t\u00e9s isolantes.<\/p>\n<ul>\n<li><strong>Contr\u00f4leur de temp\u00e9rature num\u00e9rique\u00a0:\u00a0<\/strong><\/li>\n<\/ul>\n<p>Facile \u00e0 r\u00e9gler la temp\u00e9rature<\/p>\n<ul>\n<li><strong>Roues robustes\u00a0:\u00a0<\/strong><\/li>\n<\/ul>\n<p>Roues universelles avec freins, vous pouvez placer le r\u00e9frig\u00e9rateur au bon endroit sans aucun obstacle.<\/p>\n<p>&nbsp;<\/p>\n<p>Nous avons plus d\u2019une d\u00e9cennie d\u2019exp\u00e9rience dans la production de r\u00e9frig\u00e9rateurs commerciaux en verre. Les excellentes caract\u00e9ristiques mentionn\u00e9es ci-dessus garantissent la qualit\u00e9 de nos r\u00e9frig\u00e9rateurs. Cependant, pour acc\u00e9der au march\u00e9 international, nous proposons des prix tr\u00e8s comp\u00e9titifs. N&#039;h\u00e9sitez pas \u00e0 nous contacter pour obtenir les derni\u00e8res informations sur les prix.<\/p>\n<p>&nbsp;<\/p>\n<p>&nbsp;<\/p>","protected":false},"excerpt":{"rendered":"<p>Le design simple mais \u00e9l\u00e9gant de ce r\u00e9frig\u00e9rateur \u00e0 porte vitr\u00e9e unique est populaire dans de nombreux pays tels que l&#039;Europe, l&#039;Australie et la Malaisie, etc. Il est utilis\u00e9 pour afficher des boissons froides, de la bi\u00e8re, etc. Veuillez noter que la taille et la forme peuvent \u00eatre personnalis\u00e9es, votre entreprise L&#039;autocollant publicitaire avec logo peut \u00eatre imprim\u00e9 pour \u00eatre plac\u00e9 sur le dessus du r\u00e9frig\u00e9rateur.<\/p>","protected":false},"featured_media":9022,"comment_status":"open","ping_status":"closed","template":"","meta":{"_seopress_robots_primary_cat":"none","_seopress_titles_title":"Commercial Glass Door Refrigerators From Reliable Factory","_seopress_titles_desc":"We are offering highly competitive prices of 2 doors and 3 doors Commercial Glass Door Refrigerators, digital temperature control: +2\u2103~+8\u2103\uff1bVentilated cooling","_seopress_robots_index":""},"product_cat":[60],"product_tag":[179],"_links":{"self":[{"href":"https:\/\/acenoxkitchenequipment.com\/fr\/wp-json\/wp\/v2\/product\/6785"}],"collection":[{"href":"https:\/\/acenoxkitchenequipment.com\/fr\/wp-json\/wp\/v2\/product"}],"about":[{"href":"https:\/\/acenoxkitchenequipment.com\/fr\/wp-json\/wp\/v2\/types\/product"}],"replies":[{"embeddable":true,"href":"https:\/\/acenoxkitchenequipment.com\/fr\/wp-json\/wp\/v2\/comments?post=6785"}],"version-history":[{"count":0,"href":"https:\/\/acenoxkitchenequipment.com\/fr\/wp-json\/wp\/v2\/product\/6785\/revisions"}],"wp:featuredmedia":[{"embeddable":true,"href":"https:\/\/acenoxkitchenequipment.com\/fr\/wp-json\/wp\/v2\/media\/9022"}],"wp:attachment":[{"href":"https:\/\/acenoxkitchenequipment.com\/fr\/wp-json\/wp\/v2\/media?parent=6785"}],"wp:term":[{"taxonomy":"product_cat","embeddable":true,"href":"https:\/\/acenoxkitchenequipment.com\/fr\/wp-json\/wp\/v2\/product_cat?post=6785"},{"taxonomy":"product_tag","embeddable":true,"href":"https:\/\/acenoxkitchenequipment.com\/fr\/wp-json\/wp\/v2\/product_tag?post=6785"}],"curies":[{"name":"wp","href":"https:\/\/api.w.org\/{rel}","templated":true}]}}