{"id":4727,"date":"2023-04-12T10:08:25","date_gmt":"2023-04-12T02:08:25","guid":{"rendered":"https:\/\/acenoxkitchenequipment.com\/?post_type=product&#038;p=4727"},"modified":"2023-10-18T20:35:40","modified_gmt":"2023-10-18T12:35:40","slug":"refrigerated-display-counter-white-color","status":"publish","type":"product","link":"https:\/\/acenoxkitchenequipment.com\/fr\/produit\/refrigerated-display-counter-white-color\/","title":{"rendered":"Vitrine r\u00e9frig\u00e9r\u00e9e couleur blanc"},"content":{"rendered":"<h3>Vitrine r\u00e9frig\u00e9r\u00e9e couleur blanc<\/h3>\n<p><strong>Caract\u00e9ristiques:<\/strong><\/p>\n<p>Le comptoir d&#039;affichage r\u00e9frig\u00e9r\u00e9 est largement utilis\u00e9 pour les caf\u00e9s, les magasins d&#039;alimentation, les boulangeries pour pr\u00e9senter des sandwichs et des p\u00e2tisseries, etc. La forme et la couleur peuvent \u00eatre personnalis\u00e9es par nos soins.<\/p>\n<p>Les lunettes incurv\u00e9es sont belles et \u00e9l\u00e9gantes. La couleur de l&#039;acier inoxydable peut \u00eatre personnalis\u00e9e, comme la couleur dor\u00e9e, la couleur noire, la couleur dor\u00e9e rose, etc.<\/p>\n<ol>\n<li><strong>Compresseur:<\/strong> Compresseur Embraco ou marque Donper au choix (R134a\/R290)<\/li>\n<li><strong>Contr\u00f4leur de temp\u00e9rature:<\/strong> Marque Italie Dixell ou Carel<\/li>\n<li><strong>Sous-sol:<\/strong> Acier peint, couleur blanche<\/li>\n<li><strong>Lunettes:<\/strong> Lunettes \u00e0 faible \u00e9missivit\u00e9 avanc\u00e9es \u00e0 d\u00e9sembuage automatique<\/li>\n<li>Verre tremp\u00e9 creux double couche (verre Low-E), antid\u00e9flagrant<\/li>\n<li><strong>Autres \u00e9l\u00e9ments\u00a0:<\/strong> Condensat et \u00e9vaporateur enti\u00e8rement cuivreux<\/li>\n<li><strong>\u00c9tag\u00e8res:<\/strong> \u00e9tag\u00e8res en acier chrom\u00e9<\/li>\n<li><strong>Des portes:<\/strong> Deux portes coulissantes en verre antibu\u00e9e avec une bonne propri\u00e9t\u00e9 d&#039;\u00e9tanch\u00e9it\u00e9<\/li>\n<li><strong>Lumi\u00e8re:<\/strong> Lumi\u00e8re LED blanche chaude ou froide au choix<\/li>\n<\/ol>\n<p>Veuillez cliquer sur les sp\u00e9cifications pour v\u00e9rifier les diff\u00e9rentes tailles<\/p>\n<p>Remarque\u00a0:\u00a0Environnement applicable\u00a0: temp\u00e9rature ambiante inf\u00e9rieure \u00e0 32 \u2103<\/p>\n<p>&nbsp;<\/p>\n<p>&nbsp;<\/p>\n<p>&nbsp;<\/p>\n<p>&nbsp;<\/p>\n<p>&nbsp;<\/p>\n<p>&nbsp;<\/p>","protected":false},"excerpt":{"rendered":"<p>Con\u00e7us et fabriqu\u00e9s en usine, le refroidissement ventil\u00e9, les mat\u00e9riaux en acier inoxydable, les verres antibu\u00e9e, la forme et la couleur peuvent \u00eatre personnalis\u00e9s par nos soins. c&#039;est un mod\u00e8le \u00e9l\u00e9gant maintenant<\/p>","protected":false},"featured_media":5429,"comment_status":"open","ping_status":"closed","template":"","meta":{"_seopress_robots_primary_cat":"none","_seopress_titles_title":"","_seopress_titles_desc":"","_seopress_robots_index":""},"product_cat":[59],"product_tag":[137],"_links":{"self":[{"href":"https:\/\/acenoxkitchenequipment.com\/fr\/wp-json\/wp\/v2\/product\/4727"}],"collection":[{"href":"https:\/\/acenoxkitchenequipment.com\/fr\/wp-json\/wp\/v2\/product"}],"about":[{"href":"https:\/\/acenoxkitchenequipment.com\/fr\/wp-json\/wp\/v2\/types\/product"}],"replies":[{"embeddable":true,"href":"https:\/\/acenoxkitchenequipment.com\/fr\/wp-json\/wp\/v2\/comments?post=4727"}],"version-history":[{"count":0,"href":"https:\/\/acenoxkitchenequipment.com\/fr\/wp-json\/wp\/v2\/product\/4727\/revisions"}],"wp:featuredmedia":[{"embeddable":true,"href":"https:\/\/acenoxkitchenequipment.com\/fr\/wp-json\/wp\/v2\/media\/5429"}],"wp:attachment":[{"href":"https:\/\/acenoxkitchenequipment.com\/fr\/wp-json\/wp\/v2\/media?parent=4727"}],"wp:term":[{"taxonomy":"product_cat","embeddable":true,"href":"https:\/\/acenoxkitchenequipment.com\/fr\/wp-json\/wp\/v2\/product_cat?post=4727"},{"taxonomy":"product_tag","embeddable":true,"href":"https:\/\/acenoxkitchenequipment.com\/fr\/wp-json\/wp\/v2\/product_tag?post=4727"}],"curies":[{"name":"wp","href":"https:\/\/api.w.org\/{rel}","templated":true}]}}