{"id":4725,"date":"2023-04-12T08:54:37","date_gmt":"2023-04-12T00:54:37","guid":{"rendered":"https:\/\/acenoxkitchenequipment.com\/?post_type=product&#038;p=4725"},"modified":"2023-10-18T20:36:20","modified_gmt":"2023-10-18T12:36:20","slug":"countertop-display-refrigerator","status":"publish","type":"product","link":"https:\/\/acenoxkitchenequipment.com\/fr\/produit\/countertop-display-refrigerator\/","title":{"rendered":"R\u00e9frig\u00e9rateur d&#039;affichage de comptoir pour g\u00e2teaux"},"content":{"rendered":"<h3>R\u00e9frig\u00e9rateur d&#039;affichage de comptoir pour g\u00e2teaux<\/h3>\n<p><strong>Caract\u00e9ristiques:<\/strong><\/p>\n<p>La vitrine de refroidissement de comptoir est petite et occupe moins d&#039;espace, la forme et la couleur peuvent \u00eatre personnalis\u00e9es par nos soins<\/p>\n<p>Les lunettes incurv\u00e9es sont belles et \u00e9l\u00e9gantes. La couleur de l&#039;acier inoxydable peut \u00eatre personnalis\u00e9e, comme la couleur dor\u00e9e, la couleur noire, la couleur dor\u00e9e rose, etc.<\/p>\n<ol>\n<li><strong>Compresseur:<\/strong> Compresseur Embraco ou marque Donper au choix (R134a\/R290)<\/li>\n<li><strong>Contr\u00f4leur de temp\u00e9rature:<\/strong> Marque Italie Dixell ou Carel<\/li>\n<li><strong>Sous-sol:<\/strong> Socle en acier inoxydable 430 \/ 201 avec mousse Cyclopentane int\u00e9gr\u00e9e \u00e0 l&#039;int\u00e9rieur, couleur noire<\/li>\n<li><strong>Lunettes:<\/strong> Lunettes \u00e0 faible \u00e9missivit\u00e9 avanc\u00e9es \u00e0 d\u00e9sembuage automatique<\/li>\n<li>Verre tremp\u00e9 creux double couche (verre Low-E), antid\u00e9flagrant<\/li>\n<li><strong>Autres \u00e9l\u00e9ments\u00a0:<\/strong> Condensat et \u00e9vaporateur enti\u00e8rement cuivreux<\/li>\n<li><strong>\u00c9tag\u00e8res:<\/strong> Trois \u00e9tag\u00e8res Layer enti\u00e8rement en acier inoxydable + aluminium<\/li>\n<li><strong>Des portes:<\/strong> Deux portes coulissantes en verre antibu\u00e9e avec une bonne propri\u00e9t\u00e9 d&#039;\u00e9tanch\u00e9it\u00e9<\/li>\n<li><strong>Lumi\u00e8re:<\/strong> Lumi\u00e8re LED blanche chaude ou froide au choix<\/li>\n<\/ol>\n<p>Veuillez cliquer sur les sp\u00e9cifications pour v\u00e9rifier les diff\u00e9rentes tailles<\/p>\n<p>Remarque\u00a0:\u00a0Environnement applicable\u00a0: temp\u00e9rature ambiante inf\u00e9rieure \u00e0 32 \u2103<\/p>\n<p>&nbsp;<\/p>\n<p>&nbsp;<\/p>\n<p>&nbsp;<\/p>\n<p>&nbsp;<\/p>\n<p>&nbsp;<\/p>","protected":false},"excerpt":{"rendered":"<p>La vitrine de refroidissement de comptoir est petite et occupe moins d&#039;espace, la forme et la couleur peuvent \u00eatre personnalis\u00e9es par nos soins. Le service OEM et ODM est disponible.<\/p>","protected":false},"featured_media":6038,"comment_status":"open","ping_status":"closed","template":"","meta":{"_seopress_robots_primary_cat":"none","_seopress_titles_title":"Countertop Display Refrigerator For Cakes %%sitetitle%%","_seopress_titles_desc":"Countertop Display Refrigerator is small and occupy less spaces, shape and color could be customized by us. OEM&amp;ODM service. Delivery by sea from China Port.","_seopress_robots_index":""},"product_cat":[59],"product_tag":[137],"_links":{"self":[{"href":"https:\/\/acenoxkitchenequipment.com\/fr\/wp-json\/wp\/v2\/product\/4725"}],"collection":[{"href":"https:\/\/acenoxkitchenequipment.com\/fr\/wp-json\/wp\/v2\/product"}],"about":[{"href":"https:\/\/acenoxkitchenequipment.com\/fr\/wp-json\/wp\/v2\/types\/product"}],"replies":[{"embeddable":true,"href":"https:\/\/acenoxkitchenequipment.com\/fr\/wp-json\/wp\/v2\/comments?post=4725"}],"version-history":[{"count":0,"href":"https:\/\/acenoxkitchenequipment.com\/fr\/wp-json\/wp\/v2\/product\/4725\/revisions"}],"wp:featuredmedia":[{"embeddable":true,"href":"https:\/\/acenoxkitchenequipment.com\/fr\/wp-json\/wp\/v2\/media\/6038"}],"wp:attachment":[{"href":"https:\/\/acenoxkitchenequipment.com\/fr\/wp-json\/wp\/v2\/media?parent=4725"}],"wp:term":[{"taxonomy":"product_cat","embeddable":true,"href":"https:\/\/acenoxkitchenequipment.com\/fr\/wp-json\/wp\/v2\/product_cat?post=4725"},{"taxonomy":"product_tag","embeddable":true,"href":"https:\/\/acenoxkitchenequipment.com\/fr\/wp-json\/wp\/v2\/product_tag?post=4725"}],"curies":[{"name":"wp","href":"https:\/\/api.w.org\/{rel}","templated":true}]}}