{"id":4723,"date":"2023-04-11T14:23:04","date_gmt":"2023-04-11T06:23:04","guid":{"rendered":"https:\/\/acenoxkitchenequipment.com\/?post_type=product&#038;p=4723"},"modified":"2024-01-29T21:34:13","modified_gmt":"2024-01-29T13:34:13","slug":"counter-top-cake-display-fridge","status":"publish","type":"product","link":"https:\/\/acenoxkitchenequipment.com\/fr\/produit\/counter-top-cake-display-fridge\/","title":{"rendered":"R\u00e9frig\u00e9rateur d&#039;affichage de g\u00e2teau de comptoir"},"content":{"rendered":"<h3>R\u00e9frig\u00e9rateur d&#039;affichage de g\u00e2teau de comptoir<\/h3>\n<p>Ce r\u00e9frig\u00e9rateur pr\u00e9sentoir \u00e0 g\u00e2teaux est une option polyvalente pour les entreprises, sa petite taille permet aux entreprises de le conserver sur un comptoir ou une table. il permet de conserver des rafra\u00eechissements, des friandises, des boissons et m\u00eame des cosm\u00e9tiques. Le r\u00e9frig\u00e9rateur est tout simplement le moyen de montrer comment votre entreprise est organis\u00e9e. De plus, cette organisation rend tous les produits plus attractifs pour les acheteurs.<\/p>\n<p>La fonction principale du r\u00e9frig\u00e9rateur comptoir est d\u2019am\u00e9liorer la visibilit\u00e9 de tous les produits. De cette fa\u00e7on, cela am\u00e9liore l\u2019exp\u00e9rience d\u2019achat de tous les clients. En cons\u00e9quence, l\u2019industrie alimentaire convertit davantage de prospects en ventes potentielles. Avec une pr\u00e9sentation de produits plus attrayante, les entreprises peuvent attirer plus de clients.<\/p>\n<p>C&#039;est le mod\u00e8le le plus r\u00e9cent actuellement, joint de lunettes \u00e0 angle droit, semble \u00e9l\u00e9gant. la couleur de l&#039;acier inoxydable peut \u00eatre personnalis\u00e9e.<\/p>\n<h3><strong>Caract\u00e9ristiques du r\u00e9frig\u00e9rateur d&#039;affichage de g\u00e2teau de comptoir\u00a0:<\/strong><\/h3>\n<ol>\n<li><strong>Compresseur:<\/strong> Compresseur Embraco ou marque Donper au choix (R134a\/R290)<\/li>\n<li><strong>Contr\u00f4leur de temp\u00e9rature:<\/strong> Marque Italie Dixell ou Carel<\/li>\n<li><strong>Sous-sol:<\/strong> Socle en acier inoxydable 430 \/ 201 avec mousse Cyclopentane int\u00e9gr\u00e9e \u00e0 l&#039;int\u00e9rieur, couleur noire<\/li>\n<li><strong>Lunettes:<\/strong> Lunettes \u00e0 faible \u00e9missivit\u00e9 avanc\u00e9es \u00e0 d\u00e9sembuage automatique<\/li>\n<li>Verre tremp\u00e9 creux double couche (verre Low-E), antid\u00e9flagrant<\/li>\n<li><strong>Autres \u00e9l\u00e9ments\u00a0:<\/strong> Condensat et \u00e9vaporateur enti\u00e8rement cuivreux<\/li>\n<li><strong>\u00c9tag\u00e8res:<\/strong> Trois \u00e9tag\u00e8res Layer enti\u00e8rement en acier inoxydable + aluminium<\/li>\n<li><strong>Des portes:<\/strong> Deux portes coulissantes en verre antibu\u00e9e avec une bonne propri\u00e9t\u00e9 d&#039;\u00e9tanch\u00e9it\u00e9<\/li>\n<li><strong>Lumi\u00e8re:<\/strong> Lumi\u00e8re LED blanche chaude ou froide au choix<\/li>\n<\/ol>\n<p>Veuillez cliquer sur les sp\u00e9cifications pour v\u00e9rifier les diff\u00e9rentes tailles<\/p>\n<p>Environnement Applicable\u00a0: temp\u00e9rature ambiante inf\u00e9rieure \u00e0 35 \u2103<\/p>\n<h4><strong>Avantages :<\/strong><\/h4>\n<p>Les produits faciles d\u2019acc\u00e8s et pr\u00eats \u00e0 consommer attirent davantage de clients. La visibilit\u00e9 du produit et ce r\u00e9frig\u00e9rateur de comptoir am\u00e9liorent \u00e9galement votre image de marque. Cela vous aidera \u00e0 laisser une impression positive aux clients et \u00e0 am\u00e9liorer vos ventes.<\/p>\n<p>Les portes et \u00e9tag\u00e8res en verre de ce r\u00e9frig\u00e9rateur aident les clients \u00e0 voir tous les produits de l&#039;ext\u00e9rieur. Ils ont ainsi une id\u00e9e de ce qu&#039;ils doivent acheter. Il ne faut jamais n\u00e9gliger cette solution pour nouer des relations clients.<\/p>\n<p>&nbsp;<\/p>\n<p>&nbsp;<\/p>\n<p>&nbsp;<\/p>\n<p>&nbsp;<\/p>\n<p>&nbsp;<\/p>","protected":false},"excerpt":{"rendered":"<p>Les r\u00e9frig\u00e9rateurs \u00e0 g\u00e2teaux de comptoir sont compacts et peuvent \u00eatre plac\u00e9s sur des comptoirs ou des surfaces plus petites, maximisant ainsi l&#039;utilisation de l&#039;espace. Leur taille r\u00e9duite en fait une option rentable pour les entreprises ayant des contraintes budg\u00e9taires<\/p>","protected":false},"featured_media":7722,"comment_status":"open","ping_status":"closed","template":"","meta":{"_seopress_robots_primary_cat":"none","_seopress_titles_title":"Countertop Cake Display Fridge %%sep%%Small Cake Display Fridge","_seopress_titles_desc":"Counter Top Cake Display Fridges are compact and can be placed on countertops or smaller surfaces, space utilization maximized and cost-effective. Factory Supply","_seopress_robots_index":""},"product_cat":[59],"product_tag":[138],"_links":{"self":[{"href":"https:\/\/acenoxkitchenequipment.com\/fr\/wp-json\/wp\/v2\/product\/4723"}],"collection":[{"href":"https:\/\/acenoxkitchenequipment.com\/fr\/wp-json\/wp\/v2\/product"}],"about":[{"href":"https:\/\/acenoxkitchenequipment.com\/fr\/wp-json\/wp\/v2\/types\/product"}],"replies":[{"embeddable":true,"href":"https:\/\/acenoxkitchenequipment.com\/fr\/wp-json\/wp\/v2\/comments?post=4723"}],"version-history":[{"count":0,"href":"https:\/\/acenoxkitchenequipment.com\/fr\/wp-json\/wp\/v2\/product\/4723\/revisions"}],"wp:featuredmedia":[{"embeddable":true,"href":"https:\/\/acenoxkitchenequipment.com\/fr\/wp-json\/wp\/v2\/media\/7722"}],"wp:attachment":[{"href":"https:\/\/acenoxkitchenequipment.com\/fr\/wp-json\/wp\/v2\/media?parent=4723"}],"wp:term":[{"taxonomy":"product_cat","embeddable":true,"href":"https:\/\/acenoxkitchenequipment.com\/fr\/wp-json\/wp\/v2\/product_cat?post=4723"},{"taxonomy":"product_tag","embeddable":true,"href":"https:\/\/acenoxkitchenequipment.com\/fr\/wp-json\/wp\/v2\/product_tag?post=4723"}],"curies":[{"name":"wp","href":"https:\/\/api.w.org\/{rel}","templated":true}]}}