{"id":4717,"date":"2023-03-26T17:41:29","date_gmt":"2023-03-26T09:41:29","guid":{"rendered":"https:\/\/acenoxkitchenequipment.com\/?post_type=product&#038;p=4717"},"modified":"2023-10-18T20:37:06","modified_gmt":"2023-10-18T12:37:06","slug":"refrigerated-pastry-cabinet-golden-color","status":"publish","type":"product","link":"https:\/\/acenoxkitchenequipment.com\/fr\/produit\/refrigerated-pastry-cabinet-golden-color\/","title":{"rendered":"Armoire P\u00e2tissi\u00e8re R\u00e9frig\u00e9r\u00e9e Couleur Dor\u00e9"},"content":{"rendered":"<h3>Vitrine r\u00e9frig\u00e9r\u00e9e pour p\u00e2tisserie, couleur dor\u00e9e<\/h3>\n<p><strong>Caract\u00e9ristiques:<\/strong><\/p>\n<p>Socle en acier inoxydable de couleur dor\u00e9e<\/p>\n<p>Cette armoire \u00e0 p\u00e2tisserie est le mod\u00e8le le plus r\u00e9cent actuellement, joint de verres \u00e0 angle droit, semble \u00e9l\u00e9gant. la couleur de l&#039;acier inoxydable peut \u00eatre personnalis\u00e9e.<\/p>\n<ol>\n<li><strong>Compresseur:<\/strong> Compresseur Embraco ou marque Donper au choix (R134a\/R290)<\/li>\n<li><strong>Contr\u00f4leur de temp\u00e9rature:<\/strong> Marque Italie Dixell ou Carel<\/li>\n<li><strong>Sous-sol:<\/strong> Socle en acier inoxydable 430 \/ 201 avec mousse Cyclopentane int\u00e9gr\u00e9e \u00e0 l&#039;int\u00e9rieur, couleur noire<\/li>\n<li><strong>Lunettes:<\/strong> Lunettes \u00e0 faible \u00e9missivit\u00e9 avanc\u00e9es \u00e0 d\u00e9sembuage automatique<\/li>\n<li>Verre tremp\u00e9 creux double couche (verre Low-E), antid\u00e9flagrant<\/li>\n<li><strong>Autres \u00e9l\u00e9ments\u00a0:<\/strong> Condensat et \u00e9vaporateur enti\u00e8rement cuivreux<\/li>\n<li><strong>\u00c9tag\u00e8res:<\/strong> Trois \u00e9tag\u00e8res Layer enti\u00e8rement en acier inoxydable + aluminium<\/li>\n<li><strong>Des portes:<\/strong> Deux portes coulissantes en verre antibu\u00e9e avec une bonne propri\u00e9t\u00e9 d&#039;\u00e9tanch\u00e9it\u00e9<\/li>\n<li><strong>Lumi\u00e8re:<\/strong> Lumi\u00e8re LED blanche chaude ou froide au choix<\/li>\n<\/ol>\n<p>Veuillez cliquer sur les sp\u00e9cifications pour v\u00e9rifier les diff\u00e9rentes tailles<\/p>\n<p>Remarque\u00a0:\u00a0Environnement applicable\u00a0: temp\u00e9rature ambiante inf\u00e9rieure \u00e0 32 \u2103<\/p>\n<p>&nbsp;<\/p>\n<p>&nbsp;<\/p>\n<p>&nbsp;<\/p>\n<p>&nbsp;<\/p>\n<p>&nbsp;<\/p>\n<p>&nbsp;<\/p>\n<p>&nbsp;<\/p>","protected":false},"excerpt":{"rendered":"<p>Armoire \u00e0 p\u00e2tisserie r\u00e9frig\u00e9r\u00e9e \u00e0 refroidissement par ventilateur, avec un volume d&#039;affichage \u00e9lev\u00e9, des verres antibu\u00e9e, la mousse du sous-sol est r\u00e9alis\u00e9e \u00e0 l&#039;aide d&#039;un moule avec une bonne \u00e9tanch\u00e9it\u00e9, ce qui peut maintenir l&#039;air frais \u00e0 l&#039;int\u00e9rieur et r\u00e9duire la perte d&#039;\u00e9nergie.<\/p>","protected":false},"featured_media":6026,"comment_status":"open","ping_status":"closed","template":"","meta":{"_seopress_robots_primary_cat":"none","_seopress_titles_title":"","_seopress_titles_desc":"Fan cooling Refrigerated Pastry Cabinet &amp; case, with high display volume, anti-fog glasses, basement foaming is made by mould with good sealing","_seopress_robots_index":""},"product_cat":[59],"product_tag":[51],"_links":{"self":[{"href":"https:\/\/acenoxkitchenequipment.com\/fr\/wp-json\/wp\/v2\/product\/4717"}],"collection":[{"href":"https:\/\/acenoxkitchenequipment.com\/fr\/wp-json\/wp\/v2\/product"}],"about":[{"href":"https:\/\/acenoxkitchenequipment.com\/fr\/wp-json\/wp\/v2\/types\/product"}],"replies":[{"embeddable":true,"href":"https:\/\/acenoxkitchenequipment.com\/fr\/wp-json\/wp\/v2\/comments?post=4717"}],"version-history":[{"count":0,"href":"https:\/\/acenoxkitchenequipment.com\/fr\/wp-json\/wp\/v2\/product\/4717\/revisions"}],"wp:featuredmedia":[{"embeddable":true,"href":"https:\/\/acenoxkitchenequipment.com\/fr\/wp-json\/wp\/v2\/media\/6026"}],"wp:attachment":[{"href":"https:\/\/acenoxkitchenequipment.com\/fr\/wp-json\/wp\/v2\/media?parent=4717"}],"wp:term":[{"taxonomy":"product_cat","embeddable":true,"href":"https:\/\/acenoxkitchenequipment.com\/fr\/wp-json\/wp\/v2\/product_cat?post=4717"},{"taxonomy":"product_tag","embeddable":true,"href":"https:\/\/acenoxkitchenequipment.com\/fr\/wp-json\/wp\/v2\/product_tag?post=4717"}],"curies":[{"name":"wp","href":"https:\/\/api.w.org\/{rel}","templated":true}]}}